{"id":800,"date":"2017-12-15T08:22:09","date_gmt":"2017-12-15T08:22:09","guid":{"rendered":"http:\/\/www.degren.eu\/index.php\/concepto-de-ecodiseno-copy\/"},"modified":"2023-05-09T10:43:30","modified_gmt":"2023-05-09T08:43:30","slug":"recursos","status":"publish","type":"page","link":"http:\/\/www.degren.eu\/?page_id=800","title":{"rendered":"RECURSOS"},"content":{"rendered":"<!-- wp:themify-builder\/canvas \/-->","protected":false},"excerpt":{"rendered":"","protected":false},"author":6,"featured_media":0,"parent":0,"menu_order":0,"comment_status":"closed","ping_status":"closed","template":"","meta":{"footnotes":""},"class_list":["post-800","page","type-page","status-publish","hentry","has-post-title","has-post-date","has-post-category","has-post-tag","has-post-comment","has-post-author",""],"builder_content":"<ul id=\"menu-menu-superior\"><li id=\"menu-item-234\"><a href=\"http:\/\/www.degren.eu\"><img src=\"http:\/\/www.degren.eu\/wp-content\/uploads\/2018\/10\/logotipo-peque\u00f1o.png\" alt=\"inicio\" width=\"400\"><\/a><\/li> <li id=\"menu-item-638\"><a href=\"http:\/\/www.degren.eu\/?page_id=11\">\u00bfQUE ES?<\/a> <ul> <li id=\"menu-item-2007\"><a href=\"http:\/\/www.degren.eu\/?page_id=11\">\u00a0\u00a0\u00bfQUE ES?<\/a><\/li> <li id=\"menu-item-639\"><a href=\"http:\/\/www.degren.eu\/?page_id=594\">\u00a0\u00a0\u00bfQUIENES SOMOS?<\/a><\/li> <li id=\"menu-item-727\"><a href=\"http:\/\/www.degren.eu\/?page_id=719\">\u00a0\u00a0RESULTADOS DEL PROYECTO<\/a><\/li> <li id=\"menu-item-5121\"><a href=\"http:\/\/www.degren.eu\/?page_id=5119\">\u00a0\u00a0\u00bfQUE DICEN DE NOSOTROS?<\/a><\/li> <li id=\"menu-item-1040\"><a href=\"http:\/\/www.degren.eu\/?page_id=1033\">\u00a0\u00a0CONTACTO<\/a><\/li> <\/ul> <\/li> <li id=\"menu-item-798\"><a href=\"http:\/\/www.degren.eu\/?page_id=791\">ECODISE\u00d1O<\/a><\/li> <li id=\"menu-item-806\"><a href=\"http:\/\/www.degren.eu\/?page_id=800\">RECURSOS<\/a> <ul> <li id=\"menu-item-2177\"><a href=\"http:\/\/www.degren.eu\/?page_id=800\">RECURSOS<\/a><\/li> <\/ul> <\/li> <li id=\"menu-item-2766\"><a href=\"http:\/\/www.degren.eu\/?page_id=2190\">NOTICIAS<\/a> <ul> <li id=\"menu-item-2768\"><a href=\"http:\/\/www.degren.eu\/?page_id=2190\">NOTICIAS<\/a><\/li> <li id=\"menu-item-2567\"><a href=\"http:\/\/www.degren.eu\/?page_id=2143\">\u00a0\u00a0NEWSLETTER<\/a><\/li> <\/ul> <\/li> <li id=\"menu-item-2767\"><a href=\"http:\/\/www.degren.eu\/?page_id=2778\">ACTIVIDADES<\/a> <ul> <li id=\"menu-item-1317\"><a href=\"http:\/\/www.degren.eu\/?page_id=1310\">\u00a0\u00a0EVENTOS<\/a><\/li> <li id=\"menu-item-4786\"><a target=\"_blank\" href=\"http:\/\/1eem.degren.eu\/\">1er EUROACE ECODESIGN MEETING<\/a><\/li> <\/ul> <\/li> <li id=\"menu-item-986\"><a href=\"#pll_switcher\">Idiomas<\/a><\/li> <\/ul>\n<a href=\"http:\/\/www.degren.eu\/?page_id=2143\"> <img src=\"http:\/\/www.degren.eu\/wp-content\/uploads\/2017\/12\/imago_manu.jpg\" title=\"imago_manu\" alt=\"imago_manu\"> <\/a>\n<table style=\"width: 328px;\"><tbody><tr><td style=\"width: 318px;\"><img src=\"http:\/\/www.degren.eu\/wp-content\/uploads\/2017\/12\/kapput.jpg\" alt=\"\" width=\"600\" height=\"600\" \/><\/td><\/tr><tr><td style=\"width: 318px; text-align: left;\">kaputt.de: Premio de Ecodise\u00f1o Alemania 2017 en la categor\u00eda de servicios. App que conecta a usuarios para reparar y reutilizar dispositivos electr\u00f3nicos.<br \/><strong><a href=\"https:\/\/bundespreis-ecodesign.de\/en\/wettbewerb\/2017\/preistraeger.html\" target=\"_blank\" rel=\"noopener\">+info<\/a><\/strong><\/td><\/tr><\/tbody><\/table><p>\u00a0<\/p>\n<h2 style=\"margin-bottom: -5px;\"><strong>RECURSOS<\/strong><\/h2> <hr style=\"margin-bottom: 20px;\" \/> <p style=\"text-align: justify;\">En este \u00e1rea tendr\u00e1s disponible aquellos materiales que se desarrollen durante la vida del proyecto<\/p> <p><\/p> <h4><strong>Gu\u00edas de Ecodise\u00f1o<\/strong><\/h4> <ul> <li><a href=\"http:\/\/www.degren.eu\/wp-content\/uploads\/2020\/05\/DEGREN-SMCS.pdf\" target=\"_blank\" rel=\"noopener\">Gu\u00eda de ECODISE\u00d1O para la selecci\u00f3n de materiales de construcci\u00f3n sostenibles<\/a><\/li> <li><a href=\"http:\/\/www.degren.eu\/wp-content\/uploads\/2021\/04\/Guia_de_ECODISENO_para_el_sector_del_envase_y_embalaje.pdf\" target=\"_blank\" rel=\"noopener\">Gu\u00eda de ECODISE\u00d1O para el sector del envase y embalaje<\/a><\/li> <\/ul> <hr style=\"margin-bottom: 20px;\" \/> <h4><strong>Gu\u00eda de modelos de negocios<\/strong><\/h4> <ul> <li><a href=\"http:\/\/www.degren.eu\/wp-content\/uploads\/2020\/11\/Gu\u00eda_mod_neg_ecoinnovadores_basados_ecodise\u00f1o_ES.pdf\" target=\"_blank\" rel=\"noopener\">Gu\u00eda de modelos de negocios basados en el ECODISE\u00d1O<\/a><\/li> <\/ul> <hr \/> <h4><strong>Manuales de Ecodise\u00f1o<\/strong><\/h4> <ul> <li><a href=\"http:\/\/www.degren.eu\/wp-content\/uploads\/2021\/04\/Manual_basico_de_Ecodiseno_Material docente.pdf\" target=\"_blank\" rel=\"noopener\">Manual b\u00e1sico de Ecodise\u00f1o Material docente<\/a><\/li> <li><a href=\"http:\/\/www.degren.eu\/wp-content\/uploads\/2021\/04\/Manual_avanzado_de_Ecodiseno_Material docente.pdf\" target=\"_blank\" rel=\"noopener\">Manual avanzado de Ecodise\u00f1o Material docente<\/a><\/li> <\/ul> <hr style=\"margin-bottom: 20px;\" \/> <h4><strong>Mapeo de Recursos<\/strong><\/h4> <p>En el Mapeo de Recursos podr\u00e1s encontrar un mapa con entidades que est\u00e1n vinculadas al Ecodise\u00f1o en la EUROACE. Si quieres formar parte de este mapa de Ecodise\u00f1o, accede al cuestionario y estaremos encantados de integrarte.<\/p> <h4><strong>\u00a0<\/strong><\/h4> <p><\/p>\n<a href=\"http:\/\/www.degren.eu\/?page_id=2970\" > Acceso al cuestionario <\/a>\n<p>\u00a0<\/p> <p>Accede y conocer las empresas y organismos vinculados con el Ecodise\u00f1o en la EUROACE<\/p>\n<a href=\"http:\/\/www.degren.eu\/?page_id=3525\" > Acceso al mapeo <\/a>\n<p><br\/><\/p>","_links":{"self":[{"href":"http:\/\/www.degren.eu\/index.php?rest_route=\/wp\/v2\/pages\/800","targetHints":{"allow":["GET"]}}],"collection":[{"href":"http:\/\/www.degren.eu\/index.php?rest_route=\/wp\/v2\/pages"}],"about":[{"href":"http:\/\/www.degren.eu\/index.php?rest_route=\/wp\/v2\/types\/page"}],"author":[{"embeddable":true,"href":"http:\/\/www.degren.eu\/index.php?rest_route=\/wp\/v2\/users\/6"}],"replies":[{"embeddable":true,"href":"http:\/\/www.degren.eu\/index.php?rest_route=%2Fwp%2Fv2%2Fcomments&post=800"}],"version-history":[{"count":96,"href":"http:\/\/www.degren.eu\/index.php?rest_route=\/wp\/v2\/pages\/800\/revisions"}],"predecessor-version":[{"id":5400,"href":"http:\/\/www.degren.eu\/index.php?rest_route=\/wp\/v2\/pages\/800\/revisions\/5400"}],"wp:attachment":[{"href":"http:\/\/www.degren.eu\/index.php?rest_route=%2Fwp%2Fv2%2Fmedia&parent=800"}],"curies":[{"name":"wp","href":"https:\/\/api.w.org\/{rel}","templated":true}]}}