{"id":791,"date":"2017-12-15T08:17:40","date_gmt":"2017-12-15T08:17:40","guid":{"rendered":"http:\/\/www.degren.eu\/index.php\/quienes-somos-copy\/"},"modified":"2023-05-09T09:26:24","modified_gmt":"2023-05-09T07:26:24","slug":"concepto","status":"publish","type":"page","link":"http:\/\/www.degren.eu\/?page_id=791","title":{"rendered":"CONCEPTO DE ECODISE\u00d1O"},"content":{"rendered":"<p><!--themify_builder_static--><\/p>\n<p>[wpmegamenu menu_location=\u00bbmain-nav\u00bb backgorund-color=\u00bb#ffffff\u00bb]<\/p>\n<p><a href=\"http:\/\/www.degren.eu\/?page_id=2143\"> <img decoding=\"async\" src=\"http:\/\/www.degren.eu\/wp-content\/uploads\/2017\/12\/imago_manu.jpg\" alt=\"imago_manu\"> <\/a><\/p>\n<table style=\"width: 328px;\">\n<tbody>\n<tr>\n<td style=\"width: 318px;\"><img loading=\"lazy\" decoding=\"async\" src=\"http:\/\/www.degren.eu\/wp-content\/uploads\/2017\/12\/mico_board.jpg\" alt=\"\" width=\"600\" height=\"600\"><\/td>\n<\/tr>\n<tr>\n<td style=\"width: 318px; text-align: left;\">Mico-board: el ecodise\u00f1o pasa por el uso de materiales m\u00e1s sostenibles. Tablero basado en residuos agr\u00edcolas.<br><a href=\"http:\/\/www.ecodesignlink.be\/en\/examples-database\/cases-en-2016\/myco-board-1\" target=\"_blank\" rel=\"noopener noreferrer\"><strong>+info<\/strong><\/a><\/td>\n<\/tr>\n<\/tbody>\n<\/table>\n<h2 style=\"margin-bottom: -5px;\"><strong>CONCEPTO DE ECODISE\u00d1O<\/strong><\/h2>\n<hr style=\"margin-bottom: 20px;\">\n<p style=\"text-align: justify;\">El ecodise\u00f1o, conocido tambi\u00e9n como dise\u00f1o ecol\u00f3gico o dise\u00f1o para el medio ambiente, se define, seg\u00fan la norma ISO 14006, \u00abSistemas de Gesti\u00f3n Ambiental. Directrices para la incorporaci\u00f3n del ecodise\u00f1o\u00bb, como <strong>\u00abla integraci\u00f3n de aspectos ambientales en el dise\u00f1o y desarrollo del producto con el objetivo de reducir los impactos ambientales adversos a lo largo del ciclo de vida de un producto\u00bb<\/strong>. El ecodise\u00f1o no pretende por lo tanto modificar el proceso de dise\u00f1o industrial de los productos y\/o servicios, sino complementarlo introduciendo el medio ambiente como otro factor m\u00e1s a tener en cuenta a la hora de la toma de decisiones durante el proceso de desarrollo de los productos .<\/p>\n<p style=\"text-align: justify;\">Un factor clave importante del ecodise\u00f1o es <strong>el enfoque de Ciclo de Vida<\/strong>. Se trata de considerar las interacciones de todas las etapas de la vida del producto desde la extracci\u00f3n de las materias primas, fabricaci\u00f3n, distribuci\u00f3n y uso, hasta la fase de fin de vida. Para poder desarrollar un buen producto es imprescindible que <strong>desde el primer momento del dise\u00f1o se contemplen<\/strong> <strong>las interacciones existentes entre todas las etapas<\/strong> de su vida. Esto permite tener un mayor conocimiento del propio producto, conocer d\u00f3nde est\u00e1n sus mayores impactos ambientales, visualizar los posibles traslados de cargas ambientales de una etapa a otra y poder optar por la alternativa que reduzca el impacto ambiental global.<\/p>\n<p style=\"text-align: justify;\">La importancia de incorporar la variable ambiental desde el momento de dise\u00f1o resulta clave, ya que <strong>se estima que el 80% de los impactos ambientales<\/strong> de todo el ciclo de vida de los productos <strong>se determina durante su fase de dise\u00f1o.<\/strong><\/p>\n<p style=\"text-align: justify;\">Un buen dise\u00f1o y desarrollo de los productos\/servicios en la industria es <strong>imprescindible para el propio negocio y para la competitividad de las empresas.<\/strong> Por lo tanto, la integraci\u00f3n del ecodise\u00f1o como est\u00e1ndar de calidad ambiental puede aportar sustanciales ventajas competitivas para una organizaci\u00f3n.<\/p>\n<p><!--\/themify_builder_static--><\/p>\n\n<!-- wp:themify-builder\/canvas \/-->","protected":false},"excerpt":{"rendered":"<p>[wpmegamenu menu_location=\u00bbmain-nav\u00bb backgorund-color=\u00bb#ffffff\u00bb] Mico-board: el ecodise\u00f1o pasa por el uso de materiales m\u00e1s sostenibles. Tablero basado en residuos agr\u00edcolas.+info CONCEPTO DE ECODISE\u00d1O El ecodise\u00f1o, conocido tambi\u00e9n como dise\u00f1o ecol\u00f3gico o [&hellip;]<\/p>\n","protected":false},"author":6,"featured_media":0,"parent":0,"menu_order":0,"comment_status":"closed","ping_status":"closed","template":"","meta":{"footnotes":""},"class_list":["post-791","page","type-page","status-publish","hentry","has-post-title","has-post-date","has-post-category","has-post-tag","has-post-comment","has-post-author",""],"builder_content":"<ul id=\"menu-menu-superior\"><li id=\"menu-item-234\"><a href=\"http:\/\/www.degren.eu\"><img src=\"http:\/\/www.degren.eu\/wp-content\/uploads\/2018\/10\/logotipo-peque\u00f1o.png\" alt=\"inicio\" width=\"400\"><\/a><\/li> <li id=\"menu-item-638\"><a href=\"http:\/\/www.degren.eu\/?page_id=11\">\u00bfQUE ES?<\/a> <ul> <li id=\"menu-item-2007\"><a href=\"http:\/\/www.degren.eu\/?page_id=11\">\u00a0\u00a0\u00bfQUE ES?<\/a><\/li> <li id=\"menu-item-639\"><a href=\"http:\/\/www.degren.eu\/?page_id=594\">\u00a0\u00a0\u00bfQUIENES SOMOS?<\/a><\/li> <li id=\"menu-item-727\"><a href=\"http:\/\/www.degren.eu\/?page_id=719\">\u00a0\u00a0RESULTADOS DEL PROYECTO<\/a><\/li> <li id=\"menu-item-5121\"><a href=\"http:\/\/www.degren.eu\/?page_id=5119\">\u00a0\u00a0\u00bfQUE DICEN DE NOSOTROS?<\/a><\/li> <li id=\"menu-item-1040\"><a href=\"http:\/\/www.degren.eu\/?page_id=1033\">\u00a0\u00a0CONTACTO<\/a><\/li> <\/ul> <\/li> <li id=\"menu-item-798\"><a href=\"http:\/\/www.degren.eu\/?page_id=791\">ECODISE\u00d1O<\/a><\/li> <li id=\"menu-item-806\"><a href=\"http:\/\/www.degren.eu\/?page_id=800\">RECURSOS<\/a> <ul> <li id=\"menu-item-2177\"><a href=\"http:\/\/www.degren.eu\/?page_id=800\">RECURSOS<\/a><\/li> <\/ul> <\/li> <li id=\"menu-item-2766\"><a href=\"http:\/\/www.degren.eu\/?page_id=2190\">NOTICIAS<\/a> <ul> <li id=\"menu-item-2768\"><a href=\"http:\/\/www.degren.eu\/?page_id=2190\">NOTICIAS<\/a><\/li> <li id=\"menu-item-2567\"><a href=\"http:\/\/www.degren.eu\/?page_id=2143\">\u00a0\u00a0NEWSLETTER<\/a><\/li> <\/ul> <\/li> <li id=\"menu-item-2767\"><a href=\"http:\/\/www.degren.eu\/?page_id=2778\">ACTIVIDADES<\/a> <ul> <li id=\"menu-item-1317\"><a href=\"http:\/\/www.degren.eu\/?page_id=1310\">\u00a0\u00a0EVENTOS<\/a><\/li> <li id=\"menu-item-4786\"><a target=\"_blank\" href=\"http:\/\/1eem.degren.eu\/\">1er EUROACE ECODESIGN MEETING<\/a><\/li> <\/ul> <\/li> <li id=\"menu-item-986\"><a href=\"#pll_switcher\">Idiomas<\/a><\/li> <\/ul>\n<a href=\"http:\/\/www.degren.eu\/?page_id=2143\"> <img src=\"http:\/\/www.degren.eu\/wp-content\/uploads\/2017\/12\/imago_manu.jpg\" title=\"imago_manu\" alt=\"imago_manu\"> <\/a>\n<table class=\\\" aligncenter\\\" style=\\\"width: 328px;\\\"><tbody><tr><td style=\\\"width: 318px;\\\"><img class=\\\"aligncenter wp-image-1295 size-full\\\" src=\\\"http:\/\/www.degren.eu\/wp-content\/uploads\/2017\/12\/mico_board.jpg\\\" alt=\\\"\\\" width=\\\"600\\\" height=\\\"600\\\" \/><\/td><\/tr><tr><td style=\\\"width: 318px; text-align: left;\\\">Mico-board: el ecodise\u00f1o pasa por el uso de materiales m\u00e1s sostenibles. Tablero basado en residuos agr\u00edcolas.<br \/><a href=\\\"http:\/\/www.ecodesignlink.be\/en\/examples-database\/cases-en-2016\/myco-board-1\\\" target=\\\"_blank\\\" rel=\\\"noopener\\\"><strong>+info<\/strong><\/a><\/td><\/tr><\/tbody><\/table><p>\u00a0<\/p>\n<h2 style=\\\"margin-bottom: -5px;\\\"><strong>CONCEPTO DE ECODISE\u00d1O<\/strong><\/h2><hr style=\\\"margin-bottom: 20px;\\\" \/><p style=\\\"text-align: justify;\\\">El ecodise\u00f1o, conocido tambi\u00e9n como dise\u00f1o ecol\u00f3gico o dise\u00f1o para el medio ambiente, se define, seg\u00fan la norma ISO 14006, \u00abSistemas de Gesti\u00f3n Ambiental. Directrices para la incorporaci\u00f3n del ecodise\u00f1o\u00bb, como <strong>\u00abla integraci\u00f3n de aspectos ambientales en el dise\u00f1o y desarrollo del producto con el objetivo de reducir los impactos ambientales adversos a lo largo del ciclo de vida de un producto\u00bb<\/strong>. El ecodise\u00f1o no pretende por lo tanto modificar el proceso de dise\u00f1o industrial de los productos y\/o servicios, sino complementarlo introduciendo el medio ambiente como otro factor m\u00e1s a tener en cuenta a la hora de la toma de decisiones durante el proceso de desarrollo de los productos .<\/p><p style=\\\"text-align: justify;\\\">Un factor clave importante del ecodise\u00f1o es <strong>el enfoque de Ciclo de Vida<\/strong>. Se trata de considerar las interacciones de todas las etapas de la vida del producto desde la extracci\u00f3n de las materias primas, fabricaci\u00f3n, distribuci\u00f3n y uso, hasta la fase de fin de vida. Para poder desarrollar un buen producto es imprescindible que <strong>desde el primer momento del dise\u00f1o se contemplen<\/strong> <strong>las interacciones existentes entre todas las etapas<\/strong> de su vida. Esto permite tener un mayor conocimiento del propio producto, conocer d\u00f3nde est\u00e1n sus mayores impactos ambientales, visualizar los posibles traslados de cargas ambientales de una etapa a otra y poder optar por la alternativa que reduzca el impacto ambiental global.<\/p><p style=\\\"text-align: justify;\\\">La importancia de incorporar la variable ambiental desde el momento de dise\u00f1o resulta clave, ya que <strong>se estima que el 80% de los impactos ambientales<\/strong> de todo el ciclo de vida de los productos <strong>se determina durante su fase de dise\u00f1o.<\/strong><\/p><p style=\\\"text-align: justify;\\\">Un buen dise\u00f1o y desarrollo de los productos\/servicios en la industria es <strong>imprescindible para el propio negocio y para la competitividad de las empresas.<\/strong> Por lo tanto, la integraci\u00f3n del ecodise\u00f1o como est\u00e1ndar de calidad ambiental puede aportar sustanciales ventajas competitivas para una organizaci\u00f3n.<\/p>","_links":{"self":[{"href":"http:\/\/www.degren.eu\/index.php?rest_route=\/wp\/v2\/pages\/791","targetHints":{"allow":["GET"]}}],"collection":[{"href":"http:\/\/www.degren.eu\/index.php?rest_route=\/wp\/v2\/pages"}],"about":[{"href":"http:\/\/www.degren.eu\/index.php?rest_route=\/wp\/v2\/types\/page"}],"author":[{"embeddable":true,"href":"http:\/\/www.degren.eu\/index.php?rest_route=\/wp\/v2\/users\/6"}],"replies":[{"embeddable":true,"href":"http:\/\/www.degren.eu\/index.php?rest_route=%2Fwp%2Fv2%2Fcomments&post=791"}],"version-history":[{"count":40,"href":"http:\/\/www.degren.eu\/index.php?rest_route=\/wp\/v2\/pages\/791\/revisions"}],"predecessor-version":[{"id":5398,"href":"http:\/\/www.degren.eu\/index.php?rest_route=\/wp\/v2\/pages\/791\/revisions\/5398"}],"wp:attachment":[{"href":"http:\/\/www.degren.eu\/index.php?rest_route=%2Fwp%2Fv2%2Fmedia&parent=791"}],"curies":[{"name":"wp","href":"https:\/\/api.w.org\/{rel}","templated":true}]}}