{"id":719,"date":"2017-12-14T12:24:46","date_gmt":"2017-12-14T12:24:46","guid":{"rendered":"http:\/\/www.degren.eu\/index.php\/que-es-copy\/"},"modified":"2023-05-09T09:08:31","modified_gmt":"2023-05-09T07:08:31","slug":"resultados","status":"publish","type":"page","link":"http:\/\/www.degren.eu\/?page_id=719","title":{"rendered":"RESULTADOS DEL PROYECTO"},"content":{"rendered":"<p><!--themify_builder_static--><\/p>\n<p>[wpmegamenu menu_location=\u00bbmain-nav\u00bb backgorund-color=\u00bb#ffffff\u00bb]<\/p>\n<p><a href=\"http:\/\/www.degren.eu\/?page_id=2143\"> <img decoding=\"async\" src=\"http:\/\/www.degren.eu\/wp-content\/uploads\/2017\/12\/imago_manu.jpg\" alt=\"imago_manu\"> <\/a><\/p>\n<table style=\"width: 328px;\">\n<tbody>\n<tr>\n<td style=\"width: 318px;\"><img loading=\"lazy\" decoding=\"async\" src=\"http:\/\/www.degren.eu\/wp-content\/uploads\/2017\/12\/trofeo.jpg\" alt=\"\" width=\"600\" height=\"600\"><\/td>\n<\/tr>\n<tr>\n<td style=\"width: 318px; text-align: left;\">Trofeo: Premios Ciencias Ambientales, dise\u00f1ado por Lucio Traficante e impreso, con criterios de sostenibilidad, en impresora 3D. <a href=\"https:\/\/www.coamb.cat\/es\/actualidad-coamb\/el-coamb-finalista-del-premio-cataluna-de-ecodiseno\/\" target=\"_blank\" rel=\"noopener\"><strong>+info<\/strong><\/a><\/td>\n<\/tr>\n<\/tbody>\n<\/table>\n<h2 style=\"margin-bottom: -5px;\"><strong>RESULTADOS DEL PROYECTO<\/strong><\/h2>\n<hr style=\"margin-bottom: 20px;\">\n<p style=\"text-align: justify;\">Entre los resultados a obtener en el marco del proyecto se encuentran:<\/p>\n<table style=\"width: 100%;\">\n<tbody>\n<tr>\n<td style=\"width: 3%; text-align: center;\" valign=\"top\">\u2022<\/td>\n<td style=\"text-align: justify;\" valign=\"top\">Puesta en marcha del Centro Transfronterizo de ECODISE\u00d1O en la EUROACE con estructura de funcionamiento, \u00e1reas de actuaci\u00f3n y toma de decisiones.<\/td>\n<\/tr>\n<tr>\n<td style=\"width: 3%; text-align: center;\" valign=\"top\">\u2022<\/td>\n<td style=\"text-align: justify;\" valign=\"top\">Articular la cooperaci\u00f3n entre empresas, centros de investigaci\u00f3n y administraci\u00f3n para desarrollar nuevos productos en los que aplicar el ECODISE\u00d1O.<\/td>\n<\/tr>\n<tr>\n<td style=\"width: 3%; text-align: center;\" valign=\"top\">\u2022<\/td>\n<td valign=\"top\">Aprovechamiento de los recursos cient\u00edficos existentes en las regiones participantes relacionadas con la I+D+i en ECODISE\u00d1O.<\/td>\n<\/tr>\n<tr>\n<td style=\"width: 3%; text-align: center;\" valign=\"top\">\u2022<\/td>\n<td valign=\"top\">Difundir entre las empresas conocimiento y casos de \u00e9xito de modelos de negocio basados en criterios de ECODISE\u00d1O.<\/td>\n<\/tr>\n<tr>\n<td style=\"width: 3%; text-align: center;\" valign=\"top\">\u2022<\/td>\n<td valign=\"top\">Mejorar la participaci\u00f3n del tejido empresarial en iniciativas innovadoras relacionadas con el ECOSIDE\u00d1O y el dise\u00f1o sostenible.<\/td>\n<\/tr>\n<tr>\n<td style=\"width: 3%; text-align: center;\">\u2022<\/td>\n<td valign=\"top\">Celebraci\u00f3n del 1er Congreso de ECODISE\u00d1O en la EUROACE.<\/td>\n<\/tr>\n<\/tbody>\n<\/table>\n<p><!--\/themify_builder_static--><\/p>\n\n<!-- wp:themify-builder\/canvas \/-->","protected":false},"excerpt":{"rendered":"<p>[wpmegamenu menu_location=\u00bbmain-nav\u00bb backgorund-color=\u00bb#ffffff\u00bb] Trofeo: Premios Ciencias Ambientales, dise\u00f1ado por Lucio Traficante e impreso, con criterios de sostenibilidad, en impresora 3D. +info RESULTADOS DEL PROYECTO Entre los resultados a obtener en [&hellip;]<\/p>\n","protected":false},"author":6,"featured_media":0,"parent":0,"menu_order":0,"comment_status":"closed","ping_status":"closed","template":"","meta":{"footnotes":""},"class_list":["post-719","page","type-page","status-publish","hentry","has-post-title","has-post-date","has-post-category","has-post-tag","has-post-comment","has-post-author",""],"builder_content":"<ul id=\"menu-menu-superior\"><li id=\"menu-item-234\"><a href=\"http:\/\/www.degren.eu\"><img src=\"http:\/\/www.degren.eu\/wp-content\/uploads\/2018\/10\/logotipo-peque\u00f1o.png\" alt=\"inicio\" width=\"400\"><\/a><\/li> <li id=\"menu-item-638\"><a href=\"http:\/\/www.degren.eu\/?page_id=11\">\u00bfQUE ES?<\/a> <ul> <li id=\"menu-item-2007\"><a href=\"http:\/\/www.degren.eu\/?page_id=11\">\u00a0\u00a0\u00bfQUE ES?<\/a><\/li> <li id=\"menu-item-639\"><a href=\"http:\/\/www.degren.eu\/?page_id=594\">\u00a0\u00a0\u00bfQUIENES SOMOS?<\/a><\/li> <li id=\"menu-item-727\"><a href=\"http:\/\/www.degren.eu\/?page_id=719\">\u00a0\u00a0RESULTADOS DEL PROYECTO<\/a><\/li> <li id=\"menu-item-5121\"><a href=\"http:\/\/www.degren.eu\/?page_id=5119\">\u00a0\u00a0\u00bfQUE DICEN DE NOSOTROS?<\/a><\/li> <li id=\"menu-item-1040\"><a href=\"http:\/\/www.degren.eu\/?page_id=1033\">\u00a0\u00a0CONTACTO<\/a><\/li> <\/ul> <\/li> <li id=\"menu-item-798\"><a href=\"http:\/\/www.degren.eu\/?page_id=791\">ECODISE\u00d1O<\/a><\/li> <li id=\"menu-item-806\"><a href=\"http:\/\/www.degren.eu\/?page_id=800\">RECURSOS<\/a> <ul> <li id=\"menu-item-2177\"><a href=\"http:\/\/www.degren.eu\/?page_id=800\">RECURSOS<\/a><\/li> <\/ul> <\/li> <li id=\"menu-item-2766\"><a href=\"http:\/\/www.degren.eu\/?page_id=2190\">NOTICIAS<\/a> <ul> <li id=\"menu-item-2768\"><a href=\"http:\/\/www.degren.eu\/?page_id=2190\">NOTICIAS<\/a><\/li> <li id=\"menu-item-2567\"><a href=\"http:\/\/www.degren.eu\/?page_id=2143\">\u00a0\u00a0NEWSLETTER<\/a><\/li> <\/ul> <\/li> <li id=\"menu-item-2767\"><a href=\"http:\/\/www.degren.eu\/?page_id=2778\">ACTIVIDADES<\/a> <ul> <li id=\"menu-item-1317\"><a href=\"http:\/\/www.degren.eu\/?page_id=1310\">\u00a0\u00a0EVENTOS<\/a><\/li> <li id=\"menu-item-4786\"><a target=\"_blank\" href=\"http:\/\/1eem.degren.eu\/\">1er EUROACE ECODESIGN MEETING<\/a><\/li> <\/ul> <\/li> <li id=\"menu-item-986\"><a href=\"#pll_switcher\">Idiomas<\/a><\/li> <\/ul>\n<a href=\"http:\/\/www.degren.eu\/?page_id=2143\"> <img src=\"http:\/\/www.degren.eu\/wp-content\/uploads\/2017\/12\/imago_manu.jpg\" title=\"imago_manu\" alt=\"imago_manu\"> <\/a>\n<table style=\"width: 328px;\"><tbody><tr><td style=\"width: 318px;\"><img src=\"http:\/\/www.degren.eu\/wp-content\/uploads\/2017\/12\/trofeo.jpg\" alt=\"\" width=\"600\" height=\"600\" \/><\/td><\/tr><tr><td style=\"width: 318px; text-align: left;\">Trofeo: Premios Ciencias Ambientales, dise\u00f1ado por Lucio Traficante e impreso, con criterios de sostenibilidad, en impresora 3D. <a href=\"https:\/\/www.coamb.cat\/es\/actualidad-coamb\/el-coamb-finalista-del-premio-cataluna-de-ecodiseno\/\" target=\"_blank\" rel=\"noopener\"><strong>+info<\/strong><\/a><\/td><\/tr><\/tbody><\/table><p>\u00a0<\/p>\n<h2 style=\"margin-bottom: -5px;\"><strong>RESULTADOS DEL PROYECTO<\/strong><\/h2><hr style=\"margin-bottom: 20px;\" \/><p style=\"text-align: justify;\">Entre los resultados a obtener en el marco del proyecto se encuentran:<\/p><table style=\"width: 100%;\"><tbody><tr><td style=\"width: 3%; text-align: center;\" valign=\"top\">\u2022<\/td><td style=\"text-align: justify;\" valign=\"top\">Puesta en marcha del Centro Transfronterizo de ECODISE\u00d1O en la EUROACE con estructura de funcionamiento, \u00e1reas de actuaci\u00f3n y toma de decisiones.<\/td><\/tr><tr><td style=\"width: 3%; text-align: center;\" valign=\"top\">\u2022<\/td><td style=\"text-align: justify;\" valign=\"top\">Articular la cooperaci\u00f3n entre empresas, centros de investigaci\u00f3n y administraci\u00f3n para desarrollar nuevos productos en los que aplicar el ECODISE\u00d1O.<\/td><\/tr><tr><td style=\"width: 3%; text-align: center;\" valign=\"top\">\u2022<\/td><td valign=\"top\">Aprovechamiento de los recursos cient\u00edficos existentes en las regiones participantes relacionadas con la I+D+i en ECODISE\u00d1O.<\/td><\/tr><tr><td style=\"width: 3%; text-align: center;\" valign=\"top\">\u2022<\/td><td valign=\"top\">Difundir entre las empresas conocimiento y casos de \u00e9xito de modelos de negocio basados en criterios de ECODISE\u00d1O.<\/td><\/tr><tr><td style=\"width: 3%; text-align: center;\" valign=\"top\">\u2022<\/td><td valign=\"top\">Mejorar la participaci\u00f3n del tejido empresarial en iniciativas innovadoras relacionadas con el ECOSIDE\u00d1O y el dise\u00f1o sostenible.<\/td><\/tr><tr><td style=\"width: 3%; text-align: center;\">\u2022<\/td><td valign=\"top\">Celebraci\u00f3n del 1er Congreso de ECODISE\u00d1O en la EUROACE.<\/td><\/tr><\/tbody><\/table>","_links":{"self":[{"href":"http:\/\/www.degren.eu\/index.php?rest_route=\/wp\/v2\/pages\/719","targetHints":{"allow":["GET"]}}],"collection":[{"href":"http:\/\/www.degren.eu\/index.php?rest_route=\/wp\/v2\/pages"}],"about":[{"href":"http:\/\/www.degren.eu\/index.php?rest_route=\/wp\/v2\/types\/page"}],"author":[{"embeddable":true,"href":"http:\/\/www.degren.eu\/index.php?rest_route=\/wp\/v2\/users\/6"}],"replies":[{"embeddable":true,"href":"http:\/\/www.degren.eu\/index.php?rest_route=%2Fwp%2Fv2%2Fcomments&post=719"}],"version-history":[{"count":103,"href":"http:\/\/www.degren.eu\/index.php?rest_route=\/wp\/v2\/pages\/719\/revisions"}],"predecessor-version":[{"id":5389,"href":"http:\/\/www.degren.eu\/index.php?rest_route=\/wp\/v2\/pages\/719\/revisions\/5389"}],"wp:attachment":[{"href":"http:\/\/www.degren.eu\/index.php?rest_route=%2Fwp%2Fv2%2Fmedia&parent=719"}],"curies":[{"name":"wp","href":"https:\/\/api.w.org\/{rel}","templated":true}]}}