{"id":594,"date":"2017-12-14T09:01:22","date_gmt":"2017-12-14T09:01:22","guid":{"rendered":"http:\/\/www.degren.eu\/index.php\/que-es-copy\/"},"modified":"2023-05-09T09:05:04","modified_gmt":"2023-05-09T07:05:04","slug":"quienes_somos","status":"publish","type":"page","link":"http:\/\/www.degren.eu\/?page_id=594","title":{"rendered":"\u00bfQUIENES SOMOS?"},"content":{"rendered":"<p><!--themify_builder_static--><\/p>\n<p>[wpmegamenu menu_location=\u00bbmain-nav\u00bb backgorund-color=\u00bb#ffffff\u00bb]<\/p>\n<p><a href=\"http:\/\/www.degren.eu\/?page_id=2143\"> <img decoding=\"async\" src=\"http:\/\/www.degren.eu\/wp-content\/uploads\/2017\/12\/imago_manu.jpg\" alt=\"imago_manu\"> <\/a><\/p>\n<table style=\"width: 328px;\">\n<tbody>\n<tr>\n<td style=\"width: 318px;\"><img loading=\"lazy\" decoding=\"async\" src=\"http:\/\/www.degren.eu\/wp-content\/uploads\/2017\/12\/mapa.png\" alt=\"\" width=\"561\" height=\"408\"><\/td>\n<\/tr>\n<tr>\n<td style=\"width: 318px; text-align: left;\">Centro, Alentejo y Extremadura son las regiones implicadas en el proyecto DEGREN<\/td>\n<\/tr>\n<\/tbody>\n<\/table>\n<h2 style=\"margin-bottom: -5px;\"><strong>\u00bfQUIENES SOMOS?<\/strong><\/h2>\n<hr style=\"margin-bottom: 20px;\">\n<p style=\"text-align: justify;\">El proyecto est\u00e1 formado por una red de socios de las regiones que componen la Eurorregi\u00f3n EUROACE y liderado por el <a href=\"http:\/\/www.degren.eu\/?page_id=1882\" rel=\"noopener\"><strong>Instituto Tecnol\u00f3gico de Rocas Ornamentales y Materiales de Construcci\u00f3n (INTROMAC)<\/strong><\/a> y cuenta con los siguientes socios de las regiones de Alentejo, Centro en Portugal y de Extremadura en Espa\u00f1a:<\/p>\n<ul>\n<li style=\"text-align: justify;\"><a href=\"http:\/\/www.degren.eu\/?page_id=813\">Associa\u00e7\u00e3o Nacional de Jovens Empres\u00e1rios &#8211; ANJE<\/a><\/li>\n<li style=\"text-align: justify;\"><a href=\"http:\/\/www.degren.eu\/?page_id=844\" rel=\"noopener\">Cluster Habitat Sustent\u00e1vel &#8211; Centro HABITAT<\/a><\/li>\n<li style=\"text-align: justify;\"><a href=\"http:\/\/www.degren.eu\/?page_id=1593\">Colegio Oficial Ingenieros Industriales de Extremadura &#8211; COIIEX<\/a><\/li>\n<li style=\"text-align: justify;\"><a href=\"http:\/\/www.degren.eu\/?page_id=871\" rel=\"noopener\">Fundaci\u00f3n Fundecyt-Parque Cient\u00edfico y Tecnol\u00f3gico de Extremadura -FUNDECYT-PCTEX<\/a><\/li>\n<li style=\"text-align: justify;\"><a href=\"http:\/\/www.degren.eu\/?page_id=924\" rel=\"noopener\">Centro Tecnol\u00f3gico da Cer\u00e2mica e do Vidro -CTCV<\/a><\/li>\n<li style=\"text-align: justify;\"><a href=\"http:\/\/www.degren.eu\/?page_id=936\">Universidad de Extremadura -UEX<\/a><\/li>\n<li style=\"text-align: justify;\"><a href=\"http:\/\/www.degren.eu\/?page_id=959\">Instituto Polit\u00e9cnico de Leiria &#8211; IP Leiria.<\/a><\/li>\n<\/ul>\n<p><!--\/themify_builder_static--><\/p>\n\n<!-- wp:themify-builder\/canvas \/-->","protected":false},"excerpt":{"rendered":"<p>[wpmegamenu menu_location=\u00bbmain-nav\u00bb backgorund-color=\u00bb#ffffff\u00bb] Centro, Alentejo y Extremadura son las regiones implicadas en el proyecto DEGREN \u00bfQUIENES SOMOS? El proyecto est\u00e1 formado por una red de socios de las regiones que [&hellip;]<\/p>\n","protected":false},"author":6,"featured_media":0,"parent":0,"menu_order":0,"comment_status":"closed","ping_status":"closed","template":"","meta":{"footnotes":""},"class_list":["post-594","page","type-page","status-publish","hentry","has-post-title","has-post-date","has-post-category","has-post-tag","has-post-comment","has-post-author",""],"builder_content":"<ul id=\"menu-menu-superior\"><li id=\"menu-item-234\"><a href=\"http:\/\/www.degren.eu\"><img src=\"http:\/\/www.degren.eu\/wp-content\/uploads\/2018\/10\/logotipo-peque\u00f1o.png\" alt=\"inicio\" width=\"400\"><\/a><\/li> <li id=\"menu-item-638\"><a href=\"http:\/\/www.degren.eu\/?page_id=11\">\u00bfQUE ES?<\/a> <ul> <li id=\"menu-item-2007\"><a href=\"http:\/\/www.degren.eu\/?page_id=11\">\u00a0\u00a0\u00bfQUE ES?<\/a><\/li> <li id=\"menu-item-639\"><a href=\"http:\/\/www.degren.eu\/?page_id=594\">\u00a0\u00a0\u00bfQUIENES SOMOS?<\/a><\/li> <li id=\"menu-item-727\"><a href=\"http:\/\/www.degren.eu\/?page_id=719\">\u00a0\u00a0RESULTADOS DEL PROYECTO<\/a><\/li> <li id=\"menu-item-5121\"><a href=\"http:\/\/www.degren.eu\/?page_id=5119\">\u00a0\u00a0\u00bfQUE DICEN DE NOSOTROS?<\/a><\/li> <li id=\"menu-item-1040\"><a href=\"http:\/\/www.degren.eu\/?page_id=1033\">\u00a0\u00a0CONTACTO<\/a><\/li> <\/ul> <\/li> <li id=\"menu-item-798\"><a href=\"http:\/\/www.degren.eu\/?page_id=791\">ECODISE\u00d1O<\/a><\/li> <li id=\"menu-item-806\"><a href=\"http:\/\/www.degren.eu\/?page_id=800\">RECURSOS<\/a> <ul> <li id=\"menu-item-2177\"><a href=\"http:\/\/www.degren.eu\/?page_id=800\">RECURSOS<\/a><\/li> <\/ul> <\/li> <li id=\"menu-item-2766\"><a href=\"http:\/\/www.degren.eu\/?page_id=2190\">NOTICIAS<\/a> <ul> <li id=\"menu-item-2768\"><a href=\"http:\/\/www.degren.eu\/?page_id=2190\">NOTICIAS<\/a><\/li> <li id=\"menu-item-2567\"><a href=\"http:\/\/www.degren.eu\/?page_id=2143\">\u00a0\u00a0NEWSLETTER<\/a><\/li> <\/ul> <\/li> <li id=\"menu-item-2767\"><a href=\"http:\/\/www.degren.eu\/?page_id=2778\">ACTIVIDADES<\/a> <ul> <li id=\"menu-item-1317\"><a href=\"http:\/\/www.degren.eu\/?page_id=1310\">\u00a0\u00a0EVENTOS<\/a><\/li> <li id=\"menu-item-4786\"><a target=\"_blank\" href=\"http:\/\/1eem.degren.eu\/\">1er EUROACE ECODESIGN MEETING<\/a><\/li> <\/ul> <\/li> <li id=\"menu-item-986\"><a href=\"#pll_switcher\">Idiomas<\/a><\/li> <\/ul>\n<a href=\"http:\/\/www.degren.eu\/?page_id=2143\"> <img src=\"http:\/\/www.degren.eu\/wp-content\/uploads\/2017\/12\/imago_manu.jpg\" title=\"imago_manu\" alt=\"imago_manu\"> <\/a>\n<table style=\"width: 328px;\"><tbody><tr><td style=\"width: 318px;\"><img src=\"http:\/\/www.degren.eu\/wp-content\/uploads\/2017\/12\/mapa.png\" alt=\"\" width=\"561\" height=\"408\" \/><\/td><\/tr><tr><td style=\"width: 318px; text-align: left;\">Centro, Alentejo y Extremadura son las regiones implicadas en el proyecto DEGREN<\/td><\/tr><\/tbody><\/table><p>\u00a0<\/p>\n<h2 style=\"margin-bottom: -5px;\"><strong>\u00bfQUIENES SOMOS?<\/strong><\/h2> <hr style=\"margin-bottom: 20px;\" \/> <p style=\"text-align: justify;\">El proyecto est\u00e1 formado por una red de socios de las regiones que componen la Eurorregi\u00f3n EUROACE y liderado por el <a href=\"http:\/\/www.degren.eu\/?page_id=1882\" rel=\"noopener\"><strong>Instituto Tecnol\u00f3gico de Rocas Ornamentales y Materiales de Construcci\u00f3n (INTROMAC)<\/strong><\/a> y cuenta con los siguientes socios de las regiones de Alentejo, Centro en Portugal y de Extremadura en Espa\u00f1a:<\/p> <ul> <li style=\"text-align: justify;\"><a href=\"http:\/\/www.degren.eu\/?page_id=813\">Associa\u00e7\u00e3o Nacional de Jovens Empres\u00e1rios - ANJE<\/a><\/li> <li style=\"text-align: justify;\"><a href=\"http:\/\/www.degren.eu\/?page_id=844\" rel=\"noopener\">Cluster Habitat Sustent\u00e1vel - Centro HABITAT<\/a><\/li> <li style=\"text-align: justify;\"><a href=\"http:\/\/www.degren.eu\/?page_id=1593\">Colegio Oficial Ingenieros Industriales de Extremadura - COIIEX<\/a><\/li> <li style=\"text-align: justify;\"><a href=\"http:\/\/www.degren.eu\/?page_id=871\" rel=\"noopener\">Fundaci\u00f3n Fundecyt-Parque Cient\u00edfico y Tecnol\u00f3gico de Extremadura -FUNDECYT-PCTEX<\/a><\/li> <li style=\"text-align: justify;\"><a href=\"http:\/\/www.degren.eu\/?page_id=924\" rel=\"noopener\">Centro Tecnol\u00f3gico da Cer\u00e2mica e do Vidro -CTCV<\/a><\/li> <li style=\"text-align: justify;\"><a href=\"http:\/\/www.degren.eu\/?page_id=936\">Universidad de Extremadura -UEX<\/a><\/li> <li style=\"text-align: justify;\"><a href=\"http:\/\/www.degren.eu\/?page_id=959\">Instituto Polit\u00e9cnico de Leiria - IP Leiria.<\/a><\/li> <\/ul>","_links":{"self":[{"href":"http:\/\/www.degren.eu\/index.php?rest_route=\/wp\/v2\/pages\/594","targetHints":{"allow":["GET"]}}],"collection":[{"href":"http:\/\/www.degren.eu\/index.php?rest_route=\/wp\/v2\/pages"}],"about":[{"href":"http:\/\/www.degren.eu\/index.php?rest_route=\/wp\/v2\/types\/page"}],"author":[{"embeddable":true,"href":"http:\/\/www.degren.eu\/index.php?rest_route=\/wp\/v2\/users\/6"}],"replies":[{"embeddable":true,"href":"http:\/\/www.degren.eu\/index.php?rest_route=%2Fwp%2Fv2%2Fcomments&post=594"}],"version-history":[{"count":127,"href":"http:\/\/www.degren.eu\/index.php?rest_route=\/wp\/v2\/pages\/594\/revisions"}],"predecessor-version":[{"id":5384,"href":"http:\/\/www.degren.eu\/index.php?rest_route=\/wp\/v2\/pages\/594\/revisions\/5384"}],"wp:attachment":[{"href":"http:\/\/www.degren.eu\/index.php?rest_route=%2Fwp%2Fv2%2Fmedia&parent=594"}],"curies":[{"name":"wp","href":"https:\/\/api.w.org\/{rel}","templated":true}]}}