{"id":3475,"date":"2018-10-01T12:48:14","date_gmt":"2018-10-01T10:48:14","guid":{"rendered":"http:\/\/www.degren.eu\/?page_id=3475"},"modified":"2019-10-28T10:40:15","modified_gmt":"2019-10-28T09:40:15","slug":"ecodesign-concept","status":"publish","type":"page","link":"http:\/\/www.degren.eu\/?page_id=3475&lang=en","title":{"rendered":"ECODESIGN CONCEPT"},"content":{"rendered":"<p><!--themify_builder_static--><\/p>\n<p>[wpmegamenu menu_location=\u00bbmain-nav\u00bb backgorund-color=\u00bb#ffffff\u00bb]<\/p>\n<p><a href=\"http:\/\/www.degren.eu\/?page_id=2143\" > <img decoding=\"async\" src=\"http:\/\/www.degren.eu\/wp-content\/uploads\/2017\/12\/imago_manu.jpg\" alt=\"imago_manu\" \/> <\/a><\/p>\n<table style=\"width: 328px;\">\n<tbody>\n<tr>\n<td style=\"width: 318px;\"><img loading=\"lazy\" decoding=\"async\" src=\"http:\/\/www.degren.eu\/wp-content\/uploads\/2017\/12\/mico_board.jpg\" alt=\"\" width=\"600\" height=\"600\" \/><\/td>\n<\/tr>\n<tr>\n<td style=\"width: 318px; text-align: left;\">Mico-board: el ecodise\u00f1o pasa por el uso de materiales m\u00e1s sostenibles. Tablero basado en residuos agr\u00edcolas.<br \/><a href=\"http:\/\/www.ecodesignlink.be\/en\/examples-database\/cases-en-2016\/myco-board-1\" target=\"_blank\" rel=\"noopener\"><strong>+info<\/strong><\/a><\/td>\n<\/tr>\n<\/tbody>\n<\/table>\n<p>\u00a0<\/p>\n<h2 style=\"margin-bottom: -5px;\"><strong>ECODESIGN CONCEPT<\/strong><\/h2>\n<hr style=\"margin-bottom: 20px;\" \/>\n<p style=\"text-align: justify;\">ECODESIGN, also known as ecological design or design for environment, is defined according to UNE-EN UNE-EN ISO 14006 standard \u201cEnvironmental Management System. Guidelines for incorporating Ecodesign\u201d as \u201c<strong>the integration of environmental aspects in the design and development of a product for reducing adverse environmental impact in each of the stages of its life cycle<\/strong>.\u201d. ECODESIGN, therefore is not aimed to modify the process of products\/services industrial design, but to complement it introducing the environment as another issue to take into account when making decisions during product development process.<\/p>\n<p style=\"text-align: justify;\">An ECODESIGN important key issue is the <strong>Life Cycle approach<\/strong>. It is related to consider the interactions of all product\u2019s life stages, from raw materials extraction, manufacturing, distribution and use, until the end of life phase. This allows to have a greater knowledge of the product itself, to know where the greatest environmental impacts are, to monitor the posible transfer of environmental loads from one stage to another and to be able to choose the option that reduces the global environmental impact.<\/p>\n<p style=\"text-align: justify;\">The importance of integrating the environmental aspect from the design stage is a key issue, <strong>since the 80% of environmental impact<\/strong> of all the product <strong>life cycle is defined during its design<\/strong>.<\/p>\n<p style=\"text-align: justify;\">A good desing and development of products\/services in the industry is <strong>essential for the business itself and for companies competitiveness<\/strong>. Therefore, ECODESING integration as a quality standard provides important competitive advantages for an organization.<\/p>\n<p><!--\/themify_builder_static--><\/p>\n","protected":false},"excerpt":{"rendered":"<p>[wpmegamenu menu_location=\u00bbmain-nav\u00bb backgorund-color=\u00bb#ffffff\u00bb] Mico-board: el ecodise\u00f1o pasa por el uso de materiales m\u00e1s sostenibles. Tablero basado en residuos agr\u00edcolas.+info \u00a0 ECODESIGN CONCEPT ECODESIGN, also known as ecological design or design [&hellip;]<\/p>\n","protected":false},"author":6,"featured_media":0,"parent":0,"menu_order":0,"comment_status":"closed","ping_status":"closed","template":"","meta":{"footnotes":""},"class_list":["post-3475","page","type-page","status-publish","hentry","has-post-title","has-post-date","has-post-category","has-post-tag","has-post-comment","has-post-author",""],"builder_content":"<p>[wpmegamenu menu_location=\"main-nav\" backgorund-color=\"#ffffff\"]<\/p>\n<a href=\"http:\/\/www.degren.eu\/?page_id=2143\"> <img src=\"http:\/\/www.degren.eu\/wp-content\/uploads\/2017\/12\/imago_manu.jpg\" title=\"imago_manu\" alt=\"imago_manu\"> <\/a>\n<table style=\"width: 328px;\"><tbody><tr><td style=\"width: 318px;\"><img src=\"http:\/\/www.degren.eu\/wp-content\/uploads\/2017\/12\/mico_board.jpg\" alt=\"\" width=\"600\" height=\"600\" \/><\/td><\/tr><tr><td style=\"width: 318px; text-align: left;\">Mico-board: el ecodise\u00f1o pasa por el uso de materiales m\u00e1s sostenibles. Tablero basado en residuos agr\u00edcolas.<br \/><a href=\"http:\/\/www.ecodesignlink.be\/en\/examples-database\/cases-en-2016\/myco-board-1\" target=\"_blank\" rel=\"noopener\"><strong>+info<\/strong><\/a><\/td><\/tr><\/tbody><\/table><p>\u00a0<\/p>\n<h2 style=\"margin-bottom: -5px;\"><strong>ECODESIGN CONCEPT<\/strong><\/h2><hr style=\"margin-bottom: 20px;\" \/><p style=\"text-align: justify;\">ECODESIGN, also known as ecological design or design for environment, is defined according to UNE-EN UNE-EN ISO 14006 standard \u201cEnvironmental Management System. Guidelines for incorporating Ecodesign\u201d as \u201c<strong>the integration of environmental aspects in the design and development of a product for reducing adverse environmental impact in each of the stages of its life cycle<\/strong>.\u201d. ECODESIGN, therefore is not aimed to modify the process of products\/services industrial design, but to complement it introducing the environment as another issue to take into account when making decisions during product development process.<\/p><p style=\"text-align: justify;\">An ECODESIGN important key issue is the <strong>Life Cycle approach<\/strong>. It is related to consider the interactions of all product\u2019s life stages, from raw materials extraction, manufacturing, distribution and use, until the end of life phase. This allows to have a greater knowledge of the product itself, to know where the greatest environmental impacts are, to monitor the posible transfer of environmental loads from one stage to another and to be able to choose the option that reduces the global environmental impact.<\/p><p style=\"text-align: justify;\">The importance of integrating the environmental aspect from the design stage is a key issue, <strong>since the 80% of environmental impact<\/strong> of all the product <strong>life cycle is defined during its design<\/strong>.<\/p><p style=\"text-align: justify;\">A good desing and development of products\/services in the industry is <strong>essential for the business itself and for companies competitiveness<\/strong>. Therefore, ECODESING integration as a quality standard provides important competitive advantages for an organization.<\/p>","_links":{"self":[{"href":"http:\/\/www.degren.eu\/index.php?rest_route=\/wp\/v2\/pages\/3475","targetHints":{"allow":["GET"]}}],"collection":[{"href":"http:\/\/www.degren.eu\/index.php?rest_route=\/wp\/v2\/pages"}],"about":[{"href":"http:\/\/www.degren.eu\/index.php?rest_route=\/wp\/v2\/types\/page"}],"author":[{"embeddable":true,"href":"http:\/\/www.degren.eu\/index.php?rest_route=\/wp\/v2\/users\/6"}],"replies":[{"embeddable":true,"href":"http:\/\/www.degren.eu\/index.php?rest_route=%2Fwp%2Fv2%2Fcomments&post=3475"}],"version-history":[{"count":17,"href":"http:\/\/www.degren.eu\/index.php?rest_route=\/wp\/v2\/pages\/3475\/revisions"}],"predecessor-version":[{"id":3509,"href":"http:\/\/www.degren.eu\/index.php?rest_route=\/wp\/v2\/pages\/3475\/revisions\/3509"}],"wp:attachment":[{"href":"http:\/\/www.degren.eu\/index.php?rest_route=%2Fwp%2Fv2%2Fmedia&parent=3475"}],"curies":[{"name":"wp","href":"https:\/\/api.w.org\/{rel}","templated":true}]}}