{"id":2990,"date":"2018-05-10T12:43:11","date_gmt":"2018-05-10T10:43:11","guid":{"rendered":"http:\/\/www.degren.eu\/?page_id=2990"},"modified":"2023-05-09T11:02:00","modified_gmt":"2023-05-09T09:02:00","slug":"recursos-5","status":"publish","type":"page","link":"http:\/\/www.degren.eu\/?page_id=2990&lang=pt","title":{"rendered":"RECURSOS"},"content":{"rendered":"\n\n<!-- wp:themify-builder\/canvas \/-->","protected":false},"excerpt":{"rendered":"","protected":false},"author":6,"featured_media":0,"parent":0,"menu_order":0,"comment_status":"closed","ping_status":"closed","template":"","meta":{"footnotes":""},"class_list":["post-2990","page","type-page","status-publish","hentry","has-post-title","has-post-date","has-post-category","has-post-tag","has-post-comment","has-post-author",""],"builder_content":"<ul id=\"menu-menu-pt\"><li id=\"menu-item-1631\"><a href=\"http:\/\/www.degren.eu\/?page_id=1687&#038;lang=pt\"><img src=\"http:\/\/www.degren.eu\/wp-content\/uploads\/2018\/10\/logotipo-peque\u00f1o.png\" alt=\"inicio\" width=\"400\"><\/a><\/li> <li id=\"menu-item-1630\"><a href=\"http:\/\/www.degren.eu\/?page_id=1613&#038;lang=pt\">O QUE \u00c9?<\/a> <ul> <li id=\"menu-item-2008\"><a href=\"http:\/\/www.degren.eu\/?page_id=1613&#038;lang=pt\">O QUE \u00c9?<\/a><\/li> <li id=\"menu-item-1643\"><a href=\"http:\/\/www.degren.eu\/?page_id=1633&#038;lang=pt\">QUEM SOMOS?<\/a><\/li> <li id=\"menu-item-1653\"><a href=\"http:\/\/www.degren.eu\/?page_id=1650&#038;lang=pt\">RESULTADOS DO PROJETO<\/a><\/li> <li id=\"menu-item-1673\"><a href=\"http:\/\/www.degren.eu\/?page_id=1670&#038;lang=pt\">CONTACTO<\/a><\/li> <\/ul> <\/li> <li id=\"menu-item-3501\"><a href=\"http:\/\/www.degren.eu\/?page_id=3492&#038;lang=pt\">ECODESIGN<\/a><\/li> <li id=\"menu-item-3003\"><a href=\"http:\/\/www.degren.eu\/?page_id=2990&#038;lang=pt\">RECURSOS<\/a> <ul> <li id=\"menu-item-3004\"><a href=\"http:\/\/www.degren.eu\/?page_id=2990&#038;lang=pt\">RECURSOS<\/a><\/li> <\/ul> <\/li> <li id=\"menu-item-2829\"><a href=\"http:\/\/www.degren.eu\/?page_id=2824&#038;lang=pt\">NOT\u00cdCIAS<\/a> <ul> <li id=\"menu-item-2830\"><a href=\"http:\/\/www.degren.eu\/?page_id=2824&#038;lang=pt\">NOT\u00cdCIAS<\/a><\/li> <li id=\"menu-item-2568\"><a href=\"http:\/\/www.degren.eu\/?page_id=2161&#038;lang=pt\">NEWSLETTER<\/a><\/li> <\/ul> <\/li> <li id=\"menu-item-2855\"><a href=\"http:\/\/www.degren.eu\/?page_id=2846&#038;lang=pt\">ATIVIDADES<\/a> <ul> <li id=\"menu-item-1684\"><a href=\"http:\/\/www.degren.eu\/?page_id=1679&#038;lang=pt\">EVENTOS<\/a><\/li> <li id=\"menu-item-4787\"><a target=\"_blank\" href=\"http:\/\/1eem.degren.eu\/\">1er EUROACE ECODESIGN MEETING<\/a><\/li> <\/ul> <\/li> <li id=\"menu-item-1644\"><a href=\"#pll_switcher\">Idiomas<\/a><\/li> <li id=\"menu-item-1676\"><a href=\"#Cnss_Widget\">Easy Social Icons<\/a><\/li> <\/ul>\n<a href=\"http:\/\/www.degren.eu\/?page_id=2143\"> <img src=\"http:\/\/www.degren.eu\/wp-content\/uploads\/2017\/12\/imago_manu.jpg\" title=\"imago_manu\" alt=\"imago_manu\"> <\/a>\n<table style=\"width: 328px;\"><tbody><tr><td style=\"width: 318px;\"><img src=\"http:\/\/www.degren.eu\/wp-content\/uploads\/2017\/12\/kapput.jpg\" alt=\"\" width=\"600\" height=\"600\" \/><\/td><\/tr><tr><td style=\"width: 318px; text-align: left;\">kaputt.de: Alemanha Ecodesign Award 2017 na categoria de servi\u00e7os. Aplica\u00e7\u00e3o que conecta usu\u00e1rios para reparar e reutilizar dispositivos eletr\u00f4nicos<br \/> <strong><a href=\"https:\/\/bundespreis-ecodesign.de\/en\/wettbewerb\/2017\/preistraeger.html\" target=\"_blank\" rel=\"noopener\">+info<\/a><\/strong><\/td><\/tr><\/tbody><\/table>\n<h2 style=\"margin-bottom: -5px;\"><strong>RECURSOS<\/strong><\/h2> <hr style=\"margin-bottom: 20px;\" \/> <p style=\"text-align: justify;\"><br \/> Nesta \u00e1rea, ter\u00e1 \u00e0 disposi\u00e7\u00e3o todos os materiais desenvolvidos durante o projeto.<\/p> <h4><strong>Guias de Ecodesign<\/strong><\/h4> <ul> <li><a href=\"http:\/\/www.degren.eu\/wp-content\/uploads\/2020\/05\/DEGREN-SMCS.pdf\" target=\"_blank\" rel=\"noopener\">Guia de ECODESIGN para a sele\u00e7\u00e3o de materiais de constru\u00e7\u00e3o sustent\u00e1veis (ES)<\/a><\/li> <li><a href=\"http:\/\/www.degren.eu\/wp-content\/uploads\/2021\/04\/Guia_de_ECODISENO_para_el_sector_del_envase_y_embalaje.pdf\" target=\"_blank\" rel=\"noopener\">Guia ECODESIGN para o sector da embalagem (ES)<\/a><\/li> <\/ul> <hr style=\"margin-bottom: 20px;\" \/> <h4><strong>Gu\u00eda de modelo de negocios<\/strong><\/h4> <ul> <li><a href=\"http:\/\/www.degren.eu\/wp-content\/uploads\/2020\/11\/Gu%C3%ADa_mod_neg_ecoinnovadores_basados_ecodise%C3%B1o_ES.pdf\" target=\"_blank\" rel=\"noopener\">Guia para modelos de neg\u00f3cios baseados em ecodesign<\/a><\/li> <\/ul> <hr style=\"margin-bottom: 20px;\" \/> <h4><strong>Manuais de ecodesign<\/strong><\/h4> <ul> <li><a href=\"http:\/\/www.degren.eu\/wp-content\/uploads\/2021\/04\/Manual_basico_de_Ecodiseno_Material docente.pdf\" target=\"_blank\" rel=\"noopener\">Manual B\u00e1sico de Ecodesign. Material did\u00e1ctico (ES)<\/a><\/li> <li><a href=\"http:\/\/www.degren.eu\/wp-content\/uploads\/2021\/04\/Manual_avanzado_de_Ecodiseno_Material docente.pdf\" target=\"_blank\" rel=\"noopener\">Manual Avan\u00e7ado de Ecodesign. Material did\u00e1ctico (ES)<\/a><\/li> <\/ul> <hr style=\"margin-bottom: 20px;\" \/> <h4><strong>Mapeamento de Recursos<\/strong><\/h4> <p>No Mapeamento de Recursos poder\u00e1 encontrar um mapa com entidades ligadas ao Ecodesign na regi\u00e3o EUROACE. Se deseja que a sua entidade fa\u00e7a parte deste mapa de Ecodesign, acesse ao question\u00e1rio e teremos o maior prazer de o ajudar na sua integra\u00e7\u00e3o.<\/p> <p><\/p>\n<a href=\"http:\/\/www.degren.eu\/?page_id=2997&#038;lang=pt\" > Acesso ao question\u00e1rio <\/a>\n<p>\u00a0<\/p> <p>Aceda e conhe\u00e7a as empresas e organiza\u00e7\u00f5es ligadas ao Ecodesign na regi\u00e3o EUROACE.<\/p>\n<a href=\"http:\/\/www.degren.eu\/?page_id=3837&#038;lang=pt\" > Acesso ao mapeamento <\/a>\n<p><br\/><\/p>","_links":{"self":[{"href":"http:\/\/www.degren.eu\/index.php?rest_route=\/wp\/v2\/pages\/2990","targetHints":{"allow":["GET"]}}],"collection":[{"href":"http:\/\/www.degren.eu\/index.php?rest_route=\/wp\/v2\/pages"}],"about":[{"href":"http:\/\/www.degren.eu\/index.php?rest_route=\/wp\/v2\/types\/page"}],"author":[{"embeddable":true,"href":"http:\/\/www.degren.eu\/index.php?rest_route=\/wp\/v2\/users\/6"}],"replies":[{"embeddable":true,"href":"http:\/\/www.degren.eu\/index.php?rest_route=%2Fwp%2Fv2%2Fcomments&post=2990"}],"version-history":[{"count":35,"href":"http:\/\/www.degren.eu\/index.php?rest_route=\/wp\/v2\/pages\/2990\/revisions"}],"predecessor-version":[{"id":5438,"href":"http:\/\/www.degren.eu\/index.php?rest_route=\/wp\/v2\/pages\/2990\/revisions\/5438"}],"wp:attachment":[{"href":"http:\/\/www.degren.eu\/index.php?rest_route=%2Fwp%2Fv2%2Fmedia&parent=2990"}],"curies":[{"name":"wp","href":"https:\/\/api.w.org\/{rel}","templated":true}]}}