{"id":2778,"date":"2018-04-11T14:12:06","date_gmt":"2018-04-11T12:12:06","guid":{"rendered":"http:\/\/www.degren.eu\/?page_id=2778"},"modified":"2023-05-09T10:55:12","modified_gmt":"2023-05-09T08:55:12","slug":"agenda-3","status":"publish","type":"page","link":"http:\/\/www.degren.eu\/?page_id=2778","title":{"rendered":"ACTIVIDADES"},"content":{"rendered":"<p><!--themify_builder_static--><\/p>\n<p>[wpmegamenu menu_location=\u00bbmain-nav\u00bb backgorund-color=\u00bb#ffffff\u00bb]<\/p>\n<p><a href=\"http:\/\/www.degren.eu\/?page_id=2143\"> <img decoding=\"async\" src=\"http:\/\/www.degren.eu\/wp-content\/uploads\/2017\/12\/imago_manu.jpg\" alt=\"imago_manu\"> <\/a><\/p>\n<table style=\"width: 328px;\">\n<tbody>\n<tr>\n<td style=\"width: 318px;\"><img loading=\"lazy\" decoding=\"async\" src=\"http:\/\/www.degren.eu\/wp-content\/uploads\/2017\/12\/optiledge.jpg\" alt=\"\" width=\"600\" height=\"600\"><\/td>\n<\/tr>\n<tr>\n<td style=\"width: 318px; text-align: left;\">OptiLedge: sistema de transporte de pl\u00e1stico patentado, una alternativa a los palets de madera tradicionales.<br><strong><a href=\"http:\/\/www.ecodesignlink.be\/en\/examples-database\/cases-en-2016\/optiledge\" target=\"_blank\" rel=\"noopener\">+info<\/a><\/strong><\/td>\n<\/tr>\n<\/tbody>\n<\/table>\n<h2 style=\"margin-bottom: -5px;\"><strong>ACTIVIDADES<\/strong><\/h2>\n<hr style=\"margin-bottom: 20px;\">\n<p style=\"text-align: justify;\">En esta secci\u00f3n podr\u00e1s mantenerte al d\u00eda de los servicios que ponemos a tu disposici\u00f3n, desde las actividades encaminadas a formaci\u00f3n y apoyo a las empresas en ecodise\u00f1o hasta las jornadas de transferencia de conocimiento y resultados. Adem\u00e1s, se realizar\u00e1n las siguientes iniciativas:<\/p>\n<ul>\n<li style=\"text-align: justify;\">Puesta en marcha del Centro Transfronterizo de ecodise\u00f1o en la EUROACE con estructura de funcionamiento, \u00e1reas de actuaci\u00f3n y toma de decisiones.<\/li>\n<li style=\"text-align: justify;\">Celebraci\u00f3n del 1er Congreso de Ecodise\u00f1o en la EUROACE.<\/li>\n<li style=\"text-align: justify;\">Puesta en marcha del laboratorio de ecodise\u00f1o.<\/li>\n<li style=\"text-align: justify;\">Observatorio on-line para la transferencia tecnol\u00f3gica.<\/li>\n<li style=\"text-align: justify;\">Gu\u00edas de innovaci\u00f3n sectorial en ecodise\u00f1o.<\/li>\n<\/ul>\n<p style=\"text-align: justify;\">Tambi\u00e9n tendr\u00e1s a tu disposici\u00f3n el mapa de recursos sobre entidades que est\u00e1n vinculadas al Ecodise\u00f1o en la Euroace as\u00ed como otras publicaciones de inter\u00e9s, que ir\u00e1n incorpor\u00e1ndose progresivamente.<\/p>\n<p style=\"text-align: justify;\"><a href=\"http:\/\/www.degren.eu\/?page_id=2143\">Pincha aqu\u00ed para acceder a la Newsletter y suscribirte.<\/a><\/p>\n<p><!--\/themify_builder_static--><\/p>\n\n<!-- wp:themify-builder\/canvas \/-->","protected":false},"excerpt":{"rendered":"<p>[wpmegamenu menu_location=\u00bbmain-nav\u00bb backgorund-color=\u00bb#ffffff\u00bb] OptiLedge: sistema de transporte de pl\u00e1stico patentado, una alternativa a los palets de madera tradicionales.+info ACTIVIDADES En esta secci\u00f3n podr\u00e1s mantenerte al d\u00eda de los servicios que [&hellip;]<\/p>\n","protected":false},"author":6,"featured_media":0,"parent":0,"menu_order":0,"comment_status":"closed","ping_status":"closed","template":"","meta":{"footnotes":""},"class_list":["post-2778","page","type-page","status-publish","hentry","has-post-title","has-post-date","has-post-category","has-post-tag","has-post-comment","has-post-author",""],"builder_content":"<ul id=\"menu-menu-superior\"><li id=\"menu-item-234\"><a href=\"http:\/\/www.degren.eu\"><img src=\"http:\/\/www.degren.eu\/wp-content\/uploads\/2018\/10\/logotipo-peque\u00f1o.png\" alt=\"inicio\" width=\"400\"><\/a><\/li> <li id=\"menu-item-638\"><a href=\"http:\/\/www.degren.eu\/?page_id=11\">\u00bfQUE ES?<\/a> <ul> <li id=\"menu-item-2007\"><a href=\"http:\/\/www.degren.eu\/?page_id=11\">\u00a0\u00a0\u00bfQUE ES?<\/a><\/li> <li id=\"menu-item-639\"><a href=\"http:\/\/www.degren.eu\/?page_id=594\">\u00a0\u00a0\u00bfQUIENES SOMOS?<\/a><\/li> <li id=\"menu-item-727\"><a href=\"http:\/\/www.degren.eu\/?page_id=719\">\u00a0\u00a0RESULTADOS DEL PROYECTO<\/a><\/li> <li id=\"menu-item-5121\"><a href=\"http:\/\/www.degren.eu\/?page_id=5119\">\u00a0\u00a0\u00bfQUE DICEN DE NOSOTROS?<\/a><\/li> <li id=\"menu-item-1040\"><a href=\"http:\/\/www.degren.eu\/?page_id=1033\">\u00a0\u00a0CONTACTO<\/a><\/li> <\/ul> <\/li> <li id=\"menu-item-798\"><a href=\"http:\/\/www.degren.eu\/?page_id=791\">ECODISE\u00d1O<\/a><\/li> <li id=\"menu-item-806\"><a href=\"http:\/\/www.degren.eu\/?page_id=800\">RECURSOS<\/a> <ul> <li id=\"menu-item-2177\"><a href=\"http:\/\/www.degren.eu\/?page_id=800\">RECURSOS<\/a><\/li> <\/ul> <\/li> <li id=\"menu-item-2766\"><a href=\"http:\/\/www.degren.eu\/?page_id=2190\">NOTICIAS<\/a> <ul> <li id=\"menu-item-2768\"><a href=\"http:\/\/www.degren.eu\/?page_id=2190\">NOTICIAS<\/a><\/li> <li id=\"menu-item-2567\"><a href=\"http:\/\/www.degren.eu\/?page_id=2143\">\u00a0\u00a0NEWSLETTER<\/a><\/li> <\/ul> <\/li> <li id=\"menu-item-2767\"><a href=\"http:\/\/www.degren.eu\/?page_id=2778\">ACTIVIDADES<\/a> <ul> <li id=\"menu-item-1317\"><a href=\"http:\/\/www.degren.eu\/?page_id=1310\">\u00a0\u00a0EVENTOS<\/a><\/li> <li id=\"menu-item-4786\"><a target=\"_blank\" href=\"http:\/\/1eem.degren.eu\/\">1er EUROACE ECODESIGN MEETING<\/a><\/li> <\/ul> <\/li> <li id=\"menu-item-986\"><a href=\"#pll_switcher\">Idiomas<\/a><\/li> <\/ul>\n<a href=\"http:\/\/www.degren.eu\/?page_id=2143\"> <img src=\"http:\/\/www.degren.eu\/wp-content\/uploads\/2017\/12\/imago_manu.jpg\" title=\"imago_manu\" alt=\"imago_manu\"> <\/a>\n<table style=\"width: 328px;\"><tbody><tr><td style=\"width: 318px;\"><img src=\"http:\/\/www.degren.eu\/wp-content\/uploads\/2017\/12\/optiledge.jpg\" alt=\"\" width=\"600\" height=\"600\" \/><\/td><\/tr><tr><td style=\"width: 318px; text-align: left;\">OptiLedge: sistema de transporte de pl\u00e1stico patentado, una alternativa a los palets de madera tradicionales.<br \/><strong><a href=\"http:\/\/www.ecodesignlink.be\/en\/examples-database\/cases-en-2016\/optiledge\" target=\"_blank\" rel=\"noopener\">+info<\/a><\/strong><\/td><\/tr><\/tbody><\/table><p>\u00a0<\/p>\n<h2 style=\"margin-bottom: -5px;\"><strong>ACTIVIDADES<\/strong><\/h2><hr style=\"margin-bottom: 20px;\" \/><p style=\"text-align: justify;\">En esta secci\u00f3n podr\u00e1s mantenerte al d\u00eda de los servicios que ponemos a tu disposici\u00f3n, desde las actividades encaminadas a formaci\u00f3n y apoyo a las empresas en ecodise\u00f1o hasta las jornadas de transferencia de conocimiento y resultados. Adem\u00e1s, se realizar\u00e1n las siguientes iniciativas:<\/p><ul><li style=\"text-align: justify;\">Puesta en marcha del Centro Transfronterizo de ecodise\u00f1o en la EUROACE con estructura de funcionamiento, \u00e1reas de actuaci\u00f3n y toma de decisiones.<\/li><li style=\"text-align: justify;\">Celebraci\u00f3n del 1er Congreso de Ecodise\u00f1o en la EUROACE.<\/li><li style=\"text-align: justify;\">Puesta en marcha del laboratorio de ecodise\u00f1o.<\/li><li style=\"text-align: justify;\">Observatorio on-line para la transferencia tecnol\u00f3gica.<\/li><li style=\"text-align: justify;\">Gu\u00edas de innovaci\u00f3n sectorial en ecodise\u00f1o.<\/li><\/ul><p style=\"text-align: justify;\">Tambi\u00e9n tendr\u00e1s a tu disposici\u00f3n el mapa de recursos sobre entidades que est\u00e1n vinculadas al Ecodise\u00f1o en la Euroace as\u00ed como otras publicaciones de inter\u00e9s, que ir\u00e1n incorpor\u00e1ndose progresivamente.<\/p><p style=\"text-align: justify;\"><a href=\"http:\/\/www.degren.eu\/?page_id=2143\">Pincha aqu\u00ed para acceder a la Newsletter y suscribirte.<\/a><\/p>","_links":{"self":[{"href":"http:\/\/www.degren.eu\/index.php?rest_route=\/wp\/v2\/pages\/2778","targetHints":{"allow":["GET"]}}],"collection":[{"href":"http:\/\/www.degren.eu\/index.php?rest_route=\/wp\/v2\/pages"}],"about":[{"href":"http:\/\/www.degren.eu\/index.php?rest_route=\/wp\/v2\/types\/page"}],"author":[{"embeddable":true,"href":"http:\/\/www.degren.eu\/index.php?rest_route=\/wp\/v2\/users\/6"}],"replies":[{"embeddable":true,"href":"http:\/\/www.degren.eu\/index.php?rest_route=%2Fwp%2Fv2%2Fcomments&post=2778"}],"version-history":[{"count":12,"href":"http:\/\/www.degren.eu\/index.php?rest_route=\/wp\/v2\/pages\/2778\/revisions"}],"predecessor-version":[{"id":5410,"href":"http:\/\/www.degren.eu\/index.php?rest_route=\/wp\/v2\/pages\/2778\/revisions\/5410"}],"wp:attachment":[{"href":"http:\/\/www.degren.eu\/index.php?rest_route=%2Fwp%2Fv2%2Fmedia&parent=2778"}],"curies":[{"name":"wp","href":"https:\/\/api.w.org\/{rel}","templated":true}]}}