{"id":2498,"date":"2018-02-09T10:19:57","date_gmt":"2018-02-09T09:19:57","guid":{"rendered":"http:\/\/www.degren.eu\/?page_id=2498"},"modified":"2019-07-01T09:42:30","modified_gmt":"2019-07-01T07:42:30","slug":"quem-somos-2","status":"publish","type":"page","link":"http:\/\/www.degren.eu\/?page_id=2498&lang=pt","title":{"rendered":"QUEM SOMOS?"},"content":{"rendered":"<p><!--themify_builder_static--><\/p>\n<p>[wpmegamenu menu_location=\u00bbmain-nav\u00bb backgorund-color=\u00bb#ffffff\u00bb]<\/p>\n<p><img loading=\"lazy\" decoding=\"async\" src=\"http:\/\/www.degren.eu\/wp-content\/uploads\/2017\/12\/imago_manu-100x50.jpg\" width=\"100\" height=\"50\" alt=\"imago_manu\" \/><\/p>\n<table style=\"width: 328px;\">\n<tbody>\n<tr>\n<td style=\"width: 318px;\"><img loading=\"lazy\" decoding=\"async\" src=\"http:\/\/www.degren.eu\/wp-content\/uploads\/2017\/12\/mapa.png\" alt=\"\" width=\"561\" height=\"408\" \/><\/td>\n<\/tr>\n<tr>\n<td style=\"width: 318px; text-align: left;\">Centro, Alentejo e Extremadura s\u00e3o as regi\u00f5es envolvidas no projeto DEGREN<\/td>\n<\/tr>\n<\/tbody>\n<\/table>\n<p>&nbsp;<\/p>\n<h2 style=\"margin-bottom: -5px;\"><strong>QUEM SOMOS?<\/strong><\/h2>\n<hr style=\"margin-bottom: 20px;\" \/>\n<p style=\"text-align: justify;\">O projeto \u00e9 formado por uma rede de parceiros das regi\u00f5es que comp\u00f5em a Eurorregi\u00e3o EUROACE e \u00e9 liderado pelo <a href=\"http:\/\/www.degren.eu\/?page_id=1895&amp;lang=pt\" rel=\"noopener\"><strong>Instituto Tecnol\u00f3gico de Rocas Ornamentales y Materiales de Construcci\u00f3n (INTROMAC)<\/strong><\/a> e conta com os seguintes s\u00f3cios das regi\u00f5es do Alentejo e Centro de Portugal e da Extremadura em Espanha:<\/p>\n<ul>\n<li style=\"text-align: justify;\"><a href=\"http:\/\/www.degren.eu\/?page_id=1925&amp;lang=pt\">Associa\u00e7\u00e3o Nacional de Jovens Empres\u00e1rios &#8211; ANJE<\/a><\/li>\n<li style=\"text-align: justify;\"><a href=\"http:\/\/www.degren.eu\/?page_id=1805&amp;lang=pt\" rel=\"noopener\">Cluster Habitat Sustent\u00e1vel &#8211; Centro HABITAT<\/a><\/li>\n<li style=\"text-align: justify;\"><a href=\"http:\/\/www.degren.eu\/?page_id=1778&amp;lang=pt\">Colegio Oficial Ingenieros Industriales de Extremadura &#8211; COIIEX<\/a><\/li>\n<li style=\"text-align: justify;\"><a href=\"http:\/\/www.degren.eu\/?page_id=1796&amp;lang=pt\" rel=\"noopener\">Fundaci\u00f3n Fundecyt-Parque Cient\u00edfico y Tecnol\u00f3gico de Extremadura -FUNDECYT-PCTEX<\/a><\/li>\n<li style=\"text-align: justify;\"><a href=\"http:\/\/www.degren.eu\/?page_id=1787&amp;lang=pt\" rel=\"noopener\">Centro Tecnol\u00f3gico da Cer\u00e2mica e do Vidro -CTCV<\/a><\/li>\n<li style=\"text-align: justify;\"><a href=\"http:\/\/www.degren.eu\/?page_id=1823&amp;lang=pt\">Universidad de Extremadura -UEX<\/a><\/li>\n<li style=\"text-align: justify;\"><a href=\"http:\/\/www.degren.eu\/?page_id=1814&amp;lang=pt\">Instituto Polit\u00e9cnico de Leiria &#8211; IP Leiria.<\/a><\/li>\n<\/ul>\n<p><!--\/themify_builder_static--><\/p>\n","protected":false},"excerpt":{"rendered":"<p>[wpmegamenu menu_location=\u00bbmain-nav\u00bb backgorund-color=\u00bb#ffffff\u00bb] Centro, Alentejo e Extremadura s\u00e3o as regi\u00f5es envolvidas no projeto DEGREN &nbsp; QUEM SOMOS? O projeto \u00e9 formado por uma rede de parceiros das regi\u00f5es que comp\u00f5em [&hellip;]<\/p>\n","protected":false},"author":6,"featured_media":0,"parent":0,"menu_order":0,"comment_status":"closed","ping_status":"closed","template":"","meta":{"footnotes":""},"class_list":["post-2498","page","type-page","status-publish","hentry","has-post-title","has-post-date","has-post-category","has-post-tag","has-post-comment","has-post-author",""],"builder_content":"<p>[wpmegamenu menu_location=\\\"main-nav\\\" backgorund-color=\\\"#ffffff\\\"]<\/p>\n<img src=\"http:\/\/www.degren.eu\/wp-content\/uploads\/2017\/12\/imago_manu-100x50.jpg\" width=\"100\" height=\"50\" title=\"imago_manu\" alt=\"imago_manu\">\n<table class=\\\" aligncenter\\\" style=\\\"width: 328px;\\\"> <tbody> <tr> <td style=\\\"width: 318px;\\\"><img class=\\\"aligncenter wp-image-1299 size-full\\\" src=\\\"http:\/\/www.degren.eu\/wp-content\/uploads\/2017\/12\/mapa.png\\\" alt=\\\"\\\" width=\\\"561\\\" height=\\\"408\\\" \/><\/td> <\/tr> <tr> <td style=\\\"width: 318px; text-align: left;\\\">Centro, Alentejo e Extremadura s\u00e3o as regi\u00f5es envolvidas no projeto DEGREN<\/td> <\/tr> <\/tbody> <\/table> <p>&nbsp;<\/p>\n<h2 style=\\\"margin-bottom: -5px;\\\"><strong>QUEM SOMOS?<\/strong><\/h2> <hr style=\\\"margin-bottom: 20px;\\\" \/> <p style=\\\"text-align: justify;\\\">O projeto \u00e9 formado por uma rede de parceiros das regi\u00f5es que comp\u00f5em a Eurorregi\u00e3o EUROACE e \u00e9 liderado pelo <a href=\\\"http:\/\/www.degren.eu\/?page_id=1895&amp;lang=pt\\\" rel=\\\"noopener\\\"><strong>Instituto Tecnol\u00f3gico de Rocas Ornamentales y Materiales de Construcci\u00f3n (INTROMAC)<\/strong><\/a> e conta com os seguintes s\u00f3cios das regi\u00f5es do Alentejo e Centro de Portugal e da Extremadura em Espanha:<\/p> <ul> <li style=\\\"text-align: justify;\\\"><a href=\\\"http:\/\/www.degren.eu\/?page_id=1925&amp;lang=pt\\\">Associa\u00e7\u00e3o Nacional de Jovens Empres\u00e1rios - ANJE<\/a><\/li> <li style=\\\"text-align: justify;\\\"><a href=\\\"http:\/\/www.degren.eu\/?page_id=1805&amp;lang=pt\\\" rel=\\\"noopener\\\">Cluster Habitat Sustent\u00e1vel - Centro HABITAT<\/a><\/li> <li style=\\\"text-align: justify;\\\"><a href=\\\"http:\/\/www.degren.eu\/?page_id=1778&amp;lang=pt\\\">Colegio Oficial Ingenieros Industriales de Extremadura - COIIEX<\/a><\/li> <li style=\\\"text-align: justify;\\\"><a href=\\\"http:\/\/www.degren.eu\/?page_id=1796&amp;lang=pt\\\" rel=\\\"noopener\\\">Fundaci\u00f3n Fundecyt-Parque Cient\u00edfico y Tecnol\u00f3gico de Extremadura -FUNDECYT-PCTEX<\/a><\/li> <li style=\\\"text-align: justify;\\\"><a href=\\\"http:\/\/www.degren.eu\/?page_id=1787&amp;lang=pt\\\" rel=\\\"noopener\\\">Centro Tecnol\u00f3gico da Cer\u00e2mica e do Vidro -CTCV<\/a><\/li> <li style=\\\"text-align: justify;\\\"><a href=\\\"http:\/\/www.degren.eu\/?page_id=1823&amp;lang=pt\\\">Universidad de Extremadura -UEX<\/a><\/li> <p> <\/p> <li style=\\\"text-align: justify;\\\"><a href=\\\"http:\/\/www.degren.eu\/?page_id=1814&amp;lang=pt\\\">Instituto Polit\u00e9cnico de Leiria - IP Leiria.<\/a><\/li> <\/ul>","_links":{"self":[{"href":"http:\/\/www.degren.eu\/index.php?rest_route=\/wp\/v2\/pages\/2498","targetHints":{"allow":["GET"]}}],"collection":[{"href":"http:\/\/www.degren.eu\/index.php?rest_route=\/wp\/v2\/pages"}],"about":[{"href":"http:\/\/www.degren.eu\/index.php?rest_route=\/wp\/v2\/types\/page"}],"author":[{"embeddable":true,"href":"http:\/\/www.degren.eu\/index.php?rest_route=\/wp\/v2\/users\/6"}],"replies":[{"embeddable":true,"href":"http:\/\/www.degren.eu\/index.php?rest_route=%2Fwp%2Fv2%2Fcomments&post=2498"}],"version-history":[{"count":5,"href":"http:\/\/www.degren.eu\/index.php?rest_route=\/wp\/v2\/pages\/2498\/revisions"}],"predecessor-version":[{"id":4473,"href":"http:\/\/www.degren.eu\/index.php?rest_route=\/wp\/v2\/pages\/2498\/revisions\/4473"}],"wp:attachment":[{"href":"http:\/\/www.degren.eu\/index.php?rest_route=%2Fwp%2Fv2%2Fmedia&parent=2498"}],"curies":[{"name":"wp","href":"https:\/\/api.w.org\/{rel}","templated":true}]}}