{"id":2190,"date":"2018-01-30T13:28:35","date_gmt":"2018-01-30T12:28:35","guid":{"rendered":"http:\/\/www.degren.eu\/?page_id=2190"},"modified":"2023-05-09T10:45:21","modified_gmt":"2023-05-09T08:45:21","slug":"mediapress-2","status":"publish","type":"page","link":"http:\/\/www.degren.eu\/?page_id=2190","title":{"rendered":"NOTICIAS"},"content":{"rendered":"<p><!--themify_builder_static--><\/p>\n<p>[wpmegamenu menu_location=\u00bbmain-nav\u00bb backgorund-color=\u00bb#ffffff\u00bb]<\/p>\n<p> <a href=\"http:\/\/www.degren.eu\/?page_id=2143\"> <img decoding=\"async\" src=\"http:\/\/www.degren.eu\/wp-content\/uploads\/2017\/12\/imago_manu.jpg\" alt=\"imago_manu\"> <\/a> <\/p>\n<table style=\"width: 328px;\">\n<tbody>\n<tr>\n<td style=\"width: 318px;\"><img loading=\"lazy\" decoding=\"async\" src=\"http:\/\/www.degren.eu\/wp-content\/uploads\/2017\/12\/fabric-wrapping.jpg\" alt=\"\" width=\"600\" height=\"600\"><\/td>\n<\/tr>\n<tr>\n<td style=\"width: 318px; text-align: left;\">T\u00e9cnica japonesa furoshiki: una forma muy original y sostenible a la hora de envolver regalos utilizando tela. <a href=\"https:\/\/mymodernmet.com\/fabric-gift-wrap\/\" target=\"_blank\" rel=\"noopener\"><br><strong>+info&#8230;<\/strong><\/a><\/td>\n<\/tr>\n<\/tbody>\n<\/table>\n<h2 style=\"margin-bottom: -5px;\"><strong>NOTICIAS<\/strong><\/h2>\n<hr style=\"margin-bottom: 20px;\">\n<p style=\"text-align: justify;\">En el apartado de Noticias encontrar\u00e1s toda la actualidad relacionada con el Ecodise\u00f1o, adem\u00e1s de la que se desarrolle de forma interna durante la vida del proyecto.<\/p>\n<p style=\"text-align: justify;\">A trav\u00e9s de la <a href=\"http:\/\/www.degren.eu\/wp-content\/uploads\/2017\/12\/imago_manu.jpg\">Newsletter<\/a> publicada semestralmente, podr\u00e1s mantenerte al d\u00eda de todas las novedades del proyecto.<\/p>\n<p><!--\/themify_builder_static--><\/p>\n\n<!-- wp:themify-builder\/canvas \/-->","protected":false},"excerpt":{"rendered":"<p>[wpmegamenu menu_location=\u00bbmain-nav\u00bb backgorund-color=\u00bb#ffffff\u00bb] T\u00e9cnica japonesa furoshiki: una forma muy original y sostenible a la hora de envolver regalos utilizando tela. +info&#8230; NOTICIAS En el apartado de Noticias encontrar\u00e1s toda la [&hellip;]<\/p>\n","protected":false},"author":6,"featured_media":0,"parent":0,"menu_order":0,"comment_status":"closed","ping_status":"closed","template":"","meta":{"footnotes":""},"class_list":["post-2190","page","type-page","status-publish","hentry","has-post-title","has-post-date","has-post-category","has-post-tag","has-post-comment","has-post-author",""],"builder_content":"<ul id=\"menu-menu-superior\"><li id=\"menu-item-234\"><a href=\"http:\/\/www.degren.eu\"><img src=\"http:\/\/www.degren.eu\/wp-content\/uploads\/2018\/10\/logotipo-peque\u00f1o.png\" alt=\"inicio\" width=\"400\"><\/a><\/li> <li id=\"menu-item-638\"><a href=\"http:\/\/www.degren.eu\/?page_id=11\">\u00bfQUE ES?<\/a> <ul> <li id=\"menu-item-2007\"><a href=\"http:\/\/www.degren.eu\/?page_id=11\">\u00a0\u00a0\u00bfQUE ES?<\/a><\/li> <li id=\"menu-item-639\"><a href=\"http:\/\/www.degren.eu\/?page_id=594\">\u00a0\u00a0\u00bfQUIENES SOMOS?<\/a><\/li> <li id=\"menu-item-727\"><a href=\"http:\/\/www.degren.eu\/?page_id=719\">\u00a0\u00a0RESULTADOS DEL PROYECTO<\/a><\/li> <li id=\"menu-item-5121\"><a href=\"http:\/\/www.degren.eu\/?page_id=5119\">\u00a0\u00a0\u00bfQUE DICEN DE NOSOTROS?<\/a><\/li> <li id=\"menu-item-1040\"><a href=\"http:\/\/www.degren.eu\/?page_id=1033\">\u00a0\u00a0CONTACTO<\/a><\/li> <\/ul> <\/li> <li id=\"menu-item-798\"><a href=\"http:\/\/www.degren.eu\/?page_id=791\">ECODISE\u00d1O<\/a><\/li> <li id=\"menu-item-806\"><a href=\"http:\/\/www.degren.eu\/?page_id=800\">RECURSOS<\/a> <ul> <li id=\"menu-item-2177\"><a href=\"http:\/\/www.degren.eu\/?page_id=800\">RECURSOS<\/a><\/li> <\/ul> <\/li> <li id=\"menu-item-2766\"><a href=\"http:\/\/www.degren.eu\/?page_id=2190\">NOTICIAS<\/a> <ul> <li id=\"menu-item-2768\"><a href=\"http:\/\/www.degren.eu\/?page_id=2190\">NOTICIAS<\/a><\/li> <li id=\"menu-item-2567\"><a href=\"http:\/\/www.degren.eu\/?page_id=2143\">\u00a0\u00a0NEWSLETTER<\/a><\/li> <\/ul> <\/li> <li id=\"menu-item-2767\"><a href=\"http:\/\/www.degren.eu\/?page_id=2778\">ACTIVIDADES<\/a> <ul> <li id=\"menu-item-1317\"><a href=\"http:\/\/www.degren.eu\/?page_id=1310\">\u00a0\u00a0EVENTOS<\/a><\/li> <li id=\"menu-item-4786\"><a target=\"_blank\" href=\"http:\/\/1eem.degren.eu\/\">1er EUROACE ECODESIGN MEETING<\/a><\/li> <\/ul> <\/li> <li id=\"menu-item-986\"><a href=\"#pll_switcher\">Idiomas<\/a><\/li> <\/ul>\n<a href=\"http:\/\/www.degren.eu\/?page_id=2143\"> <img src=\"http:\/\/www.degren.eu\/wp-content\/uploads\/2017\/12\/imago_manu.jpg\" title=\"imago_manu\" alt=\"imago_manu\"> <\/a>\n<table class=\\\" aligncenter\\\" style=\\\"width: 328px;\\\"><tbody><tr><td style=\\\"width: 318px;\\\"><img class=\\\"aligncenter wp-image-1366 size-full\\\" src=\\\"http:\/\/www.degren.eu\/wp-content\/uploads\/2017\/12\/fabric-wrapping.jpg\\\" alt=\\\"\\\" width=\\\"600\\\" height=\\\"600\\\" \/><\/td><\/tr><tr><td style=\\\"width: 318px; text-align: left;\\\">T\u00e9cnica japonesa furoshiki: una forma muy original y sostenible a la hora de envolver regalos utilizando tela. <a href=\\\"https:\/\/mymodernmet.com\/fabric-gift-wrap\/\\\" target=\\\"_blank\\\" rel=\\\"noopener\\\"><br \/><strong>+info...<\/strong><\/a><\/td><\/tr><\/tbody><\/table><p>\u00a0<\/p>\n<h2 style=\\\"margin-bottom: -5px;\\\"><strong>NOTICIAS<\/strong><\/h2> <hr style=\\\"margin-bottom: 20px;\\\" \/> <p style=\\\"text-align: justify;\\\">En el apartado de Noticias encontrar\u00e1s toda la actualidad relacionada con el Ecodise\u00f1o, adem\u00e1s de la que se desarrolle de forma interna durante la vida del proyecto.<\/p> <p style=\\\"text-align: justify;\\\">A trav\u00e9s de la <a href=\\\"http:\/\/www.degren.eu\/wp-content\/uploads\/2017\/12\/imago_manu.jpg\\\">Newsletter<\/a> publicada semestralmente, podr\u00e1s mantenerte al d\u00eda de todas las novedades del proyecto.<\/p>","_links":{"self":[{"href":"http:\/\/www.degren.eu\/index.php?rest_route=\/wp\/v2\/pages\/2190","targetHints":{"allow":["GET"]}}],"collection":[{"href":"http:\/\/www.degren.eu\/index.php?rest_route=\/wp\/v2\/pages"}],"about":[{"href":"http:\/\/www.degren.eu\/index.php?rest_route=\/wp\/v2\/types\/page"}],"author":[{"embeddable":true,"href":"http:\/\/www.degren.eu\/index.php?rest_route=\/wp\/v2\/users\/6"}],"replies":[{"embeddable":true,"href":"http:\/\/www.degren.eu\/index.php?rest_route=%2Fwp%2Fv2%2Fcomments&post=2190"}],"version-history":[{"count":39,"href":"http:\/\/www.degren.eu\/index.php?rest_route=\/wp\/v2\/pages\/2190\/revisions"}],"predecessor-version":[{"id":5403,"href":"http:\/\/www.degren.eu\/index.php?rest_route=\/wp\/v2\/pages\/2190\/revisions\/5403"}],"wp:attachment":[{"href":"http:\/\/www.degren.eu\/index.php?rest_route=%2Fwp%2Fv2%2Fmedia&parent=2190"}],"curies":[{"name":"wp","href":"https:\/\/api.w.org\/{rel}","templated":true}]}}