{"id":1882,"date":"2018-01-22T10:02:09","date_gmt":"2018-01-22T10:02:09","guid":{"rendered":"http:\/\/www.degren.eu\/index.php\/anje-copy\/"},"modified":"2019-10-29T21:03:26","modified_gmt":"2019-10-29T20:03:26","slug":"intromac-2","status":"publish","type":"page","link":"http:\/\/www.degren.eu\/?page_id=1882","title":{"rendered":"INTROMAC"},"content":{"rendered":"<p><!--themify_builder_static--><\/p>\n<p>[wpmegamenu menu_location=\u00bbmain-nav\u00bb backgorund-color=\u00bb#ffffff\u00bb]<\/p>\n<p><a href=\"http:\/\/www.degren.eu\/?page_id=2143\" > <img decoding=\"async\" src=\"http:\/\/www.degren.eu\/wp-content\/uploads\/2017\/12\/imago_manu.jpg\" alt=\"imago_manu\" \/> <\/a><\/p>\n<table style=\"width: 328px;\">\n<tbody>\n<tr>\n<td style=\"width: 318px;\"><img loading=\"lazy\" decoding=\"async\" src=\"http:\/\/www.degren.eu\/wp-content\/uploads\/2018\/01\/intromac.jpg\" alt=\"\" width=\"600\" height=\"378\" \/><\/td>\n<\/tr>\n<tr>\n<td style=\"width: 318px; text-align: left;\">Campus Universitario. 10071 C\u00e1ceres, ES<br \/> +34 927181042<br \/> <a href=\"http:\/\/www.intromac.com\" target=\"_blank\" rel=\"noopener\"><strong>www.intromac.com<\/strong><\/a><\/p>\n<p>[php_everywhere]<\/td>\n<\/tr>\n<\/tbody>\n<\/table>\n<p>&nbsp;<\/p>\n<h2 style=\"margin-bottom: -5px;\"><strong>INTROMAC \u2013 Instituto Tecnol\u00f3gico de Rocas Ornamentales y Materiales de Construcci\u00f3n<\/strong><\/h2>\n<hr style=\"margin-bottom: 10px;\" \/>\n<h3><strong>INTROMAC<\/strong><\/h3>\n<p style=\"text-align: justify;\">Es un instrumento de la Junta de Extremadura para lograr incrementar la competitividad de las empresas a trav\u00e9s de la innovaci\u00f3n. Dispone de una moderna infraestructura tecnol\u00f3gica y de un equipo de investigadores y tecn\u00f3logos con gran experiencia.<\/p>\n<p style=\"text-align: justify;\">Este instituto est\u00e1 especializado en dise\u00f1ar productos y servicios ecoeficientes, empleando menos materiales en su elaboraci\u00f3n, generando menos residuos y utilizando materias primas de bajo impacto ambiental.<\/p>\n<p style=\"text-align: justify;\">Promueve el empleo de tecnolog\u00edas limpias, la mejor\u00eda continua y el Ecodise\u00f1o, considerando en el proceso de innovaci\u00f3n el ciclo de vida del producto. As\u00ed es como la Innovaci\u00f3n y el Ecodise\u00f1o pueden ayudar a alcanzar el desarrollo sostenible y aumentar la competitividad de las empresas.<\/p>\n<p><!--\/themify_builder_static--><\/p>\n","protected":false},"excerpt":{"rendered":"<p>[wpmegamenu menu_location=\u00bbmain-nav\u00bb backgorund-color=\u00bb#ffffff\u00bb] Campus Universitario. 10071 C\u00e1ceres, ES +34 927181042 www.intromac.com [php_everywhere] &nbsp; INTROMAC \u2013 Instituto Tecnol\u00f3gico de Rocas Ornamentales y Materiales de Construcci\u00f3n INTROMAC Es un instrumento de la [&hellip;]<\/p>\n","protected":false},"author":6,"featured_media":0,"parent":0,"menu_order":0,"comment_status":"closed","ping_status":"closed","template":"","meta":{"footnotes":""},"class_list":["post-1882","page","type-page","status-publish","hentry","has-post-title","has-post-date","has-post-category","has-post-tag","has-post-comment","has-post-author",""],"builder_content":"<p>[wpmegamenu menu_location=\"main-nav\" backgorund-color=\"#ffffff\"]<\/p>\n<a href=\"http:\/\/www.degren.eu\/?page_id=2143\"> <img src=\"http:\/\/www.degren.eu\/wp-content\/uploads\/2017\/12\/imago_manu.jpg\" title=\"imago_manu\" alt=\"imago_manu\"> <\/a>\n<table style=\"width: 328px;\"> <tbody> <tr> <td style=\"width: 318px;\"><img src=\"http:\/\/www.degren.eu\/wp-content\/uploads\/2018\/01\/intromac.jpg\" alt=\"\" width=\"600\" height=\"378\" \/><\/td> <\/tr> <tr> <td style=\"width: 318px; text-align: left;\">Campus Universitario. 10071 C\u00e1ceres, ES<br \/> +34 927181042<br \/> <a href=\"http:\/\/www.intromac.com\" target=\"_blank\" rel=\"noopener\"><strong>www.intromac.com<\/strong><\/a><\/p> <p>[php_everywhere]<\/td> <\/tr> <\/tbody> <\/table> <p>&nbsp;<\/p>\n<h2 style=\"margin-bottom: -5px;\"><strong>INTROMAC \u2013 Instituto Tecnol\u00f3gico de Rocas Ornamentales y Materiales de Construcci\u00f3n<\/strong><\/h2><hr style=\"margin-bottom: 10px;\" \/><h3><strong>INTROMAC<\/strong><\/h3><p style=\"text-align: justify;\">Es un instrumento de la Junta de Extremadura para lograr incrementar la competitividad de las empresas a trav\u00e9s de la innovaci\u00f3n. Dispone de una moderna infraestructura tecnol\u00f3gica y de un equipo de investigadores y tecn\u00f3logos con gran experiencia.<\/p><p style=\"text-align: justify;\">Este instituto est\u00e1 especializado en dise\u00f1ar productos y servicios ecoeficientes, empleando menos materiales en su elaboraci\u00f3n, generando menos residuos y utilizando materias primas de bajo impacto ambiental.<\/p><p style=\"text-align: justify;\">Promueve el empleo de tecnolog\u00edas limpias, la mejor\u00eda continua y el Ecodise\u00f1o, considerando en el proceso de innovaci\u00f3n el ciclo de vida del producto. As\u00ed es como la Innovaci\u00f3n y el Ecodise\u00f1o pueden ayudar a alcanzar el desarrollo sostenible y aumentar la competitividad de las empresas.<\/p>","_links":{"self":[{"href":"http:\/\/www.degren.eu\/index.php?rest_route=\/wp\/v2\/pages\/1882","targetHints":{"allow":["GET"]}}],"collection":[{"href":"http:\/\/www.degren.eu\/index.php?rest_route=\/wp\/v2\/pages"}],"about":[{"href":"http:\/\/www.degren.eu\/index.php?rest_route=\/wp\/v2\/types\/page"}],"author":[{"embeddable":true,"href":"http:\/\/www.degren.eu\/index.php?rest_route=\/wp\/v2\/users\/6"}],"replies":[{"embeddable":true,"href":"http:\/\/www.degren.eu\/index.php?rest_route=%2Fwp%2Fv2%2Fcomments&post=1882"}],"version-history":[{"count":19,"href":"http:\/\/www.degren.eu\/index.php?rest_route=\/wp\/v2\/pages\/1882\/revisions"}],"predecessor-version":[{"id":2590,"href":"http:\/\/www.degren.eu\/index.php?rest_route=\/wp\/v2\/pages\/1882\/revisions\/2590"}],"wp:attachment":[{"href":"http:\/\/www.degren.eu\/index.php?rest_route=%2Fwp%2Fv2%2Fmedia&parent=1882"}],"curies":[{"name":"wp","href":"https:\/\/api.w.org\/{rel}","templated":true}]}}