{"id":1749,"date":"2018-01-20T22:53:49","date_gmt":"2018-01-20T22:53:49","guid":{"rendered":"http:\/\/www.degren.eu\/?page_id=1749"},"modified":"2018-11-16T13:42:41","modified_gmt":"2018-11-16T12:42:41","slug":"media-press","status":"publish","type":"page","link":"http:\/\/www.degren.eu\/?page_id=1749&lang=pt","title":{"rendered":"MEDIA PRESS"},"content":{"rendered":"<p><!--themify_builder_static--><\/p>\n<p>[wpmegamenu menu_location=\u00bbmain-nav\u00bb backgorund-color=\u00bb#ffffff\u00bb]<\/p>\n<p> <a href=\"http:\/\/www.degren.eu\/?page_id=2161&#038;lang=pt\" > <img decoding=\"async\" src=\"http:\/\/www.degren.eu\/wp-content\/uploads\/2017\/12\/imago_manu.jpg\" alt=\"imago_manu\" \/> <\/a> <\/p>\n<table style=\"width: 328px;\">\n<tbody>\n<tr>\n<td style=\"width: 318px;\"><img loading=\"lazy\" decoding=\"async\" src=\"http:\/\/www.degren.eu\/wp-content\/uploads\/2017\/12\/fabric-wrapping.jpg\" alt=\"\" width=\"600\" height=\"600\" \/><\/td>\n<\/tr>\n<tr>\n<td style=\"width: 318px; text-align: left;\">T\u00e9cnica japonesa furoshiki: uma maneira muito original e sustent\u00e1vel quando se trata de embrulhar presentes usando tecido. <a href=\"https:\/\/mymodernmet.com\/fabric-gift-wrap\/\" target=\"_blank\" rel=\"noopener\"><br \/> <strong>+info&#8230;<\/strong><\/a><\/td>\n<\/tr>\n<\/tbody>\n<\/table>\n<p>\u00a0<\/p>\n<h2 style=\"margin-bottom: -5px;\"><strong>MEDIA PRESS<\/strong><\/h2>\n<hr style=\"margin-bottom: 20px;\" \/>\n<h3><strong>Media press<\/strong><\/h3>\n<p style=\"text-align: justify;\">Deixamos aqui uma apresenta\u00e7\u00e3o e a brochura do projeto, onde poder\u00e1 ficar a conhecer mais sobre o intuito, objetivos, atividades e resultados<\/p>\n<ul>\n<li><a href=\"http:\/\/www.degren.eu\/wp-content\/uploads\/2018\/01\/Template_Project_Presentation_DEGREN_PT.pdf\" target=\"_blank\" rel=\"noopener\"><strong>Apresenta\u00e7\u00e3o do Projeto DEGREN<\/strong><\/a><\/li>\n<li><a href=\"http:\/\/www.degren.eu\/wp-content\/uploads\/2018\/11\/FLYER_DEF_PT_web.pdf\" target=\"_blank\" rel=\"noopener\"><strong>Brochura do projeto DEGREN<\/strong><\/a><\/li>\n<\/ul>\n<p style=\"text-align: justify;\">No seguinte link, os logotipos do projeto s\u00e3o apresentados para que eles possam ser usados<br \/>para qualquer atividade de comunica\u00e7\u00e3o <a href=\"http:\/\/www.degren.eu\/wp-content\/uploads\/2018\/01\/LOGOTIPOS_DEGREN.rar\"><strong>DEGREN Logos<\/strong><\/a><\/p>\n<p style=\"text-align: justify;\">Para qualquer informa\u00e7\u00e3o adicionar, pode entrar em contacto atrav\u00e9s de <a href=\"mailto:com@degren.eu\">com@degren.eu<\/a><\/p>\n<p><!--\/themify_builder_static--><\/p>\n","protected":false},"excerpt":{"rendered":"<p>[wpmegamenu menu_location=\u00bbmain-nav\u00bb backgorund-color=\u00bb#ffffff\u00bb] T\u00e9cnica japonesa furoshiki: uma maneira muito original e sustent\u00e1vel quando se trata de embrulhar presentes usando tecido. +info&#8230; \u00a0 MEDIA PRESS Media press Deixamos aqui uma apresenta\u00e7\u00e3o [&hellip;]<\/p>\n","protected":false},"author":6,"featured_media":0,"parent":0,"menu_order":0,"comment_status":"closed","ping_status":"closed","template":"","meta":{"footnotes":""},"class_list":["post-1749","page","type-page","status-publish","hentry","has-post-title","has-post-date","has-post-category","has-post-tag","has-post-comment","has-post-author",""],"builder_content":"<p>[wpmegamenu menu_location=\\\"main-nav\\\" backgorund-color=\\\"#ffffff\\\"]<\/p>\n<a href=\"http:\/\/www.degren.eu\/?page_id=2161&#038;lang=pt\"> <img src=\"http:\/\/www.degren.eu\/wp-content\/uploads\/2017\/12\/imago_manu.jpg\" title=\"imago_manu\" alt=\"imago_manu\"> <\/a>\n<table class=\\\" aligncenter\\\" style=\\\"width: 328px;\\\"><tbody><tr><td style=\\\"width: 318px;\\\"><img class=\\\"aligncenter wp-image-1366 size-full\\\" src=\\\"http:\/\/www.degren.eu\/wp-content\/uploads\/2017\/12\/fabric-wrapping.jpg\\\" alt=\\\"\\\" width=\\\"600\\\" height=\\\"600\\\" \/><\/td><\/tr><tr><td style=\\\"width: 318px; text-align: left;\\\">T\u00e9cnica japonesa furoshiki: uma maneira muito original e sustent\u00e1vel quando se trata de embrulhar presentes usando tecido. <a href=\\\"https:\/\/mymodernmet.com\/fabric-gift-wrap\/\\\" target=\\\"_blank\\\" rel=\\\"noopener\\\"><br \/> <strong>+info...<\/strong><\/a><\/td><\/tr><\/tbody><\/table><p>\u00a0<\/p>\n<h2 style=\\\"margin-bottom: -5px;\\\"><strong>MEDIA PRESS<\/strong><\/h2><hr style=\\\"margin-bottom: 20px;\\\" \/><h3><strong>Media press<\/strong><\/h3><p style=\\\"text-align: justify;\\\">Deixamos aqui uma apresenta\u00e7\u00e3o e a brochura do projeto, onde poder\u00e1 ficar a conhecer mais sobre o intuito, objetivos, atividades e resultados<\/p><ul><li><a href=\\\"http:\/\/www.degren.eu\/wp-content\/uploads\/2018\/01\/Template_Project_Presentation_DEGREN_PT.pdf\\\" target=\\\"_blank\\\" rel=\\\"noopener\\\"><strong>Apresenta\u00e7\u00e3o do Projeto DEGREN<\/strong><\/a><\/li><li><a href=\\\"http:\/\/www.degren.eu\/wp-content\/uploads\/2018\/11\/FLYER_DEF_PT_web.pdf\\\" target=\\\"_blank\\\" rel=\\\"noopener\\\"><strong>Brochura do projeto DEGREN<\/strong><\/a><\/li><\/ul><p style=\\\"text-align: justify;\\\">No seguinte link, os logotipos do projeto s\u00e3o apresentados para que eles possam ser usados<br \/>para qualquer atividade de comunica\u00e7\u00e3o <a href=\\\"http:\/\/www.degren.eu\/wp-content\/uploads\/2018\/01\/LOGOTIPOS_DEGREN.rar\\\"><strong>DEGREN Logos<\/strong><\/a><\/p><p style=\\\"text-align: justify;\\\">Para qualquer informa\u00e7\u00e3o adicionar, pode entrar em contacto atrav\u00e9s de <a href=\\\"mailto:com@degren.eu\\\">com@degren.eu<\/a><\/p>","_links":{"self":[{"href":"http:\/\/www.degren.eu\/index.php?rest_route=\/wp\/v2\/pages\/1749","targetHints":{"allow":["GET"]}}],"collection":[{"href":"http:\/\/www.degren.eu\/index.php?rest_route=\/wp\/v2\/pages"}],"about":[{"href":"http:\/\/www.degren.eu\/index.php?rest_route=\/wp\/v2\/types\/page"}],"author":[{"embeddable":true,"href":"http:\/\/www.degren.eu\/index.php?rest_route=\/wp\/v2\/users\/6"}],"replies":[{"embeddable":true,"href":"http:\/\/www.degren.eu\/index.php?rest_route=%2Fwp%2Fv2%2Fcomments&post=1749"}],"version-history":[{"count":17,"href":"http:\/\/www.degren.eu\/index.php?rest_route=\/wp\/v2\/pages\/1749\/revisions"}],"predecessor-version":[{"id":3739,"href":"http:\/\/www.degren.eu\/index.php?rest_route=\/wp\/v2\/pages\/1749\/revisions\/3739"}],"wp:attachment":[{"href":"http:\/\/www.degren.eu\/index.php?rest_route=%2Fwp%2Fv2%2Fmedia&parent=1749"}],"curies":[{"name":"wp","href":"https:\/\/api.w.org\/{rel}","templated":true}]}}