{"id":1740,"date":"2018-01-20T22:43:11","date_gmt":"2018-01-20T22:43:11","guid":{"rendered":"http:\/\/www.degren.eu\/?page_id=1740"},"modified":"2019-10-29T20:58:52","modified_gmt":"2019-10-29T19:58:52","slug":"laboratorio-tecnico","status":"publish","type":"page","link":"http:\/\/www.degren.eu\/?page_id=1740&lang=pt","title":{"rendered":"LABORAT\u00d3RIO T\u00c9CNICO"},"content":{"rendered":"<p><!--themify_builder_static--><\/p>\n<p>[wpmegamenu menu_location=\u00bbmain-nav\u00bb backgorund-color=\u00bb#ffffff\u00bb]<\/p>\n<p><a href=\"http:\/\/www.degren.eu\/?page_id=2161&#038;lang=pt\" > <img decoding=\"async\" src=\"http:\/\/www.degren.eu\/wp-content\/uploads\/2017\/12\/imago_manu.jpg\" alt=\"imago_manu\" \/> <\/a><\/p>\n<table style=\"width: 328px;\">\n<tbody>\n<tr>\n<td style=\"width: 318px;\"><img loading=\"lazy\" decoding=\"async\" src=\"http:\/\/www.degren.eu\/wp-content\/uploads\/2017\/12\/cork-lamp.jpg\" alt=\"\" width=\"600\" height=\"600\" \/><\/td>\n<\/tr>\n<tr>\n<td style=\"width: 318px; text-align: left;\">Cork_lamp: o flutuador, l\u00e2mpada criada por Benjamin Hubert a partir de rolhas de res\u00edduos<br \/><strong><a href=\"https:\/\/www.land8.com\/top-10-eco-friendly-products\/\" target=\"_blank\" rel=\"noopener\">+info&#8230;<\/a><\/strong><\/td>\n<\/tr>\n<\/tbody>\n<\/table>\n<p>\u00a0<\/p>\n<h2 style=\"margin-bottom: -5px;\"><strong>LABORAT\u00d3RIO T\u00c9CNICO<\/strong><\/h2>\n<hr style=\"margin-bottom: 20px;\" \/>\n<h3><strong>Laborat\u00f3rio t\u00e9cnico<\/strong><\/h3>\n<p style=\"text-align: justify;\">O Laborat\u00f3rio T\u00e9cnico ter\u00e1 instala\u00e7\u00f5es e equipamentos adaptados para facilitar a incorpora\u00e7\u00e3o de metodologias e novas t\u00e9cnicas nas empresas. Da mesma forma, disponibilizar\u00e1 os seus recursos para testar e contrastar os projetos desenvolvidos sob as premissas do ECODESIGN.<\/p>\n<p style=\"text-align: justify;\">O objetivo deste Laborat\u00f3rio \u00e9 desenvolver uma infraestrutura est\u00e1vel e coordenada que facilite a coopera\u00e7\u00e3o transfronteiri\u00e7a a m\u00e9dio e longo prazos entre agentes de I+D+i e empresas.<\/p>\n<p><!--\/themify_builder_static--><\/p>\n","protected":false},"excerpt":{"rendered":"<p>[wpmegamenu menu_location=\u00bbmain-nav\u00bb backgorund-color=\u00bb#ffffff\u00bb] Cork_lamp: o flutuador, l\u00e2mpada criada por Benjamin Hubert a partir de rolhas de res\u00edduos+info&#8230; \u00a0 LABORAT\u00d3RIO T\u00c9CNICO Laborat\u00f3rio t\u00e9cnico O Laborat\u00f3rio T\u00e9cnico ter\u00e1 instala\u00e7\u00f5es e equipamentos adaptados [&hellip;]<\/p>\n","protected":false},"author":6,"featured_media":0,"parent":0,"menu_order":0,"comment_status":"closed","ping_status":"closed","template":"","meta":{"footnotes":""},"class_list":["post-1740","page","type-page","status-publish","hentry","has-post-title","has-post-date","has-post-category","has-post-tag","has-post-comment","has-post-author",""],"builder_content":"<p>[wpmegamenu menu_location=\"main-nav\" backgorund-color=\"#ffffff\"]<\/p>\n<a href=\"http:\/\/www.degren.eu\/?page_id=2161&#038;lang=pt\"> <img src=\"http:\/\/www.degren.eu\/wp-content\/uploads\/2017\/12\/imago_manu.jpg\" title=\"imago_manu\" alt=\"imago_manu\"> <\/a>\n<table style=\"width: 328px;\"><tbody><tr><td style=\"width: 318px;\"><img src=\"http:\/\/www.degren.eu\/wp-content\/uploads\/2017\/12\/cork-lamp.jpg\" alt=\"\" width=\"600\" height=\"600\" \/><\/td><\/tr><tr><td style=\"width: 318px; text-align: left;\">Cork_lamp: o flutuador, l\u00e2mpada criada por Benjamin Hubert a partir de rolhas de res\u00edduos<br \/><strong><a href=\"https:\/\/www.land8.com\/top-10-eco-friendly-products\/\" target=\"_blank\" rel=\"noopener\">+info...<\/a><\/strong><\/td><\/tr><\/tbody><\/table><p>\u00a0<\/p>\n<h2 style=\"margin-bottom: -5px;\"><strong>LABORAT\u00d3RIO T\u00c9CNICO<\/strong><\/h2><hr style=\"margin-bottom: 20px;\" \/><h3><strong>Laborat\u00f3rio t\u00e9cnico<\/strong><\/h3><p style=\"text-align: justify;\">O Laborat\u00f3rio T\u00e9cnico ter\u00e1 instala\u00e7\u00f5es e equipamentos adaptados para facilitar a incorpora\u00e7\u00e3o de metodologias e novas t\u00e9cnicas nas empresas. Da mesma forma, disponibilizar\u00e1 os seus recursos para testar e contrastar os projetos desenvolvidos sob as premissas do ECODESIGN.<\/p><p style=\"text-align: justify;\">O objetivo deste Laborat\u00f3rio \u00e9 desenvolver uma infraestrutura est\u00e1vel e coordenada que facilite a coopera\u00e7\u00e3o transfronteiri\u00e7a a m\u00e9dio e longo prazos entre agentes de I+D+i e empresas.<\/p>","_links":{"self":[{"href":"http:\/\/www.degren.eu\/index.php?rest_route=\/wp\/v2\/pages\/1740","targetHints":{"allow":["GET"]}}],"collection":[{"href":"http:\/\/www.degren.eu\/index.php?rest_route=\/wp\/v2\/pages"}],"about":[{"href":"http:\/\/www.degren.eu\/index.php?rest_route=\/wp\/v2\/types\/page"}],"author":[{"embeddable":true,"href":"http:\/\/www.degren.eu\/index.php?rest_route=\/wp\/v2\/users\/6"}],"replies":[{"embeddable":true,"href":"http:\/\/www.degren.eu\/index.php?rest_route=%2Fwp%2Fv2%2Fcomments&post=1740"}],"version-history":[{"count":8,"href":"http:\/\/www.degren.eu\/index.php?rest_route=\/wp\/v2\/pages\/1740\/revisions"}],"predecessor-version":[{"id":2646,"href":"http:\/\/www.degren.eu\/index.php?rest_route=\/wp\/v2\/pages\/1740\/revisions\/2646"}],"wp:attachment":[{"href":"http:\/\/www.degren.eu\/index.php?rest_route=%2Fwp%2Fv2%2Fmedia&parent=1740"}],"curies":[{"name":"wp","href":"https:\/\/api.w.org\/{rel}","templated":true}]}}