{"id":1731,"date":"2018-01-20T22:32:39","date_gmt":"2018-01-20T22:32:39","guid":{"rendered":"http:\/\/www.degren.eu\/?page_id=1731"},"modified":"2019-09-16T09:06:19","modified_gmt":"2019-09-16T07:06:19","slug":"laboratorio-criativo-en-ecodesign","status":"publish","type":"page","link":"http:\/\/www.degren.eu\/?page_id=1731&lang=pt","title":{"rendered":"LABORAT\u00d3RIO criativo en ECODESIGN"},"content":{"rendered":"<!--themify_builder_static--><p>[wpmegamenu menu_location=\u00bbmain-nav\u00bb backgorund-color=\u00bb#ffffff\u00bb]<\/p>\n<a href=\"http:\/\/www.degren.eu\/?page_id=2161&#038;lang=pt\" > <img decoding=\"async\" src=\"http:\/\/www.degren.eu\/wp-content\/uploads\/2017\/12\/imago_manu.jpg\" alt=\"imago_manu\" \/> <\/a>\n<table style=\"width: 328px;\"><tbody><tr><td style=\"width: 318px;\"><img loading=\"lazy\" decoding=\"async\" src=\"http:\/\/www.degren.eu\/wp-content\/uploads\/2017\/12\/ecopal1.jpg\" alt=\"\" width=\"600\" height=\"600\" \/><\/td><\/tr><tr><td style=\"width: 318px; text-align: left;\">Ecopal1: marca pr\u00f3pria de l\u00e1pis de cor que usa produtos biodegrad\u00e1veis sem madeira<br \/> <strong><a href=\"https:\/\/www.behance.net\/kathrinhonesta\" target=\"_blank\" rel=\"noopener noreferrer\">+info&#8230;<\/a><\/strong><\/td><\/tr><\/tbody><\/table>\n<h2 style=\"margin-bottom: -5px;\"><strong>LABORAT\u00d3RIO criativo en ECODESIGN<\/strong><\/h2><hr style=\"margin-bottom: 20px;\" \/><h3><strong>Laborat\u00f3rio de Ideias<br \/><\/strong><\/h3><p style=\"text-align: justify;\">O <strong>Laborat\u00f3rio de Ideias<\/strong> \u00e9 proposto no \u00e2mbito do projeto <strong>DEGREN<\/strong> como um espa\u00e7o que facilitar\u00e1 o acesso \u00e0 informa\u00e7\u00e3o e conte\u00fado de interesse, bem como um meio de forma\u00e7\u00e3o destinado a desenvolver capacidades inovadoras, e a valorizar a criatividade como recurso para a gera\u00e7\u00e3o de novos produtos e \/ ou servi\u00e7os sustent\u00e1veis.<\/p><p style=\"text-align: justify;\">O laborat\u00f3rio \u00e9 considerado como um espa\u00e7o no qual desenvolver\u00e1 um conjunto de a\u00e7\u00f5es e servi\u00e7os para apoiar o empreendedorismo e a inova\u00e7\u00e3o, atrav\u00e9s da promo\u00e7\u00e3o, treinamento, apoio, mentoring, gera\u00e7\u00e3o de ferramentas e recursos especializados para a implementa\u00e7\u00e3o de iniciativas em ECODESIGN.<\/p><p style=\"text-align: justify;\">Para este fim, ser\u00e1 desenvolvido um conjunto de a\u00e7\u00f5es de forma\u00e7\u00e3o que servir\u00e3o de suporte na incorpora\u00e7\u00e3o da ecoinova\u00e7\u00e3o no processo de design de novos produtos e servi\u00e7os.<\/p><p style=\"text-align: justify;\">Al\u00e9m disso, a forma\u00e7\u00e3o de empreendedores, gestores e outros profissionais ser\u00e1 promovida com a finalidade de:<\/p><ul><li>Sensibilizar profissionais acerca do Ecodesign<\/li><li>Divulgar tend\u00eancias em modelos de neg\u00f3cios baseados no Ecodesign<\/li><li>Oferecer experi\u00eancias reais de empresas ou projetos de neg\u00f3cios onde o Ecodesign desempenha um papel importante<\/li><li>Apoiar empresas e empreendedores a gerar modelos de neg\u00f3cios baseados no Ecodesign, ou modelos em que o Ecodesign desempenha um papel importante<\/li><li>Acompanhar e assessorar empresas e projetos na cria\u00e7\u00e3o e \/ ou transforma\u00e7\u00e3o de modelos de neg\u00f3cios baseados em Ecodesign<\/li><\/ul><p style=\"text-align: justify;\">O Laborat\u00f3rio de Ideias \u00e9 composto por tr\u00eas fases diferentes<\/p><p style=\"text-align: justify;\"><strong>INSPIRA\u00c7\u00c3O<\/strong><\/p><p style=\"text-align: justify;\">Nesta fase realizar-se-\u00e3o v\u00e1rios workshops para abordar as tend\u00eancias do Ecodesign em diferentes setores de interesse para a Regi\u00e3o EUROACE, bem como as boas pr\u00e1ticas j\u00e1 realizadas que proporcionar\u00e3o ideias sobre novos produtos a serem desenvolvidos<\/p><p style=\"text-align: justify;\">Haver\u00e1 um workshop transversal para sensibilizar os participantes sobre as possibilidades oferecidas pelo Ecodesign como um recurso competitivo, independentemente do setor de atividade e ainda v\u00e1rios workshops setoriais (arquitetura, engenharia, embalagem, corti\u00e7a e madeira, e engenharia).<\/p><p style=\"text-align: justify;\">Esta fase inclui tamb\u00e9m workshops setoriais para os setores de embalagem e embalagem, arquitetura, corti\u00e7a e madeira e engenharia.<\/p><ul><li>Workshop de embalagem e embalagem. <a href=\"http:\/\/www.degren.eu\/?tribe_events=ecodiseno-la-prevencion-como-herramienta-clave-en-la-economia-circular-caso-del-sector-de-envase-y-embalaje\" target=\"_blank\" rel=\"noopener noreferrer\">Mais informa\u00e7\u00e3o<\/a><\/li><li>Workshop de ecodesign em arquitetura. <a href=\"http:\/\/www.degren.eu\/?tribe_events=ventajas-del-ecodiseno-aplicado-en-la-arquitectura\" target=\"_blank\" rel=\"noopener noreferrer\">Mais informa\u00e7\u00e3o<\/a><\/li><li>Workshop de pegada de carbono<\/li><li>Workshop de ecodesign em corti\u00e7a e madeira<\/li><\/ul><p style=\"text-align: justify;\"><strong>FORMA\u00c7\u00c3O<\/strong><\/p><p style=\"text-align: justify;\">A fase de forma\u00e7\u00e3o em Ecodesign permitir\u00e1 abordar a tem\u00e1tica relativa aos novos produtos e processos onde os componentes ambientais s\u00e3o integrados, sempre com a perspetiva de melhorar a competitividade da empresa.<\/p><p style=\"text-align: justify;\">Para isso, ser\u00e1 organizado um ciclo de 4 workshops, cujo objetivo ser\u00e1 de possibilitar que os gestores das empresas, ou outras entidades, conhe\u00e7am o impacto ambiental de produtos ou servi\u00e7os em todo o seu ciclo de vida e que assim possam compreender, de forma mensur\u00e1vel, quais as poss\u00edveis melhoras ambientais do seu produto. Os t\u00f3picos ser\u00e3o os seguintes:<\/p><ul><li>Introdu\u00e7\u00e3o ao Meio Ambiente e Desenvolvimento Sustent\u00e1vel<\/li><li>Avalia\u00e7\u00e3o do Ciclo de Vida. Quantifica\u00e7\u00e3o de impactos ambientais<\/li><li>Metodologia de Ecodesign e sistema de gest\u00e3o de acordo com a norma ISO 14006<\/li><li>Sistema de reconhecimento ambiental<\/li><\/ul><p style=\"text-align: justify;\">Data: 01-04 \/ 04\/2019 Inscri\u00e7\u00e3o: <a href=\"http:\/\/www.degren.eu\/?tribe_events=sostenibilidad-ambiental-como-estrategia-de-mejora-en-la-competitividad\" target=\"_blank\" rel=\"noopener noreferrer\">mais informa\u00e7\u00f5es e inscri\u00e7\u00f5es<\/a><\/p><p style=\"text-align: justify;\"><strong>CONSOLIDA\u00c7\u00c3O<\/strong><\/p><p style=\"text-align: justify;\">Finalmente, na \u00faltima fase do Laborat\u00f3rio de Ideias, abrir-se-\u00e1 um per\u00edodo para cativar empresas e empreendedores interessados em implementar mudan\u00e7as nos seus modelos de neg\u00f3cio, produtos e\/ou servi\u00e7os, de modo a incorporar a vari\u00e1vel ambiental seguindo os crit\u00e9rios baseados no ECODESIGN.<\/p><p><br \/>CHAMADA FECHADA.<\/p><table style=\"border-collapse: collapse; height: 72px; width: 483px;\" border=\"0\" width=\"265\"><tbody><tr style=\"height: 72px;\"><td style=\"width: 33.3833px; height: 72px;\"><a href=\"http:\/\/www.degren.eu\/wp-content\/uploads\/2019\/05\/Resultados_asesoramientos_DEGREN.pdf\" target=\"_blank\" rel=\"noopener noreferrer\"><img loading=\"lazy\" decoding=\"async\" src=\"http:\/\/www.degren.eu\/wp-content\/uploads\/2018\/02\/pdf.png\" alt=\"\" width=\"30\" height=\"30\" data-wp-editing=\"1\" \/><\/a><\/td><td style=\"width: 442.617px; vertical-align: middle; height: 72px;\"><a href=\"http:\/\/www.degren.eu\/wp-content\/uploads\/2019\/05\/Resultados_asesoramientos_DEGREN.pdf\" target=\"_blank\" rel=\"noopener noreferrer\">Resolu\u00e7\u00e3o da convocat\u00f3ria<\/a><\/td><\/tr><tr style=\"height: 72px;\"><td style=\"width: 33.3833px; height: 72px;\"><a href=\"http:\/\/www.degren.eu\/wp-content\/uploads\/2019\/09\/Resultados_asesoramientos_DEGREN_2.pdf\" target=\"_blank\" rel=\"noopener noreferrer\"><img loading=\"lazy\" decoding=\"async\" src=\"http:\/\/www.degren.eu\/wp-content\/uploads\/2018\/02\/pdf.png\" alt=\"\" width=\"30\" height=\"30\" \/><\/a><\/td><td style=\"width: 442.617px; vertical-align: middle; height: 72px;\"><a href=\"http:\/\/www.degren.eu\/wp-content\/uploads\/2019\/09\/Resultados_asesoramientos_DEGREN_2.pdf\" target=\"_blank\" rel=\"noopener noreferrer\">Resultados de la Segunda Convocatoria<\/a><\/td><\/tr><\/tbody><\/table><!--\/themify_builder_static-->\n\n<!-- wp:themify-builder\/canvas \/-->","protected":false},"excerpt":{"rendered":"<p>[wpmegamenu menu_location=\u00bbmain-nav\u00bb backgorund-color=\u00bb#ffffff\u00bb] Ecopal1: marca pr\u00f3pria de l\u00e1pis de cor que usa produtos biodegrad\u00e1veis sem madeira +info&#8230; LABORAT\u00d3RIO criativo en ECODESIGN Laborat\u00f3rio de Ideias O Laborat\u00f3rio de Ideias \u00e9 proposto [&hellip;]<\/p>\n","protected":false},"author":6,"featured_media":0,"parent":0,"menu_order":0,"comment_status":"closed","ping_status":"closed","template":"","meta":{"footnotes":""},"class_list":["post-1731","page","type-page","status-publish","hentry","has-post-title","has-post-date","has-post-category","has-post-tag","has-post-comment","has-post-author",""],"builder_content":"<p>[wpmegamenu menu_location=\\\"main-nav\\\" backgorund-color=\\\"#ffffff\\\"]<\/p>\n<a href=\"http:\/\/www.degren.eu\/?page_id=2161&#038;lang=pt\"> <img src=\"http:\/\/www.degren.eu\/wp-content\/uploads\/2017\/12\/imago_manu.jpg\" title=\"imago_manu\" alt=\"imago_manu\"> <\/a>\n<table class=\\\" aligncenter\\\" style=\\\"width: 328px;\\\"><tbody><tr><td style=\\\"width: 318px;\\\"><img class=\\\"aligncenter wp-image-1356 size-full\\\" src=\\\"http:\/\/www.degren.eu\/wp-content\/uploads\/2017\/12\/ecopal1.jpg\\\" alt=\\\"\\\" width=\\\"600\\\" height=\\\"600\\\" \/><\/td><\/tr><tr><td style=\\\"width: 318px; text-align: left;\\\">Ecopal1: marca pr\u00f3pria de l\u00e1pis de cor que usa produtos biodegrad\u00e1veis sem madeira<br \/> <strong><a href=\\\"https:\/\/www.behance.net\/kathrinhonesta\\\" target=\\\"_blank\\\" rel=\\\"noopener\\\">+info...<\/a><\/strong><\/td><\/tr><\/tbody><\/table>\n<h2 style=\\\"margin-bottom: -5px;\\\"><strong>LABORAT\u00d3RIO criativo en ECODESIGN<\/strong><\/h2><hr style=\\\"margin-bottom: 20px;\\\" \/><h3><strong>Laborat\u00f3rio de Ideias<br \/><\/strong><\/h3><p style=\\\"text-align: justify;\\\">O <strong>Laborat\u00f3rio de Ideias<\/strong> \u00e9 proposto no \u00e2mbito do projeto <strong>DEGREN<\/strong> como um espa\u00e7o que facilitar\u00e1 o acesso \u00e0 informa\u00e7\u00e3o e conte\u00fado de interesse, bem como um meio de forma\u00e7\u00e3o destinado a desenvolver capacidades inovadoras, e a valorizar a criatividade como recurso para a gera\u00e7\u00e3o de novos produtos e \/ ou servi\u00e7os sustent\u00e1veis.<\/p><p style=\\\"text-align: justify;\\\">O laborat\u00f3rio \u00e9 considerado como um espa\u00e7o no qual desenvolver\u00e1 um conjunto de a\u00e7\u00f5es e servi\u00e7os para apoiar o empreendedorismo e a inova\u00e7\u00e3o, atrav\u00e9s da promo\u00e7\u00e3o, treinamento, apoio, mentoring, gera\u00e7\u00e3o de ferramentas e recursos especializados para a implementa\u00e7\u00e3o de iniciativas em ECODESIGN.<\/p><p style=\\\"text-align: justify;\\\">Para este fim, ser\u00e1 desenvolvido um conjunto de a\u00e7\u00f5es de forma\u00e7\u00e3o que servir\u00e3o de suporte na incorpora\u00e7\u00e3o da ecoinova\u00e7\u00e3o no processo de design de novos produtos e servi\u00e7os.<\/p><p style=\\\"text-align: justify;\\\">Al\u00e9m disso, a forma\u00e7\u00e3o de empreendedores, gestores e outros profissionais ser\u00e1 promovida com a finalidade de:<\/p><ul><li>Sensibilizar profissionais acerca do Ecodesign<\/li><li>Divulgar tend\u00eancias em modelos de neg\u00f3cios baseados no Ecodesign<\/li><li>Oferecer experi\u00eancias reais de empresas ou projetos de neg\u00f3cios onde o Ecodesign desempenha um papel importante<\/li><li>Apoiar empresas e empreendedores a gerar modelos de neg\u00f3cios baseados no Ecodesign, ou modelos em que o Ecodesign desempenha um papel importante<\/li><li>Acompanhar e assessorar empresas e projetos na cria\u00e7\u00e3o e \/ ou transforma\u00e7\u00e3o de modelos de neg\u00f3cios baseados em Ecodesign<\/li><\/ul><p style=\\\"text-align: justify;\\\">O Laborat\u00f3rio de Ideias \u00e9 composto por tr\u00eas fases diferentes<\/p><p style=\\\"text-align: justify;\\\"><strong>INSPIRA\u00c7\u00c3O<\/strong><\/p><p style=\\\"text-align: justify;\\\">Nesta fase realizar-se-\u00e3o v\u00e1rios workshops para abordar as tend\u00eancias do Ecodesign em diferentes setores de interesse para a Regi\u00e3o EUROACE, bem como as boas pr\u00e1ticas j\u00e1 realizadas que proporcionar\u00e3o ideias sobre novos produtos a serem desenvolvidos<\/p><p style=\\\"text-align: justify;\\\">Haver\u00e1 um workshop transversal para sensibilizar os participantes sobre as possibilidades oferecidas pelo Ecodesign como um recurso competitivo, independentemente do setor de atividade e ainda v\u00e1rios workshops setoriais (arquitetura, engenharia, embalagem, corti\u00e7a e madeira, e engenharia).<\/p><p style=\\\"text-align: justify;\\\">Esta fase inclui tamb\u00e9m workshops setoriais para os setores de embalagem e embalagem, arquitetura, corti\u00e7a e madeira e engenharia.<\/p><ul><li>Workshop de embalagem e embalagem. <a href=\\\"http:\/\/www.degren.eu\/?tribe_events=ecodiseno-la-prevencion-como-herramienta-clave-en-la-economia-circular-caso-del-sector-de-envase-y-embalaje\\\" target=\\\"_blank\\\" rel=\\\"noopener\\\">Mais informa\u00e7\u00e3o<\/a><\/li><li>Workshop de ecodesign em arquitetura. <a href=\\\"http:\/\/www.degren.eu\/?tribe_events=ventajas-del-ecodiseno-aplicado-en-la-arquitectura\\\" target=\\\"_blank\\\" rel=\\\"noopener\\\">Mais informa\u00e7\u00e3o<\/a><\/li><li>Workshop de pegada de carbono<\/li><li>Workshop de ecodesign em corti\u00e7a e madeira<\/li><\/ul><p style=\\\"text-align: justify;\\\"><strong>FORMA\u00c7\u00c3O<\/strong><\/p><p style=\\\"text-align: justify;\\\">A fase de forma\u00e7\u00e3o em Ecodesign permitir\u00e1 abordar a tem\u00e1tica relativa aos novos produtos e processos onde os componentes ambientais s\u00e3o integrados, sempre com a perspetiva de melhorar a competitividade da empresa.<\/p><p style=\\\"text-align: justify;\\\">Para isso, ser\u00e1 organizado um ciclo de 4 workshops, cujo objetivo ser\u00e1 de possibilitar que os gestores das empresas, ou outras entidades, conhe\u00e7am o impacto ambiental de produtos ou servi\u00e7os em todo o seu ciclo de vida e que assim possam compreender, de forma mensur\u00e1vel, quais as poss\u00edveis melhoras ambientais do seu produto. Os t\u00f3picos ser\u00e3o os seguintes:<\/p><ul><li>Introdu\u00e7\u00e3o ao Meio Ambiente e Desenvolvimento Sustent\u00e1vel<\/li><li>Avalia\u00e7\u00e3o do Ciclo de Vida. Quantifica\u00e7\u00e3o de impactos ambientais<\/li><li>Metodologia de Ecodesign e sistema de gest\u00e3o de acordo com a norma ISO 14006<\/li><li>Sistema de reconhecimento ambiental<\/li><\/ul><p style=\\\"text-align: justify;\\\">Data: 01-04 \/ 04\/2019 Inscri\u00e7\u00e3o: <a href=\\\"http:\/\/www.degren.eu\/?tribe_events=sostenibilidad-ambiental-como-estrategia-de-mejora-en-la-competitividad\\\" target=\\\"_blank\\\" rel=\\\"noopener\\\">mais informa\u00e7\u00f5es e inscri\u00e7\u00f5es<\/a><\/p><p style=\\\"text-align: justify;\\\"><strong>CONSOLIDA\u00c7\u00c3O<\/strong><\/p><p style=\\\"text-align: justify;\\\">Finalmente, na \u00faltima fase do Laborat\u00f3rio de Ideias, abrir-se-\u00e1 um per\u00edodo para cativar empresas e empreendedores interessados em implementar mudan\u00e7as nos seus modelos de neg\u00f3cio, produtos e\/ou servi\u00e7os, de modo a incorporar a vari\u00e1vel ambiental seguindo os crit\u00e9rios baseados no ECODESIGN.<\/p><p><br \/>CHAMADA FECHADA.<\/p><table style=\\\"border-collapse: collapse; height: 72px; width: 483px;\\\" border=\\\"0\\\" width=\\\"265\\\"><tbody><tr style=\\\"height: 72px;\\\"><td style=\\\"width: 33.3833px; height: 72px;\\\"><a href=\\\"http:\/\/www.degren.eu\/wp-content\/uploads\/2019\/05\/Resultados_asesoramientos_DEGREN.pdf\\\" target=\\\"_blank\\\" rel=\\\"noopener\\\"><img class=\\\"wp-image-2687 alignnone\\\" src=\\\"http:\/\/www.degren.eu\/wp-content\/uploads\/2018\/02\/pdf.png\\\" alt=\\\"\\\" width=\\\"30\\\" height=\\\"30\\\" data-wp-editing=\\\"1\\\" \/><\/a><\/td><td style=\\\"width: 442.617px; vertical-align: middle; height: 72px;\\\"><a href=\\\"http:\/\/www.degren.eu\/wp-content\/uploads\/2019\/05\/Resultados_asesoramientos_DEGREN.pdf\\\" target=\\\"_blank\\\" rel=\\\"noopener\\\">Resolu\u00e7\u00e3o da convocat\u00f3ria<\/a><\/td><\/tr><tr style=\\\"height: 72px;\\\"><td style=\\\"width: 33.3833px; height: 72px;\\\"><a href=\\\"http:\/\/www.degren.eu\/wp-content\/uploads\/2019\/09\/Resultados_asesoramientos_DEGREN_2.pdf\\\" target=\\\"_blank\\\" rel=\\\"noopener\\\"><img class=\\\"wp-image-2687 alignnone\\\" src=\\\"http:\/\/www.degren.eu\/wp-content\/uploads\/2018\/02\/pdf.png\\\" alt=\\\"\\\" width=\\\"30\\\" height=\\\"30\\\" \/><\/a><\/td><td style=\\\"width: 442.617px; vertical-align: middle; height: 72px;\\\"><a href=\\\"http:\/\/www.degren.eu\/wp-content\/uploads\/2019\/09\/Resultados_asesoramientos_DEGREN_2.pdf\\\" target=\\\"_blank\\\" rel=\\\"noopener\\\">Resultados de la Segunda Convocatoria<\/a><\/td><\/tr><\/tbody><\/table>","_links":{"self":[{"href":"http:\/\/www.degren.eu\/index.php?rest_route=\/wp\/v2\/pages\/1731","targetHints":{"allow":["GET"]}}],"collection":[{"href":"http:\/\/www.degren.eu\/index.php?rest_route=\/wp\/v2\/pages"}],"about":[{"href":"http:\/\/www.degren.eu\/index.php?rest_route=\/wp\/v2\/types\/page"}],"author":[{"embeddable":true,"href":"http:\/\/www.degren.eu\/index.php?rest_route=\/wp\/v2\/users\/6"}],"replies":[{"embeddable":true,"href":"http:\/\/www.degren.eu\/index.php?rest_route=%2Fwp%2Fv2%2Fcomments&post=1731"}],"version-history":[{"count":29,"href":"http:\/\/www.degren.eu\/index.php?rest_route=\/wp\/v2\/pages\/1731\/revisions"}],"predecessor-version":[{"id":4726,"href":"http:\/\/www.degren.eu\/index.php?rest_route=\/wp\/v2\/pages\/1731\/revisions\/4726"}],"wp:attachment":[{"href":"http:\/\/www.degren.eu\/index.php?rest_route=%2Fwp%2Fv2%2Fmedia&parent=1731"}],"curies":[{"name":"wp","href":"https:\/\/api.w.org\/{rel}","templated":true}]}}