{"id":1698,"date":"2018-01-20T21:59:04","date_gmt":"2018-01-20T21:59:04","guid":{"rendered":"http:\/\/www.degren.eu\/?page_id=1698"},"modified":"2019-07-11T13:11:20","modified_gmt":"2019-07-11T11:11:20","slug":"observatorio-de-ecodesign","status":"publish","type":"page","link":"http:\/\/www.degren.eu\/?page_id=1698&lang=pt","title":{"rendered":"OBSERVAT\u00d3RIO DE ECODESIGN"},"content":{"rendered":"<p><!--themify_builder_static--><\/p>\n<p>[wpmegamenu menu_location=\u00bbmain-nav\u00bb backgorund-color=\u00bb#ffffff\u00bb]<\/p>\n<p><a href=\"http:\/\/www.degren.eu\/?page_id=2161&#038;lang=pt\" > <img decoding=\"async\" src=\"http:\/\/www.degren.eu\/wp-content\/uploads\/2017\/12\/imago_manu.jpg\" alt=\"imago_manu\" \/> <\/a><\/p>\n<table style=\"width: 328px;\">\n<tbody>\n<tr>\n<td style=\"width: 318px;\"><img loading=\"lazy\" decoding=\"async\" src=\"http:\/\/www.degren.eu\/wp-content\/uploads\/2017\/12\/SHOES.jpg\" alt=\"\" width=\"600\" height=\"600\" \/><\/td>\n<\/tr>\n<tr>\n<td style=\"width: 318px; text-align: left;\">Sapatos: Rothy&#8217;s, uma marca de sapatos sustent\u00e1veis feitos de pl\u00e1stico reciclado <strong><a href=\"https:\/\/plugin-magazine.com\/living\/rothys-the-environmentally-friendly-shoes-made-of-recycled-plastic\/\" target=\"_blank\" rel=\"noopener noreferrer\"><br \/> +info&#8230;<\/a><\/strong><\/td>\n<\/tr>\n<\/tbody>\n<\/table>\n<p>&nbsp;<\/p>\n<h2 style=\"margin-bottom: -5px;\"><strong>OBSERVAT\u00d3RIO DE ECODESIGN<\/strong><\/h2>\n<hr style=\"margin-bottom: 20px;\" \/>\n<h3><strong>Observat\u00f3rio<\/strong><\/h3>\n<p style=\"text-align: justify;\">O observat\u00f3rio do ECODESIGN \u00e9 considerado como um espa\u00e7o de refer\u00eancia para a promo\u00e7\u00e3o do ECODESIGN no territ\u00f3rio da EUROACE, de forma a servir de ponto de encontro para os agentes do sector promoverem a inova\u00e7\u00e3o e a transfer\u00eancia de tecnologia.<\/p>\n<p style=\"text-align: justify;\">O Observat\u00f3rio tem como objetivo fornecer servi\u00e7os de informa\u00e7\u00e3o, orienta\u00e7\u00e3o, aconselhamento, sistemas de vigil\u00e2ncia tecnol\u00f3gica, compila\u00e7\u00e3o e monitoriza\u00e7\u00e3o das metodologias e tend\u00eancias de ECODESIGN. Nele podem encontrar-se tend\u00eancias, artigos cient\u00edficos, legisla\u00e7\u00e3o, ajuda, boas pr\u00e1ticas, etc., que permitir\u00e3o uma atualiza\u00e7\u00e3o permanente sobre o assun<\/p>\n<a href=\"http:\/\/observatorio.degren.eu\" class=\"shortcode button  #b0ca24; small  \">Acesso ao Observat\u00f3rio<\/a>\n<p><!--\/themify_builder_static--><\/p>\n","protected":false},"excerpt":{"rendered":"<p>[wpmegamenu menu_location=\u00bbmain-nav\u00bb backgorund-color=\u00bb#ffffff\u00bb] Sapatos: Rothy&#8217;s, uma marca de sapatos sustent\u00e1veis feitos de pl\u00e1stico reciclado +info&#8230; &nbsp; OBSERVAT\u00d3RIO DE ECODESIGN Observat\u00f3rio O observat\u00f3rio do ECODESIGN \u00e9 considerado como um espa\u00e7o de [&hellip;]<\/p>\n","protected":false},"author":6,"featured_media":0,"parent":0,"menu_order":0,"comment_status":"closed","ping_status":"closed","template":"","meta":{"footnotes":""},"class_list":["post-1698","page","type-page","status-publish","hentry","has-post-title","has-post-date","has-post-category","has-post-tag","has-post-comment","has-post-author",""],"builder_content":"<p>[wpmegamenu menu_location=\\\"main-nav\\\" backgorund-color=\\\"#ffffff\\\"]<\/p>\n<a href=\"http:\/\/www.degren.eu\/?page_id=2161&#038;lang=pt\"> <img src=\"http:\/\/www.degren.eu\/wp-content\/uploads\/2017\/12\/imago_manu.jpg\" title=\"imago_manu\" alt=\"imago_manu\"> <\/a>\n<table class=\\\" aligncenter\\\" style=\\\"width: 328px;\\\"> <tbody> <tr> <td style=\\\"width: 318px;\\\"><img class=\\\"aligncenter wp-image-1347 size-full\\\" src=\\\"http:\/\/www.degren.eu\/wp-content\/uploads\/2017\/12\/SHOES.jpg\\\" alt=\\\"\\\" width=\\\"600\\\" height=\\\"600\\\" \/><\/td> <\/tr> <tr> <td style=\\\"width: 318px; text-align: left;\\\">Sapatos: Rothy\\'s, uma marca de sapatos sustent\u00e1veis feitos de pl\u00e1stico reciclado <strong><a href=\\\"https:\/\/plugin-magazine.com\/living\/rothys-the-environmentally-friendly-shoes-made-of-recycled-plastic\/\\\" target=\\\"_blank\\\" rel=\\\"noopener\\\"><br \/> +info...<\/a><\/strong><\/td> <\/tr> <\/tbody> <\/table> <p>&nbsp;<\/p>\n<h2 style=\\\"margin-bottom: -5px;\\\"><strong>OBSERVAT\u00d3RIO DE ECODESIGN<\/strong><\/h2><hr style=\\\"margin-bottom: 20px;\\\" \/><h3><strong>Observat\u00f3rio<\/strong><\/h3><p style=\\\"text-align: justify;\\\">O observat\u00f3rio do ECODESIGN \u00e9 considerado como um espa\u00e7o de refer\u00eancia para a promo\u00e7\u00e3o do ECODESIGN no territ\u00f3rio da EUROACE, de forma a servir de ponto de encontro para os agentes do sector promoverem a inova\u00e7\u00e3o e a transfer\u00eancia de tecnologia.<\/p><p style=\\\"text-align: justify;\\\">O Observat\u00f3rio tem como objetivo fornecer servi\u00e7os de informa\u00e7\u00e3o, orienta\u00e7\u00e3o, aconselhamento, sistemas de vigil\u00e2ncia tecnol\u00f3gica, compila\u00e7\u00e3o e monitoriza\u00e7\u00e3o das metodologias e tend\u00eancias de ECODESIGN. Nele podem encontrar-se tend\u00eancias, artigos cient\u00edficos, legisla\u00e7\u00e3o, ajuda, boas pr\u00e1ticas, etc., que permitir\u00e3o uma atualiza\u00e7\u00e3o permanente sobre o assun<\/p><p>[themify_button bgcolor=\\\" #b0ca24;\\\" size=\\\"small\\\" link=\\\"http:\/\/observatorio.degren.eu\\\"]Acesso ao Observat\u00f3rio[\/themify_button]\u00a0<\/p>","_links":{"self":[{"href":"http:\/\/www.degren.eu\/index.php?rest_route=\/wp\/v2\/pages\/1698","targetHints":{"allow":["GET"]}}],"collection":[{"href":"http:\/\/www.degren.eu\/index.php?rest_route=\/wp\/v2\/pages"}],"about":[{"href":"http:\/\/www.degren.eu\/index.php?rest_route=\/wp\/v2\/types\/page"}],"author":[{"embeddable":true,"href":"http:\/\/www.degren.eu\/index.php?rest_route=\/wp\/v2\/users\/6"}],"replies":[{"embeddable":true,"href":"http:\/\/www.degren.eu\/index.php?rest_route=%2Fwp%2Fv2%2Fcomments&post=1698"}],"version-history":[{"count":13,"href":"http:\/\/www.degren.eu\/index.php?rest_route=\/wp\/v2\/pages\/1698\/revisions"}],"predecessor-version":[{"id":4551,"href":"http:\/\/www.degren.eu\/index.php?rest_route=\/wp\/v2\/pages\/1698\/revisions\/4551"}],"wp:attachment":[{"href":"http:\/\/www.degren.eu\/index.php?rest_route=%2Fwp%2Fv2%2Fmedia&parent=1698"}],"curies":[{"name":"wp","href":"https:\/\/api.w.org\/{rel}","templated":true}]}}