{"id":1687,"date":"2018-01-20T21:44:35","date_gmt":"2018-01-20T21:44:35","guid":{"rendered":"http:\/\/www.degren.eu\/?page_id=1687"},"modified":"2023-05-09T10:58:20","modified_gmt":"2023-05-09T08:58:20","slug":"inicio-2","status":"publish","type":"page","link":"http:\/\/www.degren.eu\/?page_id=1687&lang=pt","title":{"rendered":"Inicio"},"content":{"rendered":"<!-- wp:themify-builder\/canvas \/-->","protected":false},"excerpt":{"rendered":"","protected":false},"author":6,"featured_media":0,"parent":0,"menu_order":0,"comment_status":"closed","ping_status":"closed","template":"","meta":{"footnotes":""},"class_list":["post-1687","page","type-page","status-publish","hentry","has-post-title","has-post-date","has-post-category","has-post-tag","has-post-comment","has-post-author",""],"builder_content":"<ul id=\"menu-menu-pt\"><li id=\"menu-item-1631\"><a href=\"http:\/\/www.degren.eu\/?page_id=1687&#038;lang=pt\"><img src=\"http:\/\/www.degren.eu\/wp-content\/uploads\/2018\/10\/logotipo-peque\u00f1o.png\" alt=\"inicio\" width=\"400\"><\/a><\/li> <li id=\"menu-item-1630\"><a href=\"http:\/\/www.degren.eu\/?page_id=1613&#038;lang=pt\">O QUE \u00c9?<\/a> <ul> <li id=\"menu-item-2008\"><a href=\"http:\/\/www.degren.eu\/?page_id=1613&#038;lang=pt\">O QUE \u00c9?<\/a><\/li> <li id=\"menu-item-1643\"><a href=\"http:\/\/www.degren.eu\/?page_id=1633&#038;lang=pt\">QUEM SOMOS?<\/a><\/li> <li id=\"menu-item-1653\"><a href=\"http:\/\/www.degren.eu\/?page_id=1650&#038;lang=pt\">RESULTADOS DO PROJETO<\/a><\/li> <li id=\"menu-item-1673\"><a href=\"http:\/\/www.degren.eu\/?page_id=1670&#038;lang=pt\">CONTACTO<\/a><\/li> <\/ul> <\/li> <li id=\"menu-item-3501\"><a href=\"http:\/\/www.degren.eu\/?page_id=3492&#038;lang=pt\">ECODESIGN<\/a><\/li> <li id=\"menu-item-3003\"><a href=\"http:\/\/www.degren.eu\/?page_id=2990&#038;lang=pt\">RECURSOS<\/a> <ul> <li id=\"menu-item-3004\"><a href=\"http:\/\/www.degren.eu\/?page_id=2990&#038;lang=pt\">RECURSOS<\/a><\/li> <\/ul> <\/li> <li id=\"menu-item-2829\"><a href=\"http:\/\/www.degren.eu\/?page_id=2824&#038;lang=pt\">NOT\u00cdCIAS<\/a> <ul> <li id=\"menu-item-2830\"><a href=\"http:\/\/www.degren.eu\/?page_id=2824&#038;lang=pt\">NOT\u00cdCIAS<\/a><\/li> <li id=\"menu-item-2568\"><a href=\"http:\/\/www.degren.eu\/?page_id=2161&#038;lang=pt\">NEWSLETTER<\/a><\/li> <\/ul> <\/li> <li id=\"menu-item-2855\"><a href=\"http:\/\/www.degren.eu\/?page_id=2846&#038;lang=pt\">ATIVIDADES<\/a> <ul> <li id=\"menu-item-1684\"><a href=\"http:\/\/www.degren.eu\/?page_id=1679&#038;lang=pt\">EVENTOS<\/a><\/li> <li id=\"menu-item-4787\"><a target=\"_blank\" href=\"http:\/\/1eem.degren.eu\/\">1er EUROACE ECODESIGN MEETING<\/a><\/li> <\/ul> <\/li> <li id=\"menu-item-1644\"><a href=\"#pll_switcher\">Idiomas<\/a><\/li> <li id=\"menu-item-1676\"><a href=\"#Cnss_Widget\">Easy Social Icons<\/a><\/li> <\/ul>\n<a href=\"http:\/\/www.degren.eu\/?page_id=2161&#038;lang=pt\"> <img src=\"http:\/\/www.degren.eu\/wp-content\/uploads\/2017\/12\/imago_manu.jpg\" title=\"imago_manu\" alt=\"imago_manu\"> <\/a>\n<a href=\"http:\/\/www.degren.eu\/?page_id=2990&#038;lang=pt\" > <img src=\"data:image\/svg+xml,%3Csvg%20xmlns=%27http:\/\/www.w3.org\/2000\/svg%27%20width='1788'%20height='400'%20viewBox=%270%200%201788%20400%27%3E%3C\/svg%3E\" loading=\"lazy\" data-lazy=\"1\" data-tf-not-load=\"1\" style=\"background:linear-gradient(to right,#afbba3 25%,#c3d0be 25% 50%,#adb9a1 50% 75%,#b0c69f 75%),linear-gradient(to right,#395721 25%,#cddac8 25% 50%,#acb8a0 50% 75%,#99c339 75%),linear-gradient(to right,#b7c3af 25%,#d2dfd5 25% 50%,#b0bda9 50% 75%,#cfb79f 75%),linear-gradient(to right,#425865 25%,#d6e1d0 25% 50%,#c6d1c1 50% 75%,#5f2d0c 75%)\" decoding=\"async\" width=\"1788\" data-tf-src=\"http:\/\/www.degren.eu\/wp-content\/uploads\/2020\/11\/banner-fichas-1-1024x229-1788x400.jpg\" height=\"400\" title=\"banner-fichas\" alt=\"banner-fichas\" data-tf-srcset=\"http:\/\/www.degren.eu\/wp-content\/uploads\/2020\/11\/banner-fichas-1.jpg 1788w, http:\/\/www.degren.eu\/wp-content\/uploads\/2020\/11\/banner-fichas-1-300x67.jpg 300w, http:\/\/www.degren.eu\/wp-content\/uploads\/2020\/11\/banner-fichas-1-1024x229.jpg 1024w, http:\/\/www.degren.eu\/wp-content\/uploads\/2020\/11\/banner-fichas-1-768x172.jpg 768w, http:\/\/www.degren.eu\/wp-content\/uploads\/2020\/11\/banner-fichas-1-1536x344.jpg 1536w\" data-tf-sizes=\"(max-width: 1788px) 100vw, 1788px\" \/><noscript><img data-tf-not-load data-no-script src=\"http:\/\/www.degren.eu\/wp-content\/uploads\/2020\/11\/banner-fichas-1-1024x229-1788x400.jpg\" height=\"400\" title=\"banner-fichas\" alt=\"banner-fichas\" srcset=\"http:\/\/www.degren.eu\/wp-content\/uploads\/2020\/11\/banner-fichas-1.jpg 1788w, http:\/\/www.degren.eu\/wp-content\/uploads\/2020\/11\/banner-fichas-1-300x67.jpg 300w, http:\/\/www.degren.eu\/wp-content\/uploads\/2020\/11\/banner-fichas-1-1024x229.jpg 1024w, http:\/\/www.degren.eu\/wp-content\/uploads\/2020\/11\/banner-fichas-1-768x172.jpg 768w, http:\/\/www.degren.eu\/wp-content\/uploads\/2020\/11\/banner-fichas-1-1536x344.jpg 1536w\" sizes=\"(max-width: 1788px) 100vw, 1788px\" \/><\/noscript> <\/a> <a href=\"http:\/\/1eem.degren.eu\/index.php\/pt\/1er-eem\/\" target=\"_blank\" rel=\"noopener\"> <img src=\"data:image\/svg+xml,%3Csvg%20xmlns=%27http:\/\/www.w3.org\/2000\/svg%27%20width='1788'%20height='400'%20viewBox=%270%200%201788%20400%27%3E%3C\/svg%3E\" loading=\"lazy\" data-lazy=\"1\" data-tf-not-load=\"1\" style=\"background:linear-gradient(to right,#dad9de 25%,#dfdee3 25% 50%,#dddce1 50% 75%,#dedde2 75%),linear-gradient(to right,#fbfbfb 25%,#fdfdfd 25% 50%,#fffffa 50% 75%,#fefefe 75%),linear-gradient(to right,#fefefe 25%,#fcfcfc 25% 50%,#cecacb 50% 75%,#ffffff 75%),linear-gradient(to right,#dddddf 25%,#efeff1 25% 50%,#c2c6ab 50% 75%,#e5e4e9 75%)\" decoding=\"async\" width=\"1788\" data-tf-src=\"http:\/\/www.degren.eu\/wp-content\/uploads\/2019\/10\/banner_web_pt-1024x229-1788x400.jpg\" height=\"400\" title=\"banner_web_pt\" alt=\"banner_web_pt\" data-tf-srcset=\"http:\/\/www.degren.eu\/wp-content\/uploads\/2019\/10\/banner_web_pt-1024x229-1788x400.jpg 1788w, http:\/\/www.degren.eu\/wp-content\/uploads\/2019\/10\/banner_web_pt-300x67.jpg 300w, http:\/\/www.degren.eu\/wp-content\/uploads\/2019\/10\/banner_web_pt-768x172.jpg 768w, http:\/\/www.degren.eu\/wp-content\/uploads\/2019\/10\/banner_web_pt-1024x229.jpg 1024w, http:\/\/www.degren.eu\/wp-content\/uploads\/2019\/10\/banner_web_pt.jpg 1920w\" data-tf-sizes=\"(max-width: 1788px) 100vw, 1788px\" \/><noscript><img data-tf-not-load data-no-script src=\"http:\/\/www.degren.eu\/wp-content\/uploads\/2019\/10\/banner_web_pt-1024x229-1788x400.jpg\" height=\"400\" title=\"banner_web_pt\" alt=\"banner_web_pt\" srcset=\"http:\/\/www.degren.eu\/wp-content\/uploads\/2019\/10\/banner_web_pt-1024x229-1788x400.jpg 1788w, http:\/\/www.degren.eu\/wp-content\/uploads\/2019\/10\/banner_web_pt-300x67.jpg 300w, http:\/\/www.degren.eu\/wp-content\/uploads\/2019\/10\/banner_web_pt-768x172.jpg 768w, http:\/\/www.degren.eu\/wp-content\/uploads\/2019\/10\/banner_web_pt-1024x229.jpg 1024w, http:\/\/www.degren.eu\/wp-content\/uploads\/2019\/10\/banner_web_pt.jpg 1920w\" sizes=\"(max-width: 1788px) 100vw, 1788px\" \/><\/noscript> <\/a> <a href=\"http:\/\/www.degren.eu\/?page_id=1613&#038;lang=pt\" > <img src=\"data:image\/svg+xml,%3Csvg%20xmlns=%27http:\/\/www.w3.org\/2000\/svg%27%20width='1786'%20height='400'%20viewBox=%270%200%201786%20400%27%3E%3C\/svg%3E\" loading=\"lazy\" data-lazy=\"1\" data-tf-not-load=\"1\" style=\"background:linear-gradient(to right,#ffffff 25%,#f3f3f3 25% 50%,#ffffff 50% 75%,#ffffff 75%),linear-gradient(to right,#ffffff 25%,#e7e5ea 25% 50%,#ffffff 50% 75%,#ffffff 75%),linear-gradient(to right,#ffffff 25%,#ffffff 25% 50%,#ffffff 50% 75%,#ffffff 75%),linear-gradient(to right,#ffffff 25%,#ffffff 25% 50%,#ffffff 50% 75%,#ffffff 75%)\" decoding=\"async\" width=\"1786\" data-tf-src=\"http:\/\/www.degren.eu\/wp-content\/uploads\/2018\/11\/Sildeshow_video_PT-1-1786x400.jpg\" height=\"400\" title=\"Sildeshow_video_PT\" alt=\"Sildeshow_video_PT\" data-tf-srcset=\"http:\/\/www.degren.eu\/wp-content\/uploads\/2018\/11\/Sildeshow_video_PT-1-1786x400.jpg 1786w, http:\/\/www.degren.eu\/wp-content\/uploads\/2018\/11\/Sildeshow_video_PT-1.jpg 1920w\" data-tf-sizes=\"(max-width: 1786px) 100vw, 1786px\" \/><noscript><img data-tf-not-load data-no-script src=\"http:\/\/www.degren.eu\/wp-content\/uploads\/2018\/11\/Sildeshow_video_PT-1-1786x400.jpg\" height=\"400\" title=\"Sildeshow_video_PT\" alt=\"Sildeshow_video_PT\" srcset=\"http:\/\/www.degren.eu\/wp-content\/uploads\/2018\/11\/Sildeshow_video_PT-1-1786x400.jpg 1786w, http:\/\/www.degren.eu\/wp-content\/uploads\/2018\/11\/Sildeshow_video_PT-1.jpg 1920w\" sizes=\"(max-width: 1786px) 100vw, 1786px\" \/><\/noscript> <\/a> <a href=\"http:\/\/www.degren.eu\/?page_id=2990&#038;lang=pt\" > <img src=\"data:image\/svg+xml,%3Csvg%20xmlns=%27http:\/\/www.w3.org\/2000\/svg%27%20width='1786'%20height='400'%20viewBox=%270%200%201786%20400%27%3E%3C\/svg%3E\" loading=\"lazy\" data-lazy=\"1\" data-tf-not-load=\"1\" style=\"background:linear-gradient(to right,#ffffff 25%,#ffffff 25% 50%,#ffffff 50% 75%,#ffffff 75%),linear-gradient(to right,#ffffff 25%,#fffffb 25% 50%,#ffffff 50% 75%,#ffffff 75%),linear-gradient(to right,#ffffff 25%,#fefefe 25% 50%,#eaeaea 50% 75%,#ffffff 75%),linear-gradient(to right,#ffffff 25%,#ffffff 25% 50%,#ffffff 50% 75%,#ffffff 75%)\" decoding=\"async\" width=\"1786\" data-tf-src=\"http:\/\/www.degren.eu\/wp-content\/uploads\/2018\/05\/mapeo_PT-1786x400.jpg\" height=\"400\" title=\"mapeo_PT\" alt=\"mapeo_PT\" data-tf-srcset=\"http:\/\/www.degren.eu\/wp-content\/uploads\/2018\/05\/mapeo_PT-1786x400.jpg 1786w, http:\/\/www.degren.eu\/wp-content\/uploads\/2018\/05\/mapeo_PT.jpg 1920w\" data-tf-sizes=\"(max-width: 1786px) 100vw, 1786px\" \/><noscript><img data-tf-not-load data-no-script src=\"http:\/\/www.degren.eu\/wp-content\/uploads\/2018\/05\/mapeo_PT-1786x400.jpg\" height=\"400\" title=\"mapeo_PT\" alt=\"mapeo_PT\" srcset=\"http:\/\/www.degren.eu\/wp-content\/uploads\/2018\/05\/mapeo_PT-1786x400.jpg 1786w, http:\/\/www.degren.eu\/wp-content\/uploads\/2018\/05\/mapeo_PT.jpg 1920w\" sizes=\"(max-width: 1786px) 100vw, 1786px\" \/><\/noscript> <\/a> <img src=\"data:image\/svg+xml,%3Csvg%20xmlns=%27http:\/\/www.w3.org\/2000\/svg%27%20width='1786'%20height='400'%20viewBox=%270%200%201786%20400%27%3E%3C\/svg%3E\" loading=\"lazy\" data-lazy=\"1\" data-tf-not-load=\"1\" style=\"background:linear-gradient(to right,#ffffff 25%,#fefefe 25% 50%,#ffffff 50% 75%,#ffffff 75%),linear-gradient(to right,#ffffff 25%,#d8d7d5 25% 50%,#ffffff 50% 75%,#ffffff 75%),linear-gradient(to right,#ffffff 25%,#ffffff 25% 50%,#ffffff 50% 75%,#ffffff 75%),linear-gradient(to right,#ffffff 25%,#fdfdfd 25% 50%,#f2f2f2 50% 75%,#ffffff 75%)\" decoding=\"async\" width=\"1786\" data-tf-src=\"http:\/\/www.degren.eu\/wp-content\/uploads\/2018\/04\/rentable_PT-1786x400.jpg\" height=\"400\" title=\"rentable_PT\" alt=\"rentable_PT\" data-tf-srcset=\"http:\/\/www.degren.eu\/wp-content\/uploads\/2018\/04\/rentable_PT-1786x400.jpg 1786w, http:\/\/www.degren.eu\/wp-content\/uploads\/2018\/04\/rentable_PT.jpg 1920w\" data-tf-sizes=\"(max-width: 1786px) 100vw, 1786px\" \/><noscript><img data-tf-not-load data-no-script src=\"http:\/\/www.degren.eu\/wp-content\/uploads\/2018\/04\/rentable_PT-1786x400.jpg\" height=\"400\" title=\"rentable_PT\" alt=\"rentable_PT\" srcset=\"http:\/\/www.degren.eu\/wp-content\/uploads\/2018\/04\/rentable_PT-1786x400.jpg 1786w, http:\/\/www.degren.eu\/wp-content\/uploads\/2018\/04\/rentable_PT.jpg 1920w\" sizes=\"(max-width: 1786px) 100vw, 1786px\" \/><\/noscript> <img src=\"data:image\/svg+xml,%3Csvg%20xmlns=%27http:\/\/www.w3.org\/2000\/svg%27%20width='1786'%20height='400'%20viewBox=%270%200%201786%20400%27%3E%3C\/svg%3E\" loading=\"lazy\" data-lazy=\"1\" data-tf-not-load=\"1\" style=\"background:linear-gradient(to right,#ffffff 25%,#af8b71 25% 50%,#ffffff 50% 75%,#ffffff 75%),linear-gradient(to right,#ffffff 25%,#331c0c 25% 50%,#ffffff 50% 75%,#ffffff 75%),linear-gradient(to right,#ffffff 25%,#332d1d 25% 50%,#cccccc 50% 75%,#ffffff 75%),linear-gradient(to right,#ffffff 25%,#dcdcdc 25% 50%,#ffffff 50% 75%,#ffffff 75%)\" decoding=\"async\" width=\"1786\" data-tf-src=\"http:\/\/www.degren.eu\/wp-content\/uploads\/2018\/04\/sostenible_PT-1786x400.jpg\" height=\"400\" title=\"sostenible_PT\" alt=\"sostenible_PT\" data-tf-srcset=\"http:\/\/www.degren.eu\/wp-content\/uploads\/2018\/04\/sostenible_PT-1786x400.jpg 1786w, http:\/\/www.degren.eu\/wp-content\/uploads\/2018\/04\/sostenible_PT.jpg 1920w\" data-tf-sizes=\"(max-width: 1786px) 100vw, 1786px\" \/><noscript><img data-tf-not-load data-no-script src=\"http:\/\/www.degren.eu\/wp-content\/uploads\/2018\/04\/sostenible_PT-1786x400.jpg\" height=\"400\" title=\"sostenible_PT\" alt=\"sostenible_PT\" srcset=\"http:\/\/www.degren.eu\/wp-content\/uploads\/2018\/04\/sostenible_PT-1786x400.jpg 1786w, http:\/\/www.degren.eu\/wp-content\/uploads\/2018\/04\/sostenible_PT.jpg 1920w\" sizes=\"(max-width: 1786px) 100vw, 1786px\" \/><\/noscript> <img src=\"data:image\/svg+xml,%3Csvg%20xmlns=%27http:\/\/www.w3.org\/2000\/svg%27%20width='1786'%20height='400'%20viewBox=%270%200%201786%20400%27%3E%3C\/svg%3E\" loading=\"lazy\" data-lazy=\"1\" data-tf-not-load=\"1\" style=\"background:linear-gradient(to right,#ffffff 25%,#ffffff 25% 50%,#ffffff 50% 75%,#ffffff 75%),linear-gradient(to right,#ffffff 25%,#e7e7e9 25% 50%,#ffffff 50% 75%,#ffffff 75%),linear-gradient(to right,#ffffff 25%,#403931 25% 50%,#ffffff 50% 75%,#ffffff 75%),linear-gradient(to right,#ffffff 25%,#70695f 25% 50%,#f8f8f8 50% 75%,#ffffff 75%)\" decoding=\"async\" width=\"1786\" data-tf-src=\"http:\/\/www.degren.eu\/wp-content\/uploads\/2018\/04\/EFICIENTE_PT-1786x400.jpg\" height=\"400\" title=\"EFICIENTE_PT\" alt=\"EFICIENTE_PT\" data-tf-srcset=\"http:\/\/www.degren.eu\/wp-content\/uploads\/2018\/04\/EFICIENTE_PT-1786x400.jpg 1786w, http:\/\/www.degren.eu\/wp-content\/uploads\/2018\/04\/EFICIENTE_PT.jpg 1920w\" data-tf-sizes=\"(max-width: 1786px) 100vw, 1786px\" \/><noscript><img data-tf-not-load data-no-script src=\"http:\/\/www.degren.eu\/wp-content\/uploads\/2018\/04\/EFICIENTE_PT-1786x400.jpg\" height=\"400\" title=\"EFICIENTE_PT\" alt=\"EFICIENTE_PT\" srcset=\"http:\/\/www.degren.eu\/wp-content\/uploads\/2018\/04\/EFICIENTE_PT-1786x400.jpg 1786w, http:\/\/www.degren.eu\/wp-content\/uploads\/2018\/04\/EFICIENTE_PT.jpg 1920w\" sizes=\"(max-width: 1786px) 100vw, 1786px\" \/><\/noscript>\n<h4><a href=\"http:\/\/www.degren.eu\/?page_id=1698&amp;lang=pt\"><strong>OBSERVAT\u00d3RIO<\/strong><\/a><\/h4><hr \/><p style=\"text-align: left;\">Encontre informa\u00e7\u00f5es sobre tend\u00eancias, artigos cient\u00edficos, legisla\u00e7\u00e3o, ajuda e outras quest\u00f5es relacionadas ao ECODESIGN\u00a0 --- <a href=\"http:\/\/www.degren.eu\/?page_id=1698&amp;lang=pt\">+info...<\/a><\/p>\n<h4><a href=\"http:\/\/www.degren.eu\/?page_id=1710&amp;lang=pt\"><strong>CAPACITA\u00c7\u00c2O<\/strong><\/a><\/h4><hr \/><p style=\"text-align: left;\">Acompanhe nossas atividades formativas e se torne um profissional ECODESIGN --- <a href=\"http:\/\/www.degren.eu\/?page_id=1710&amp;lang=pt\">+info...<\/a><\/p>\n<h4><a href=\"http:\/\/www.degren.eu\/?page_id=1720&amp;lang=pt\"><strong>SERVI\u00c7OS A EMPRESAS<\/strong><\/a><\/h4><hr \/><p style=\"text-align: left;\">Explore onde o podemos ajudar. Ofereceremos conselhos e processos de acompanhamento para implementar o seu projeto com base em Ecodesign --- <a href=\"http:\/\/www.degren.eu\/?page_id=1720&amp;lang=pt\">+info...<\/a><\/p>\n<h4><a href=\"http:\/\/www.degren.eu\/?page_id=1731&amp;lang=pt\"><strong>LABORAT\u00d3RIO CRIATIVO<\/strong><\/a><\/h4><hr \/><p style=\"text-align: left;\">Descubre, experimenta e investigue. --- <a href=\"http:\/\/www.degren.eu\/?page_id=1731&amp;lang=pt\">+info...<\/a><\/p>\n<h4><a href=\"http:\/\/www.degren.eu\/?page_id=1740&amp;lang=pt\"><strong>LABORAT\u00d3RIO T\u00c9CNICO<\/strong><\/a><\/h4><hr \/><p style=\"text-align: left;\">Teste e pilote seus produtos nas instala\u00e7\u00f5es do laborat\u00f3rio. --- <a href=\"http:\/\/www.degren.eu\/?page_id=1740&amp;lang=pt\">+info...<\/a><\/p>\n<h4><a href=\"http:\/\/www.degren.eu\/?page_id=1749&amp;lang=pt\"><strong>MEDIA PRESS<\/strong><\/a><\/h4><hr \/><p style=\"text-align: left;\">Recursos de difus\u00e3o no projeto destinado \u00e0 imprensa. --- <a href=\"http:\/\/www.degren.eu\/?page_id=1749&amp;lang=pt\">+info...<\/a><\/p>","_links":{"self":[{"href":"http:\/\/www.degren.eu\/index.php?rest_route=\/wp\/v2\/pages\/1687","targetHints":{"allow":["GET"]}}],"collection":[{"href":"http:\/\/www.degren.eu\/index.php?rest_route=\/wp\/v2\/pages"}],"about":[{"href":"http:\/\/www.degren.eu\/index.php?rest_route=\/wp\/v2\/types\/page"}],"author":[{"embeddable":true,"href":"http:\/\/www.degren.eu\/index.php?rest_route=\/wp\/v2\/users\/6"}],"replies":[{"embeddable":true,"href":"http:\/\/www.degren.eu\/index.php?rest_route=%2Fwp%2Fv2%2Fcomments&post=1687"}],"version-history":[{"count":96,"href":"http:\/\/www.degren.eu\/index.php?rest_route=\/wp\/v2\/pages\/1687\/revisions"}],"predecessor-version":[{"id":5420,"href":"http:\/\/www.degren.eu\/index.php?rest_route=\/wp\/v2\/pages\/1687\/revisions\/5420"}],"wp:attachment":[{"href":"http:\/\/www.degren.eu\/index.php?rest_route=%2Fwp%2Fv2%2Fmedia&parent=1687"}],"curies":[{"name":"wp","href":"https:\/\/api.w.org\/{rel}","templated":true}]}}