{"id":1613,"date":"2018-01-15T13:44:16","date_gmt":"2018-01-15T13:44:16","guid":{"rendered":"http:\/\/www.degren.eu\/?page_id=1613"},"modified":"2023-05-09T10:58:57","modified_gmt":"2023-05-09T08:58:57","slug":"o-que-e","status":"publish","type":"page","link":"http:\/\/www.degren.eu\/?page_id=1613&lang=pt","title":{"rendered":"O QUE \u00c9?"},"content":{"rendered":"<p><!--themify_builder_static--><\/p>\n<p>[wpmegamenu menu_location=\u00bbmain-nav\u00bb backgorund-color=\u00bb#ffffff\u00bb]<\/p>\n<p> <a href=\"http:\/\/www.degren.eu\/?page_id=2161&amp;lang=pt\"> <img decoding=\"async\" src=\"http:\/\/www.degren.eu\/wp-content\/uploads\/2017\/12\/imago_manu.jpg\" alt=\"imago_manu\"> <\/a> <\/p>\n<table style=\"width: 328px;\">\n<tbody>\n<tr>\n<td style=\"width: 318px;\"><img loading=\"lazy\" decoding=\"async\" src=\"http:\/\/www.degren.eu\/wp-content\/uploads\/2017\/10\/DEGREN.png\" alt=\"\" width=\"440\" height=\"392\"><\/td>\n<\/tr>\n<tr>\n<td style=\"width: 318px; text-align: left;\">&nbsp;<\/td>\n<\/tr>\n<\/tbody>\n<\/table>\n<h2 style=\"margin-bottom: -5px;\"><strong>O QUE \u00c9?<\/strong><\/h2>\n<hr style=\"margin-bottom: 20px;\">\n<p style=\"text-align: justify;\"><strong>DEGREN<\/strong> \u00e9 o acr\u00f3nimo do Projeto que significa: <strong>Centro Transfronteiri\u00e7o de Inova\u00e7\u00e3o Empresarial em Ecodesign na EUROACE \u2013 DEsign &amp; GReen ENgineering.<\/strong><\/p>\n<p style=\"text-align: justify;\"><a href=\"http:\/\/www.poctep.eu\/es\/inicio-2014-2020\" target=\"_blank\" rel=\"noopener\">Programa Operativo EP &#8211; INTERREG V A Espanha Portugal (POCTEP) 2014-2020<\/a>, com forte aposta na promo\u00e7\u00e3o do ECODESIGN no contexto da EUROACE, de forma a que este atue como alavanca de competitividade atrav\u00e9s da qual se promove a inova\u00e7\u00e3o e a transfer\u00eancia de tecnologia.<\/p>\n<p>&nbsp;<br> <\/p><center><p><\/p>\n<p>Apresenta\u00e7\u00e3o do projeto DEGREN, (Design &amp; Green ENgineering)<\/p>\n<p><iframe loading=\"lazy\" src=\"https:\/\/www.youtube.com\/embed\/PSDjvKDqd04\" width=\"640\" height=\"480\" frameborder=\"0\" allowfullscreen=\"allowfullscreen\"><\/iframe><br> <\/p><\/center><p><\/p>\n<p><!--\/themify_builder_static--><\/p>\n\n<!-- wp:themify-builder\/canvas \/-->","protected":false},"excerpt":{"rendered":"<p>[wpmegamenu menu_location=\u00bbmain-nav\u00bb backgorund-color=\u00bb#ffffff\u00bb] &nbsp; O QUE \u00c9? DEGREN \u00e9 o acr\u00f3nimo do Projeto que significa: Centro Transfronteiri\u00e7o de Inova\u00e7\u00e3o Empresarial em Ecodesign na EUROACE \u2013 DEsign &amp; GReen ENgineering. Programa [&hellip;]<\/p>\n","protected":false},"author":6,"featured_media":0,"parent":0,"menu_order":0,"comment_status":"closed","ping_status":"closed","template":"","meta":{"footnotes":""},"class_list":["post-1613","page","type-page","status-publish","hentry","has-post-title","has-post-date","has-post-category","has-post-tag","has-post-comment","has-post-author",""],"builder_content":"<ul id=\"menu-menu-pt\"><li id=\"menu-item-1631\"><a href=\"http:\/\/www.degren.eu\/?page_id=1687&#038;lang=pt\"><img src=\"http:\/\/www.degren.eu\/wp-content\/uploads\/2018\/10\/logotipo-peque\u00f1o.png\" alt=\"inicio\" width=\"400\"><\/a><\/li> <li id=\"menu-item-1630\"><a href=\"http:\/\/www.degren.eu\/?page_id=1613&#038;lang=pt\">O QUE \u00c9?<\/a> <ul> <li id=\"menu-item-2008\"><a href=\"http:\/\/www.degren.eu\/?page_id=1613&#038;lang=pt\">O QUE \u00c9?<\/a><\/li> <li id=\"menu-item-1643\"><a href=\"http:\/\/www.degren.eu\/?page_id=1633&#038;lang=pt\">QUEM SOMOS?<\/a><\/li> <li id=\"menu-item-1653\"><a href=\"http:\/\/www.degren.eu\/?page_id=1650&#038;lang=pt\">RESULTADOS DO PROJETO<\/a><\/li> <li id=\"menu-item-1673\"><a href=\"http:\/\/www.degren.eu\/?page_id=1670&#038;lang=pt\">CONTACTO<\/a><\/li> <\/ul> <\/li> <li id=\"menu-item-3501\"><a href=\"http:\/\/www.degren.eu\/?page_id=3492&#038;lang=pt\">ECODESIGN<\/a><\/li> <li id=\"menu-item-3003\"><a href=\"http:\/\/www.degren.eu\/?page_id=2990&#038;lang=pt\">RECURSOS<\/a> <ul> <li id=\"menu-item-3004\"><a href=\"http:\/\/www.degren.eu\/?page_id=2990&#038;lang=pt\">RECURSOS<\/a><\/li> <\/ul> <\/li> <li id=\"menu-item-2829\"><a href=\"http:\/\/www.degren.eu\/?page_id=2824&#038;lang=pt\">NOT\u00cdCIAS<\/a> <ul> <li id=\"menu-item-2830\"><a href=\"http:\/\/www.degren.eu\/?page_id=2824&#038;lang=pt\">NOT\u00cdCIAS<\/a><\/li> <li id=\"menu-item-2568\"><a href=\"http:\/\/www.degren.eu\/?page_id=2161&#038;lang=pt\">NEWSLETTER<\/a><\/li> <\/ul> <\/li> <li id=\"menu-item-2855\"><a href=\"http:\/\/www.degren.eu\/?page_id=2846&#038;lang=pt\">ATIVIDADES<\/a> <ul> <li id=\"menu-item-1684\"><a href=\"http:\/\/www.degren.eu\/?page_id=1679&#038;lang=pt\">EVENTOS<\/a><\/li> <li id=\"menu-item-4787\"><a target=\"_blank\" href=\"http:\/\/1eem.degren.eu\/\">1er EUROACE ECODESIGN MEETING<\/a><\/li> <\/ul> <\/li> <li id=\"menu-item-1644\"><a href=\"#pll_switcher\">Idiomas<\/a><\/li> <li id=\"menu-item-1676\"><a href=\"#Cnss_Widget\">Easy Social Icons<\/a><\/li> <\/ul>\n<a href=\"http:\/\/www.degren.eu\/?page_id=2161&#038;lang=pt\"> <img src=\"http:\/\/www.degren.eu\/wp-content\/uploads\/2017\/12\/imago_manu.jpg\" title=\"imago_manu\" alt=\"imago_manu\"> <\/a>\n<table class=\\\" aligncenter\\\" style=\\\"width: 328px;\\\"><tbody><tr><td style=\\\"width: 318px;\\\"><img class=\\\"size-full wp-image-294 alignleft\\\" src=\\\"http:\/\/www.degren.eu\/wp-content\/uploads\/2017\/10\/DEGREN.png\\\" alt=\\\"\\\" width=\\\"440\\\" height=\\\"392\\\" \/><\/td><\/tr><tr><td style=\\\"width: 318px; text-align: left;\\\">\u00a0<\/td><\/tr><\/tbody><\/table>\n<h2 style=\\\"margin-bottom: -5px;\\\"><strong>O QUE \u00c9?<\/strong><\/h2> <hr style=\\\"margin-bottom: 20px;\\\" \/> <p style=\\\"text-align: justify;\\\"><strong>DEGREN<\/strong> \u00e9 o acr\u00f3nimo do Projeto que significa: <strong>Centro Transfronteiri\u00e7o de Inova\u00e7\u00e3o Empresarial em Ecodesign na EUROACE \u2013 DEsign &amp; GReen ENgineering.<\/strong><\/p> <p style=\\\"text-align: justify;\\\"><a href=\\\"http:\/\/www.poctep.eu\/es\/inicio-2014-2020\\\" target=\\\"_blank\\\" rel=\\\"noopener\\\">Programa Operativo EP - INTERREG V A Espanha Portugal (POCTEP) 2014-2020<\/a>, com forte aposta na promo\u00e7\u00e3o do ECODESIGN no contexto da EUROACE, de forma a que este atue como alavanca de competitividade atrav\u00e9s da qual se promove a inova\u00e7\u00e3o e a transfer\u00eancia de tecnologia.<\/p> <p>&nbsp;<br \/> <center><\/p> <p>Apresenta\u00e7\u00e3o do projeto DEGREN, (Design &amp; Green ENgineering)<\/p> <p><iframe src=\\\"https:\/\/www.youtube.com\/embed\/PSDjvKDqd04\\\" width=\\\"640\\\" height=\\\"480\\\" frameborder=\\\"0\\\" allowfullscreen=\\\"allowfullscreen\\\"><\/iframe><br \/> <\/center><\/p>","_links":{"self":[{"href":"http:\/\/www.degren.eu\/index.php?rest_route=\/wp\/v2\/pages\/1613","targetHints":{"allow":["GET"]}}],"collection":[{"href":"http:\/\/www.degren.eu\/index.php?rest_route=\/wp\/v2\/pages"}],"about":[{"href":"http:\/\/www.degren.eu\/index.php?rest_route=\/wp\/v2\/types\/page"}],"author":[{"embeddable":true,"href":"http:\/\/www.degren.eu\/index.php?rest_route=\/wp\/v2\/users\/6"}],"replies":[{"embeddable":true,"href":"http:\/\/www.degren.eu\/index.php?rest_route=%2Fwp%2Fv2%2Fcomments&post=1613"}],"version-history":[{"count":20,"href":"http:\/\/www.degren.eu\/index.php?rest_route=\/wp\/v2\/pages\/1613\/revisions"}],"predecessor-version":[{"id":5423,"href":"http:\/\/www.degren.eu\/index.php?rest_route=\/wp\/v2\/pages\/1613\/revisions\/5423"}],"wp:attachment":[{"href":"http:\/\/www.degren.eu\/index.php?rest_route=%2Fwp%2Fv2%2Fmedia&parent=1613"}],"curies":[{"name":"wp","href":"https:\/\/api.w.org\/{rel}","templated":true}]}}