{"id":1310,"date":"2017-12-20T13:07:08","date_gmt":"2017-12-20T13:07:08","guid":{"rendered":"http:\/\/www.degren.eu\/index.php\/recursos-copy\/"},"modified":"2023-05-09T10:55:39","modified_gmt":"2023-05-09T08:55:39","slug":"agenda","status":"publish","type":"page","link":"http:\/\/www.degren.eu\/?page_id=1310","title":{"rendered":"AGENDA"},"content":{"rendered":"\n\n<!-- wp:themify-builder\/canvas \/-->","protected":false},"excerpt":{"rendered":"","protected":false},"author":6,"featured_media":0,"parent":0,"menu_order":0,"comment_status":"closed","ping_status":"closed","template":"","meta":{"footnotes":""},"class_list":["post-1310","page","type-page","status-publish","hentry","has-post-title","has-post-date","has-post-category","has-post-tag","has-post-comment","has-post-author",""],"builder_content":"<ul id=\"menu-menu-superior\"><li id=\"menu-item-234\"><a href=\"http:\/\/www.degren.eu\"><img src=\"http:\/\/www.degren.eu\/wp-content\/uploads\/2018\/10\/logotipo-peque\u00f1o.png\" alt=\"inicio\" width=\"400\"><\/a><\/li> <li id=\"menu-item-638\"><a href=\"http:\/\/www.degren.eu\/?page_id=11\">\u00bfQUE ES?<\/a> <ul> <li id=\"menu-item-2007\"><a href=\"http:\/\/www.degren.eu\/?page_id=11\">\u00a0\u00a0\u00bfQUE ES?<\/a><\/li> <li id=\"menu-item-639\"><a href=\"http:\/\/www.degren.eu\/?page_id=594\">\u00a0\u00a0\u00bfQUIENES SOMOS?<\/a><\/li> <li id=\"menu-item-727\"><a href=\"http:\/\/www.degren.eu\/?page_id=719\">\u00a0\u00a0RESULTADOS DEL PROYECTO<\/a><\/li> <li id=\"menu-item-5121\"><a href=\"http:\/\/www.degren.eu\/?page_id=5119\">\u00a0\u00a0\u00bfQUE DICEN DE NOSOTROS?<\/a><\/li> <li id=\"menu-item-1040\"><a href=\"http:\/\/www.degren.eu\/?page_id=1033\">\u00a0\u00a0CONTACTO<\/a><\/li> <\/ul> <\/li> <li id=\"menu-item-798\"><a href=\"http:\/\/www.degren.eu\/?page_id=791\">ECODISE\u00d1O<\/a><\/li> <li id=\"menu-item-806\"><a href=\"http:\/\/www.degren.eu\/?page_id=800\">RECURSOS<\/a> <ul> <li id=\"menu-item-2177\"><a href=\"http:\/\/www.degren.eu\/?page_id=800\">RECURSOS<\/a><\/li> <\/ul> <\/li> <li id=\"menu-item-2766\"><a href=\"http:\/\/www.degren.eu\/?page_id=2190\">NOTICIAS<\/a> <ul> <li id=\"menu-item-2768\"><a href=\"http:\/\/www.degren.eu\/?page_id=2190\">NOTICIAS<\/a><\/li> <li id=\"menu-item-2567\"><a href=\"http:\/\/www.degren.eu\/?page_id=2143\">\u00a0\u00a0NEWSLETTER<\/a><\/li> <\/ul> <\/li> <li id=\"menu-item-2767\"><a href=\"http:\/\/www.degren.eu\/?page_id=2778\">ACTIVIDADES<\/a> <ul> <li id=\"menu-item-1317\"><a href=\"http:\/\/www.degren.eu\/?page_id=1310\">\u00a0\u00a0EVENTOS<\/a><\/li> <li id=\"menu-item-4786\"><a target=\"_blank\" href=\"http:\/\/1eem.degren.eu\/\">1er EUROACE ECODESIGN MEETING<\/a><\/li> <\/ul> <\/li> <li id=\"menu-item-986\"><a href=\"#pll_switcher\">Idiomas<\/a><\/li> <\/ul>\n<a href=\"http:\/\/www.degren.eu\/?page_id=2143\"> <img src=\"http:\/\/www.degren.eu\/wp-content\/uploads\/2017\/12\/imago_manu.jpg\" title=\"imago_manu\" alt=\"imago_manu\"> <\/a>\n<table style=\"width: 328px;\"><tbody><tr><td style=\"width: 318px;\"><img src=\"http:\/\/www.degren.eu\/wp-content\/uploads\/2018\/04\/cartonlab.jpg\" alt=\"\" width=\"600\" height=\"600\" \/><\/td><\/tr><tr><td style=\"width: 318px; text-align: left;\">Premio: Dise\u00f1o Hex\u00e1gonal, geometr\u00eda natural y ecodise\u00f1o.<br \/> <strong><a href=\"http:\/\/cartonlab.com\/diseno-hexagonal-decoracion\/\" target=\"_blank\" rel=\"noopener\">+info<\/a><\/strong><\/td><\/tr><\/tbody><\/table>\n<h2 style=\"margin-bottom: -5px;\"><strong>EVENTOS<\/strong><\/h2><hr style=\"margin-bottom: 20px;\" \/><p style=\"text-align: justify;\">El proyecto DEGREN contempla la organizaci\u00f3n de m\u00faltiples actividades relacionadas con la formaci\u00f3n, el intercambio de conocimiento, y el networking entre empresas de ambos lados de la frontera.<\/p><p style=\"text-align: justify;\">Revisa la agenda de eventos para informarte de las actividades que se har\u00e1n en el marco del proyecto y participa en las charlas, los talleres y sesiones formativas que se llevar\u00e1n a cabo en los pr\u00f3ximos meses en torno al ecodise\u00f1o.<\/p><p style=\"text-align: justify;\">Si eres empresa o emprendedor con ganas de innovadora y sensibilizado\/a con el medio ambiente, no pierdas la oportunidad y participa.<\/p>\n<p>[events-calendar-templates template=\"timeline\" category=\"all\" date_format=\"default\" start_date=\"\" end_date=\"\" limit=\"10\" order=\"DESC\" hide-venue=\"no\" time=\"\" title=\"Eventos\"]<\/p>\n<ul><li><h4><p style=\"text-align:center;\">Eventos Anteriores<\/p><\/h4><p style=\"text-align: center;\">[events-calendar-templates template=\"timeline\" category=\"all\" date_format=\"default\" start_date=\"\" end_date=\"\" limit=\"100\" order=\"DESC\" hide-venue=\"no\" time=\"past\" title=\"Eventos\"]<\/p><\/li><\/ul>","_links":{"self":[{"href":"http:\/\/www.degren.eu\/index.php?rest_route=\/wp\/v2\/pages\/1310","targetHints":{"allow":["GET"]}}],"collection":[{"href":"http:\/\/www.degren.eu\/index.php?rest_route=\/wp\/v2\/pages"}],"about":[{"href":"http:\/\/www.degren.eu\/index.php?rest_route=\/wp\/v2\/types\/page"}],"author":[{"embeddable":true,"href":"http:\/\/www.degren.eu\/index.php?rest_route=\/wp\/v2\/users\/6"}],"replies":[{"embeddable":true,"href":"http:\/\/www.degren.eu\/index.php?rest_route=%2Fwp%2Fv2%2Fcomments&post=1310"}],"version-history":[{"count":122,"href":"http:\/\/www.degren.eu\/index.php?rest_route=\/wp\/v2\/pages\/1310\/revisions"}],"predecessor-version":[{"id":5413,"href":"http:\/\/www.degren.eu\/index.php?rest_route=\/wp\/v2\/pages\/1310\/revisions\/5413"}],"wp:attachment":[{"href":"http:\/\/www.degren.eu\/index.php?rest_route=%2Fwp%2Fv2%2Fmedia&parent=1310"}],"curies":[{"name":"wp","href":"https:\/\/api.w.org\/{rel}","templated":true}]}}