{"id":1207,"date":"2017-12-19T10:53:22","date_gmt":"2017-12-19T10:53:22","guid":{"rendered":"http:\/\/www.degren.eu\/index.php\/laboratorio-tecnico-copy\/"},"modified":"2018-11-16T13:45:15","modified_gmt":"2018-11-16T12:45:15","slug":"mediapress","status":"publish","type":"page","link":"http:\/\/www.degren.eu\/?page_id=1207","title":{"rendered":"MEDIA PRESS"},"content":{"rendered":"<p><!--themify_builder_static--><\/p>\n<p>[wpmegamenu menu_location=\u00bbmain-nav\u00bb backgorund-color=\u00bb#ffffff\u00bb]<\/p>\n<p> <a href=\"http:\/\/www.degren.eu\/?page_id=2143\" > <img decoding=\"async\" src=\"http:\/\/www.degren.eu\/wp-content\/uploads\/2017\/12\/imago_manu.jpg\" alt=\"imago_manu\" \/> <\/a> <\/p>\n<table style=\"width: 328px;\">\n<tbody>\n<tr>\n<td style=\"width: 318px;\"><img loading=\"lazy\" decoding=\"async\" src=\"http:\/\/www.degren.eu\/wp-content\/uploads\/2017\/12\/fabric-wrapping.jpg\" alt=\"\" width=\"600\" height=\"600\" \/><\/td>\n<\/tr>\n<tr>\n<td style=\"width: 318px; text-align: left;\">T\u00e9cnica japonesa furoshiki: una forma muy original y sostenible a la hora de envolver regalos utilizando tela. <a href=\"https:\/\/mymodernmet.com\/fabric-gift-wrap\/\" target=\"_blank\" rel=\"noopener\"><br \/><strong>+info&#8230;<\/strong><\/a><\/td>\n<\/tr>\n<\/tbody>\n<\/table>\n<p>\u00a0<\/p>\n<h2 style=\"margin-bottom: -5px;\"><strong>MEDIA PRESS<\/strong><\/h2>\n<hr style=\"margin-bottom: 20px;\" \/>\n<h3><strong>Media press<\/strong><\/h3>\n<p style=\"text-align: justify;\">A continuaci\u00f3n, les dejamos una presentaci\u00f3n y el folleto del proyecto donde podr\u00e1 conocer en mayor medida su alcance, sus objetivos, actividades y sus resultados<\/p>\n<ul>\n<li style=\"text-align: justify;\"><a href=\"http:\/\/www.degren.eu\/wp-content\/uploads\/2018\/01\/Template_Project_Presentation_DEGREN_ES.pdf\" target=\"_blank\" rel=\"noopener\"><strong>Presentaci\u00f3n del Proyecto DEGREN<\/strong><\/a><\/li>\n<li style=\"text-align: justify;\"><a href=\"http:\/\/www.degren.eu\/wp-content\/uploads\/2018\/11\/FLYER_DEF_ES_web.pdf\" target=\"_blank\" rel=\"noopener\"><strong>Folleto del Proyecto DEGREN<\/strong><\/a><\/li>\n<\/ul>\n<p style=\"text-align: justify;\">En el siguiente enlace se presentan los logos del proyecto para que puedan ser utilizados para cualquier actividad de comunicaci\u00f3n. <a href=\"http:\/\/www.degren.eu\/wp-content\/uploads\/2018\/01\/LOGOTIPOS_DEGREN.rar\"><strong>DEGREN Logos<\/strong><\/a><\/p>\n<p style=\"text-align: justify;\">Para qualquier informaci\u00f3n adicional, puede ponerse en contacto a trav\u00e9s del correo <a href=\"mailto:com@degren.eu\">com@degren.eu<\/a><\/p>\n<p><!--\/themify_builder_static--><\/p>\n","protected":false},"excerpt":{"rendered":"<p>[wpmegamenu menu_location=\u00bbmain-nav\u00bb backgorund-color=\u00bb#ffffff\u00bb] T\u00e9cnica japonesa furoshiki: una forma muy original y sostenible a la hora de envolver regalos utilizando tela. +info&#8230; \u00a0 MEDIA PRESS Media press A continuaci\u00f3n, les dejamos [&hellip;]<\/p>\n","protected":false},"author":6,"featured_media":0,"parent":0,"menu_order":0,"comment_status":"closed","ping_status":"closed","template":"","meta":{"footnotes":""},"class_list":["post-1207","page","type-page","status-publish","hentry","has-post-title","has-post-date","has-post-category","has-post-tag","has-post-comment","has-post-author",""],"builder_content":"<p>[wpmegamenu menu_location=\\\"main-nav\\\" backgorund-color=\\\"#ffffff\\\"]<\/p>\n<a href=\"http:\/\/www.degren.eu\/?page_id=2143\"> <img src=\"http:\/\/www.degren.eu\/wp-content\/uploads\/2017\/12\/imago_manu.jpg\" title=\"imago_manu\" alt=\"imago_manu\"> <\/a>\n<table class=\\\" aligncenter\\\" style=\\\"width: 328px;\\\"><tbody><tr><td style=\\\"width: 318px;\\\"><img class=\\\"aligncenter wp-image-1366 size-full\\\" src=\\\"http:\/\/www.degren.eu\/wp-content\/uploads\/2017\/12\/fabric-wrapping.jpg\\\" alt=\\\"\\\" width=\\\"600\\\" height=\\\"600\\\" \/><\/td><\/tr><tr><td style=\\\"width: 318px; text-align: left;\\\">T\u00e9cnica japonesa furoshiki: una forma muy original y sostenible a la hora de envolver regalos utilizando tela. <a href=\\\"https:\/\/mymodernmet.com\/fabric-gift-wrap\/\\\" target=\\\"_blank\\\" rel=\\\"noopener\\\"><br \/><strong>+info...<\/strong><\/a><\/td><\/tr><\/tbody><\/table><p>\u00a0<\/p>\n<h2 style=\\\"margin-bottom: -5px;\\\"><strong>MEDIA PRESS<\/strong><\/h2><hr style=\\\"margin-bottom: 20px;\\\" \/><h3><strong>Media press<\/strong><\/h3><p style=\\\"text-align: justify;\\\">A continuaci\u00f3n, les dejamos una presentaci\u00f3n y el folleto del proyecto donde podr\u00e1 conocer en mayor medida su alcance, sus objetivos, actividades y sus resultados<\/p><ul><li style=\\\"text-align: justify;\\\"><a href=\\\"http:\/\/www.degren.eu\/wp-content\/uploads\/2018\/01\/Template_Project_Presentation_DEGREN_ES.pdf\\\" target=\\\"_blank\\\" rel=\\\"noopener\\\"><strong>Presentaci\u00f3n del Proyecto DEGREN<\/strong><\/a><\/li><li style=\\\"text-align: justify;\\\"><a href=\\\"http:\/\/www.degren.eu\/wp-content\/uploads\/2018\/11\/FLYER_DEF_ES_web.pdf\\\" target=\\\"_blank\\\" rel=\\\"noopener\\\"><strong>Folleto del Proyecto DEGREN<\/strong><\/a><\/li><\/ul><p style=\\\"text-align: justify;\\\">En el siguiente enlace se presentan los logos del proyecto para que puedan ser utilizados para cualquier actividad de comunicaci\u00f3n. <a href=\\\"http:\/\/www.degren.eu\/wp-content\/uploads\/2018\/01\/LOGOTIPOS_DEGREN.rar\\\"><strong>DEGREN Logos<\/strong><\/a><\/p><p style=\\\"text-align: justify;\\\">Para qualquier informaci\u00f3n adicional, puede ponerse en contacto a trav\u00e9s del correo <a href=\\\"mailto:com@degren.eu\\\">com@degren.eu<\/a><\/p>","_links":{"self":[{"href":"http:\/\/www.degren.eu\/index.php?rest_route=\/wp\/v2\/pages\/1207","targetHints":{"allow":["GET"]}}],"collection":[{"href":"http:\/\/www.degren.eu\/index.php?rest_route=\/wp\/v2\/pages"}],"about":[{"href":"http:\/\/www.degren.eu\/index.php?rest_route=\/wp\/v2\/types\/page"}],"author":[{"embeddable":true,"href":"http:\/\/www.degren.eu\/index.php?rest_route=\/wp\/v2\/users\/6"}],"replies":[{"embeddable":true,"href":"http:\/\/www.degren.eu\/index.php?rest_route=%2Fwp%2Fv2%2Fcomments&post=1207"}],"version-history":[{"count":42,"href":"http:\/\/www.degren.eu\/index.php?rest_route=\/wp\/v2\/pages\/1207\/revisions"}],"predecessor-version":[{"id":3742,"href":"http:\/\/www.degren.eu\/index.php?rest_route=\/wp\/v2\/pages\/1207\/revisions\/3742"}],"wp:attachment":[{"href":"http:\/\/www.degren.eu\/index.php?rest_route=%2Fwp%2Fv2%2Fmedia&parent=1207"}],"curies":[{"name":"wp","href":"https:\/\/api.w.org\/{rel}","templated":true}]}}