{"id":11,"date":"2017-10-27T05:31:09","date_gmt":"2017-10-27T05:31:09","guid":{"rendered":"http:\/\/www.degren.eu\/?page_id=11"},"modified":"2024-02-08T11:09:01","modified_gmt":"2024-02-08T10:09:01","slug":"que_es","status":"publish","type":"page","link":"http:\/\/www.degren.eu\/?page_id=11","title":{"rendered":"\u00bfQUE ES?"},"content":{"rendered":"<!-- wp:themify-builder\/canvas \/-->","protected":false},"excerpt":{"rendered":"","protected":false},"author":6,"featured_media":0,"parent":0,"menu_order":0,"comment_status":"closed","ping_status":"closed","template":"","meta":{"footnotes":""},"class_list":["post-11","page","type-page","status-publish","hentry","has-post-title","has-post-date","has-post-category","has-post-tag","has-post-comment","has-post-author",""],"builder_content":"<ul id=\"menu-menu-superior\"><li id=\"menu-item-234\"><a href=\"http:\/\/www.degren.eu\"><img src=\"http:\/\/www.degren.eu\/wp-content\/uploads\/2018\/10\/logotipo-peque\u00f1o.png\" alt=\"inicio\" width=\"400\"><\/a><\/li> <li id=\"menu-item-638\"><a href=\"http:\/\/www.degren.eu\/?page_id=11\">\u00bfQUE ES?<\/a> <ul> <li id=\"menu-item-2007\"><a href=\"http:\/\/www.degren.eu\/?page_id=11\">\u00a0\u00a0\u00bfQUE ES?<\/a><\/li> <li id=\"menu-item-639\"><a href=\"http:\/\/www.degren.eu\/?page_id=594\">\u00a0\u00a0\u00bfQUIENES SOMOS?<\/a><\/li> <li id=\"menu-item-727\"><a href=\"http:\/\/www.degren.eu\/?page_id=719\">\u00a0\u00a0RESULTADOS DEL PROYECTO<\/a><\/li> <li id=\"menu-item-5121\"><a href=\"http:\/\/www.degren.eu\/?page_id=5119\">\u00a0\u00a0\u00bfQUE DICEN DE NOSOTROS?<\/a><\/li> <li id=\"menu-item-1040\"><a href=\"http:\/\/www.degren.eu\/?page_id=1033\">\u00a0\u00a0CONTACTO<\/a><\/li> <\/ul> <\/li> <li id=\"menu-item-798\"><a href=\"http:\/\/www.degren.eu\/?page_id=791\">ECODISE\u00d1O<\/a><\/li> <li id=\"menu-item-806\"><a href=\"http:\/\/www.degren.eu\/?page_id=800\">RECURSOS<\/a> <ul> <li id=\"menu-item-2177\"><a href=\"http:\/\/www.degren.eu\/?page_id=800\">RECURSOS<\/a><\/li> <\/ul> <\/li> <li id=\"menu-item-2766\"><a href=\"http:\/\/www.degren.eu\/?page_id=2190\">NOTICIAS<\/a> <ul> <li id=\"menu-item-2768\"><a href=\"http:\/\/www.degren.eu\/?page_id=2190\">NOTICIAS<\/a><\/li> <li id=\"menu-item-2567\"><a href=\"http:\/\/www.degren.eu\/?page_id=2143\">\u00a0\u00a0NEWSLETTER<\/a><\/li> <\/ul> <\/li> <li id=\"menu-item-2767\"><a href=\"http:\/\/www.degren.eu\/?page_id=2778\">ACTIVIDADES<\/a> <ul> <li id=\"menu-item-1317\"><a href=\"http:\/\/www.degren.eu\/?page_id=1310\">\u00a0\u00a0EVENTOS<\/a><\/li> <li id=\"menu-item-4786\"><a target=\"_blank\" href=\"http:\/\/1eem.degren.eu\/\">1er EUROACE ECODESIGN MEETING<\/a><\/li> <\/ul> <\/li> <li id=\"menu-item-986\"><a href=\"#pll_switcher\">Idiomas<\/a><\/li> <\/ul>\n<a href=\"http:\/\/www.degren.eu\/?page_id=2143\"> <img src=\"http:\/\/www.degren.eu\/wp-content\/uploads\/2017\/12\/imago_manu.jpg\" title=\"imago_manu\" alt=\"imago_manu\"> <\/a>\n<table> <tbody> <tr> <td><img src=\"http:\/\/www.degren.eu\/wp-content\/uploads\/2017\/12\/trofeo.jpg\" alt=\"\" width=\"600\" height=\"600\" \/><\/td> <\/tr> <tr> <td>Trofeo: Premios Ciencias Ambientales, dise\u00f1ado por Lucio Traficante e impreso, con criterios de sostenibilidad, en impresora 3D. <a href=\"https:\/\/www.coamb.cat\/es\/actualidad-coamb\/el-coamb-finalista-del-premio-cataluna-de-ecodiseno\/\" target=\"_blank\" rel=\"noopener\"><strong>+info<\/strong><\/a><\/td> <\/tr> <\/tbody> <\/table> <p>&nbsp;<\/p>\n<h2><strong>\u00bfQUE ES?<\/strong><\/h2> <hr \/> <p><strong>DEGREN<\/strong> es el Acr\u00f3nimo del Proyecto, cuyo significado es: <strong>Centro Transfronterizo de Innovaci\u00f3n Empresarial en Ecodise\u00f1o en la EUROACE \u2013 Design &amp; Green ENgineering<\/strong>.<\/p> <p>Se trata de un proyecto aprobado en la primera convocatoria del <a href=\"http:\/\/www.poctep.eu\/es\/inicio-2014-2020\\\" target=\"_blank\" rel=\"noopener\">Programa Operativo EP - INTERREG V A Espa\u00f1a Portugal (POCTEP) 2014-2020<\/a>, y se plantea como una apuesta decidida por la promoci\u00f3n del ECODISE\u00d1O en el contexto de la EUROACE, de forma que act\u00fae como palanca de competitividad mediante la que potenciar la innovaci\u00f3n y la transferencia de tecnolog\u00eda.<\/p> <p>&nbsp;<\/p> <p>&nbsp;<\/p> <p><center><\/center><\/p> <p>Presentaci\u00f3n del proyecto DEGREN, (Design &amp; Green ENgineering)<\/p> <p><iframe src=\"https:\/\/www.youtube.com\/embed\/yvrItMRxUO4\" width=\"640\" height=\"480\" frameborder=\"0\" allowfullscreen=\"allowfullscreen\"><\/iframe><\/p>","_links":{"self":[{"href":"http:\/\/www.degren.eu\/index.php?rest_route=\/wp\/v2\/pages\/11","targetHints":{"allow":["GET"]}}],"collection":[{"href":"http:\/\/www.degren.eu\/index.php?rest_route=\/wp\/v2\/pages"}],"about":[{"href":"http:\/\/www.degren.eu\/index.php?rest_route=\/wp\/v2\/types\/page"}],"author":[{"embeddable":true,"href":"http:\/\/www.degren.eu\/index.php?rest_route=\/wp\/v2\/users\/6"}],"replies":[{"embeddable":true,"href":"http:\/\/www.degren.eu\/index.php?rest_route=%2Fwp%2Fv2%2Fcomments&post=11"}],"version-history":[{"count":175,"href":"http:\/\/www.degren.eu\/index.php?rest_route=\/wp\/v2\/pages\/11\/revisions"}],"predecessor-version":[{"id":5472,"href":"http:\/\/www.degren.eu\/index.php?rest_route=\/wp\/v2\/pages\/11\/revisions\/5472"}],"wp:attachment":[{"href":"http:\/\/www.degren.eu\/index.php?rest_route=%2Fwp%2Fv2%2Fmedia&parent=11"}],"curies":[{"name":"wp","href":"https:\/\/api.w.org\/{rel}","templated":true}]}}